{"id":852,"date":"2018-07-11T11:33:10","date_gmt":"2018-07-11T11:33:10","guid":{"rendered":"http:\/\/www.visualcounter.com\/web\/?page_id=852"},"modified":"2019-02-21T08:56:00","modified_gmt":"2019-02-21T08:56:00","slug":"vc-vision-2d-3d","status":"publish","type":"page","link":"https:\/\/www.visualcounter.com\/web\/soluciones\/vc-vision-2d-3d\/","title":{"rendered":"VC.VISION-2D\/3D"},"content":{"rendered":"[vc_row css_animation=&#8221;&#8221; row_type=&#8221;row&#8221; use_row_as_full_screen_section=&#8221;no&#8221; type=&#8221;grid&#8221; angled_section=&#8221;no&#8221; text_align=&#8221;left&#8221; background_image_as_pattern=&#8221;without_pattern&#8221; el_class=&#8221;section_soluciones&#8221;][vc_column][vc_widget_sidebar sidebar_id=&#8221;Menu Soluciones&#8221; el_class=&#8221;menu_soluciones&#8221;][vc_row_inner row_type=&#8221;row&#8221; type=&#8221;full_width&#8221; text_align=&#8221;left&#8221; css_animation=&#8221;&#8221; el_class=&#8221;section_soluciones-productos&#8221;][vc_column_inner width=&#8221;1\/2&#8243;][vc_single_image image=&#8221;1184&#8243; img_size=&#8221;full&#8221; qode_css_animation=&#8221;&#8221;][\/vc_column_inner][vc_column_inner width=&#8221;1\/2&#8243;][vc_column_text]\n<h3>VC.VISION-2D\/2D-Lite\/3D<\/h3>\n[\/vc_column_text][vc_column_text]<strong>Conteo de personas de alta precisi\u00f3n<\/strong> sin la necesidad de ning\u00fan elemento mec\u00e1nico externo<\/p>\n<p>Diferentes tecnolog\u00edas (2D \/ 3D-est\u00e9reo) para ofrecer una soluci\u00f3n a medida de las necesidades de cada cliente[\/vc_column_text]<a id=\"button_folleto\" itemprop=\"url\" href=\"http:\/\/www.visualcounter.com\/web\/wp-content\/uploads\/2019\/02\/Folleto-VisualCounter.Vision_MK-BR-020.02-ES.pdf\" target=\"_blank\"  class=\"qbutton  small default\" style=\"\">FOLLETO<i class=\"qode_icon_font_awesome fa fa-download qode_button_icon_element\" style=\"\" ><\/i><\/a>[\/vc_column_inner][\/vc_row_inner][\/vc_column][\/vc_row][vc_row css_animation=&#8221;&#8221; row_type=&#8221;row&#8221; use_row_as_full_screen_section=&#8221;no&#8221; type=&#8221;grid&#8221; angled_section=&#8221;no&#8221; text_align=&#8221;left&#8221; background_image_as_pattern=&#8221;without_pattern&#8221; background_color=&#8221;#e3e3e3&#8243; el_class=&#8221;section_caracteristicas&#8221;][vc_column width=&#8221;1\/3&#8243;][vc_column_text el_class=&#8221;modulo_caracteristica&#8221;]<strong>Tecnolog\u00eda 2D-3D de \u00faltima generaci\u00f3n<\/strong><br \/>\nSistemas patentados de conteo de personas bidireccional de alta eficiencia certificada incluso con multitudes, dise\u00f1ado con\u00a0algoritmos de visi\u00f3n artificial 2D basados en \u2018redes neuronales\u2019[\/vc_column_text][vc_column_text el_class=&#8221;modulo_caracteristica&#8221;]<strong>Variedad de interfaces de comunicaciones<\/strong><br \/>\nGesti\u00f3n remota con comunicaciones IP (Ethernet, WiFi, 3G\/4G)[\/vc_column_text][vc_column_text el_class=&#8221;modulo_caracteristica&#8221;]<strong>Novedoso dise\u00f1o integr\u00e1ndose con el entorno<\/strong><br \/>\n\u201cInvisible\u201d para el cliente instalado cenitalmente, con variedad de carcasas adaptables a cualquier entorno arquitect\u00f3nico[\/vc_column_text][\/vc_column][vc_column width=&#8221;1\/3&#8243;][vc_column_text el_class=&#8221;modulo_caracteristica&#8221;]<strong>Almacenamiento interno de datos hist\u00f3ricos<\/strong><br \/>\nLos datos de afluencia (entradas y salidas) permanecen en memoria mapeados en una tabla de d\u00edas disponibles hasta un m\u00e1ximo de 30 (cada 5 minutos) o 10 (cada 1 minuto)[\/vc_column_text][vc_column_text el_class=&#8221;modulo_caracteristica&#8221;]<strong>Adaptaci\u00f3n autom\u00e1tica al escenario<\/strong><br \/>\nSe adapta autom\u00e1ticamente a cambios de escenario en la zona de monitorizaci\u00f3n y conteo, no siendo necesario reparametrizar los dispositivos al variar el entorno de funcionamiento[\/vc_column_text][\/vc_column][vc_column width=&#8221;1\/3&#8243;][vc_column_text el_class=&#8221;modulo_caracteristica&#8221;]<strong>Control riguroso de los sistemas<\/strong><br \/>\nDetecci\u00f3n de situaciones an\u00f3malas y env\u00edo de alarmas[\/vc_column_text][vc_column_text el_class=&#8221;modulo_caracteristica&#8221;]<strong>F\u00e1cil integraci\u00f3n de datos<\/strong><br \/>\nIntegraci\u00f3n flexible de datos con todos los perfiles de cliente (csv, xml, web services)[\/vc_column_text][vc_column_text el_class=&#8221;modulo_caracteristica modulo_caracteristica-ultimo&#8221;]<strong>Gesti\u00f3n centralizada<\/strong><br \/>\nN\u00famero ilimitado de dispositivos gestionados desde un solo servidor centralizado en la nube o corporativo en la intranet, a trav\u00e9s de la aplicaci\u00f3n web de gesti\u00f3n estad\u00edstica <span style=\"color: #003fa2;\">VC.i-Stats<\/span>[\/vc_column_text][\/vc_column][\/vc_row][vc_row css_animation=&#8221;&#8221; row_type=&#8221;row&#8221; use_row_as_full_screen_section=&#8221;no&#8221; type=&#8221;grid&#8221; angled_section=&#8221;no&#8221; text_align=&#8221;left&#8221; background_image_as_pattern=&#8221;without_pattern&#8221; background_color=&#8221;#ffffff&#8221; el_class=&#8221;section_title&#8221;][vc_column][vc_column_text]\n<h1><strong>ANAL\u00cdTICA DE FLUJO DE CLIENTES EN ZONAS COMERCIALES<\/strong><\/h1>\n[\/vc_column_text][\/vc_column][\/vc_row][vc_row css_animation=&#8221;&#8221; row_type=&#8221;row&#8221; use_row_as_full_screen_section=&#8221;no&#8221; type=&#8221;grid&#8221; angled_section=&#8221;no&#8221; text_align=&#8221;left&#8221; background_image_as_pattern=&#8221;without_pattern&#8221; background_color=&#8221;#ffffff&#8221; el_class=&#8221;section_iconos&#8221;][vc_column width=&#8221;1\/3&#8243;][vc_single_image image=&#8221;1038&#8243; img_size=&#8221;full&#8221; alignment=&#8221;center&#8221; qode_css_animation=&#8221;&#8221;][vc_column_text]\n<h3 class=\"icon_title\">Maximizar la relaci\u00f3n clientes \/ visitantes<\/h3>\n[\/vc_column_text][vc_column_text]Patrones de afluencia diarios \/ semanales \/ mensuales<br \/>\nReducci\u00f3n proactiva de salidas sin compra<br \/>\nOptimizaci\u00f3n de tiempos de espera de clientes<br \/>\nInfluencia meteorol\u00f3gica[\/vc_column_text][\/vc_column][vc_column width=&#8221;1\/3&#8243;][vc_single_image image=&#8221;1052&#8243; img_size=&#8221;full&#8221; alignment=&#8221;center&#8221; qode_css_animation=&#8221;&#8221;][vc_column_text]\n<h3>Rentabilizar planes de marketing<\/h3>\n[\/vc_column_text][vc_column_text el_class=&#8221;section_caracteristicas-lista&#8221;]Impacto de promociones, publicidad..<br \/>\nMedida de la audiencia de canales de publicidad<br \/>\nHorarios adaptados a diferentes perfiles de cliente<br \/>\nGesti\u00f3n del alquiler de las zonas comerciales<br \/>\nDescuentos en horas de poca afluencia[\/vc_column_text][\/vc_column][vc_column width=&#8221;1\/3&#8243;][vc_single_image image=&#8221;1044&#8243; img_size=&#8221;full&#8221; alignment=&#8221;center&#8221; qode_css_animation=&#8221;&#8221;][vc_column_text]\n<h3 class=\"icon_title\">Optimizar costes de operaci\u00f3n<\/h3>\n[\/vc_column_text][vc_column_text el_class=&#8221;section_caracteristicas-lista&#8221;]Gesti\u00f3n \u00f3ptima de plantilla y stock<br \/>\nComparativas entre tiendas, marcas, regiones&#8230;<br \/>\nMedir el impacto de apertura\/cierre de tiendas propias o de la competencia<br \/>\nGesti\u00f3n de recursos energ\u00e9ticos, limpieza y seguridad con patrones de afluencia<br \/>\nEvitar la acumulaci\u00f3n de largas filas en las cajas de pago[\/vc_column_text][\/vc_column][\/vc_row][vc_row css_animation=&#8221;&#8221; row_type=&#8221;row&#8221; use_row_as_full_screen_section=&#8221;no&#8221; type=&#8221;grid&#8221; angled_section=&#8221;no&#8221; text_align=&#8221;left&#8221; background_image_as_pattern=&#8221;without_pattern&#8221; el_class=&#8221;section_title&#8221;][vc_column][vc_column_text el_class=&#8221;section_subtitle_title_text-title&#8221;]\n<h1><strong>ARQUITECTURA FUNCIONAL<\/strong><\/h1>\n[\/vc_column_text][vc_empty_space][vc_single_image image=&#8221;254&#8243; img_size=&#8221;full&#8221; alignment=&#8221;center&#8221; qode_css_animation=&#8221;&#8221;][\/vc_column][\/vc_row][vc_row css_animation=&#8221;&#8221; row_type=&#8221;row&#8221; use_row_as_full_screen_section=&#8221;no&#8221; type=&#8221;grid&#8221; angled_section=&#8221;no&#8221; text_align=&#8221;left&#8221; background_image_as_pattern=&#8221;without_pattern&#8221; background_color=&#8221;#e3e3e3&#8243; el_class=&#8221;section_title&#8221;][vc_column][vc_column_text el_class=&#8221;section_subtitle_title_text-title&#8221;]\n<h1><strong>HERRAMIENTAS SOFTWARE<br \/>\n<\/strong><strong>ASOCIADAS DE\u00a0ANAL\u00cdTICA<\/strong><\/h1>\n[\/vc_column_text][\/vc_column][\/vc_row][vc_row css_animation=&#8221;&#8221; row_type=&#8221;row&#8221; use_row_as_full_screen_section=&#8221;no&#8221; type=&#8221;grid&#8221; angled_section=&#8221;no&#8221; text_align=&#8221;left&#8221; background_image_as_pattern=&#8221;without_pattern&#8221; background_color=&#8221;#e3e3e3&#8243; el_class=&#8221;section_dosColumnas&#8221;][vc_column width=&#8221;1\/2&#8243;][\/vc_column][vc_column width=&#8221;1\/2&#8243;][vc_column_text]\n<h3>VC.i.STATS<\/h3>\n[\/vc_column_text][vc_column_text]Herramienta web anal\u00edtica de gesti\u00f3n centralizada de datos de afluencia, flujo e indicadores de su negocio[\/vc_column_text]<a  itemprop=\"url\" href=\"http:\/\/www.visualcounter.com\/web\/soluciones\/software\/\" target=\"_self\"  class=\"qbutton  small default\" style=\"\">VER M\u00c1S<\/a>[\/vc_column][\/vc_row][vc_row css_animation=&#8221;&#8221; row_type=&#8221;row&#8221; use_row_as_full_screen_section=&#8221;no&#8221; type=&#8221;grid&#8221; angled_section=&#8221;no&#8221; text_align=&#8221;left&#8221; background_image_as_pattern=&#8221;without_pattern&#8221; background_color=&#8221;#e3e3e3&#8243; el_class=&#8221;section_dosColumnas section_dosColumnas_invertida&#8221;][vc_column width=&#8221;1\/2&#8243;][\/vc_column][vc_column width=&#8221;1\/2&#8243;][vc_column_text]\n<h3>VC.DASHBOARD<\/h3>\n[\/vc_column_text][vc_column_text]Dashboard web de anal\u00edtica de gesti\u00f3n de KPIs de afluencia, flujo, comportamiento de clientes y ratios de negocio[\/vc_column_text]<a  itemprop=\"url\" href=\"http:\/\/www.visualcounter.com\/web\/soluciones\/vcdashboard\/\" target=\"_self\"  class=\"qbutton  small default\" style=\"\">VER M\u00c1S<\/a>[\/vc_column][\/vc_row][vc_row css_animation=&#8221;&#8221; row_type=&#8221;row&#8221; use_row_as_full_screen_section=&#8221;no&#8221; type=&#8221;grid&#8221; angled_section=&#8221;no&#8221; text_align=&#8221;left&#8221; background_image_as_pattern=&#8221;without_pattern&#8221; background_color=&#8221;#e3e3e3&#8243; el_class=&#8221;section_dosColumnas&#8221;][vc_column width=&#8221;1\/2&#8243;][\/vc_column][vc_column width=&#8221;1\/2&#8243;][vc_column_text]\n<h3>VC.CLEAN.MANAGER<\/h3>\n[\/vc_column_text][vc_column_text]Herramienta de gesti\u00f3n de eventos de limpieza en aseos de zonas comerciales y de negocio para optimizar la atenci\u00f3n al cliente y la log\u00edstica de los recursos de limpieza[\/vc_column_text]<a  itemprop=\"url\" href=\"http:\/\/www.visualcounter.com\/web\/soluciones\/vc-clean-manager\/\" target=\"_self\"  class=\"qbutton  small default\" style=\"\">VER M\u00c1S<\/a>[\/vc_column][\/vc_row][vc_row css_animation=&#8221;&#8221; row_type=&#8221;row&#8221; use_row_as_full_screen_section=&#8221;no&#8221; type=&#8221;grid&#8221; angled_section=&#8221;no&#8221; text_align=&#8221;left&#8221; background_image_as_pattern=&#8221;without_pattern&#8221; background_color=&#8221;#e3e3e3&#8243; el_class=&#8221;section_dosColumnas section_dosColumnas_invertida&#8221;][vc_column width=&#8221;1\/2&#8243;][\/vc_column][vc_column width=&#8221;1\/2&#8243;][vc_column_text]\n<h3>VC.CHECKOUT.MANAGER<\/h3>\n[\/vc_column_text][vc_column_text]Dashboard web de anal\u00edtica de gesti\u00f3n de KPIs de afluencia, flujo, comportamiento de clientes y ratios de negocio[\/vc_column_text]<a  itemprop=\"url\" href=\"http:\/\/www.visualcounter.com\/web\/soluciones\/vc-checkout-manager\/\" target=\"_self\"  class=\"qbutton  small default\" style=\"\">VER M\u00c1S<\/a>[\/vc_column][\/vc_row][vc_row css_animation=&#8221;&#8221; row_type=&#8221;row&#8221; use_row_as_full_screen_section=&#8221;no&#8221; type=&#8221;grid&#8221; angled_section=&#8221;no&#8221; text_align=&#8221;left&#8221; background_image_as_pattern=&#8221;without_pattern&#8221; background_color=&#8221;#e3e3e3&#8243; el_class=&#8221;section_title&#8221;][vc_column][vc_column_text el_class=&#8221;section_subtitle_title_text-title&#8221;]\n<h1><strong>ACCESORIOS DE LA SOLUCI\u00d3N<\/strong><\/h1>\n[\/vc_column_text][\/vc_column][\/vc_row][vc_row css_animation=&#8221;&#8221; row_type=&#8221;row&#8221; use_row_as_full_screen_section=&#8221;no&#8221; type=&#8221;full_width&#8221; angled_section=&#8221;no&#8221; text_align=&#8221;left&#8221; background_image_as_pattern=&#8221;without_pattern&#8221; background_color=&#8221;#e3e3e3&#8243; el_class=&#8221;PersonalSlider PersonalSlider1 PersonalSliderProductos&#8221; css=&#8221;.vc_custom_1547128121348{padding-bottom: 50px !important;}&#8221;][vc_column][vc_row_inner row_type=&#8221;row&#8221; type=&#8221;full_width&#8221; text_align=&#8221;left&#8221; css_animation=&#8221;&#8221; el_class=&#8221;PersonalSlider-item&#8221;][vc_column_inner width=&#8221;1\/2&#8243;][vc_single_image image=&#8221;154&#8243; img_size=&#8221;full&#8221; qode_css_animation=&#8221;&#8221;][\/vc_column_inner][vc_column_inner width=&#8221;1\/2&#8243;][vc_column_text]\n<h3>VC.VISION.RFID<\/h3>\n[\/vc_column_text][vc_column_text]Lector RFID para la identificaci\u00f3n de empleados y validaci\u00f3n de eventos de acceso o limpieza de aseos[\/vc_column_text]<a  itemprop=\"url\" href=\"http:\/\/www.visualcounter.com\/web\/wp-content\/uploads\/2018\/10\/Folleto-VisualCounter.Vision.RFID_ES.pdf\" target=\"_self\"  class=\"qbutton  small default\" style=\"\">VER M\u00c1S<\/a>[\/vc_column_inner][\/vc_row_inner][vc_raw_html el_class=&#8221;menu_productos&#8221;]JTNDdWwlM0UlMEElM0NsaSUyMGNsYXNzJTNEJTIybWVudS1zbGlkZS1hY3RpdmUlMjIlMjBpZCUzRCUyMm1lbnUtc2xpZGUxJTIyJTNFVkMuVklTSU9OLlJGSUQlM0MlMkZsaSUzRSUwQSUzQyUyRnVsJTNF[\/vc_raw_html][\/vc_column][\/vc_row]\n","protected":false},"excerpt":{"rendered":"<p>[vc_row css_animation=&#8221;&#8221; row_type=&#8221;row&#8221; use_row_as_full_screen_section=&#8221;no&#8221; type=&#8221;grid&#8221; angled_section=&#8221;no&#8221; text_align=&#8221;left&#8221; background_image_as_pattern=&#8221;without_pattern&#8221; el_class=&#8221;section_soluciones&#8221;][vc_column][vc_widget_sidebar sidebar_id=&#8221;Menu Soluciones&#8221; el_class=&#8221;menu_soluciones&#8221;][vc_row_inner row_type=&#8221;row&#8221; type=&#8221;full_width&#8221; text_align=&#8221;left&#8221; css_animation=&#8221;&#8221; el_class=&#8221;section_soluciones-productos&#8221;][vc_column_inner width=&#8221;1\/2&#8243;][vc_single_image image=&#8221;1184&#8243; img_size=&#8221;full&#8221; qode_css_animation=&#8221;&#8221;][\/vc_column_inner][vc_column_inner width=&#8221;1\/2&#8243;][vc_column_text] VC.VISION-2D\/2D-Lite\/3D [\/vc_column_text][vc_column_text]Conteo de personas de alta precisi\u00f3n sin la necesidad de ning\u00fan elemento mec\u00e1nico externo Diferentes tecnolog\u00edas (2D \/ 3D-est\u00e9reo) para ofrecer una&#8230;<\/p>\n","protected":false},"author":1,"featured_media":0,"parent":198,"menu_order":0,"comment_status":"closed","ping_status":"closed","template":"full_width.php","meta":{"inline_featured_image":false,"_monsterinsights_skip_tracking":false,"_monsterinsights_sitenote_active":false,"_monsterinsights_sitenote_note":"","_monsterinsights_sitenote_category":0,"footnotes":""},"class_list":["post-852","page","type-page","status-publish","hentry"],"yoast_head":"<!-- This site is optimized with the Yoast SEO plugin v23.7 - https:\/\/yoast.com\/wordpress\/plugins\/seo\/ -->\n<title>VC.VISION-2D\/3D - Visual Counter<\/title>\n<meta name=\"robots\" content=\"index, follow, max-snippet:-1, max-image-preview:large, max-video-preview:-1\" \/>\n<link rel=\"canonical\" href=\"https:\/\/www.visualcounter.com\/web\/soluciones\/vc-vision-2d-3d\/\" \/>\n<meta property=\"og:locale\" content=\"es_ES\" \/>\n<meta property=\"og:type\" content=\"article\" \/>\n<meta property=\"og:title\" content=\"VC.VISION-2D\/3D - Visual Counter\" \/>\n<meta property=\"og:description\" content=\"[vc_row css_animation=&#8221;&#8221; row_type=&#8221;row&#8221; use_row_as_full_screen_section=&#8221;no&#8221; type=&#8221;grid&#8221; angled_section=&#8221;no&#8221; text_align=&#8221;left&#8221; background_image_as_pattern=&#8221;without_pattern&#8221; el_class=&#8221;section_soluciones&#8221;][vc_column][vc_widget_sidebar sidebar_id=&#8221;Menu Soluciones&#8221; el_class=&#8221;menu_soluciones&#8221;][vc_row_inner row_type=&#8221;row&#8221; type=&#8221;full_width&#8221; text_align=&#8221;left&#8221; css_animation=&#8221;&#8221; el_class=&#8221;section_soluciones-productos&#8221;][vc_column_inner width=&#8221;1\/2&#8243;][vc_single_image image=&#8221;1184&#8243; img_size=&#8221;full&#8221; qode_css_animation=&#8221;&#8221;][\/vc_column_inner][vc_column_inner width=&#8221;1\/2&#8243;][vc_column_text] VC.VISION-2D\/2D-Lite\/3D [\/vc_column_text][vc_column_text]Conteo de personas de alta precisi\u00f3n sin la necesidad de ning\u00fan elemento mec\u00e1nico externo Diferentes tecnolog\u00edas (2D \/ 3D-est\u00e9reo) para ofrecer una...\" \/>\n<meta property=\"og:url\" content=\"https:\/\/www.visualcounter.com\/web\/soluciones\/vc-vision-2d-3d\/\" \/>\n<meta property=\"og:site_name\" content=\"Visual Counter\" \/>\n<meta property=\"article:modified_time\" content=\"2019-02-21T08:56:00+00:00\" \/>\n<meta name=\"twitter:card\" content=\"summary_large_image\" \/>\n<meta name=\"twitter:label1\" content=\"Tiempo de lectura\" \/>\n\t<meta name=\"twitter:data1\" content=\"8 minutos\" \/>\n<script type=\"application\/ld+json\" class=\"yoast-schema-graph\">{\"@context\":\"https:\/\/schema.org\",\"@graph\":[{\"@type\":\"WebPage\",\"@id\":\"https:\/\/www.visualcounter.com\/web\/soluciones\/vc-vision-2d-3d\/\",\"url\":\"https:\/\/www.visualcounter.com\/web\/soluciones\/vc-vision-2d-3d\/\",\"name\":\"VC.VISION-2D\/3D - Visual Counter\",\"isPartOf\":{\"@id\":\"https:\/\/www.visualcounter.com\/web\/#website\"},\"datePublished\":\"2018-07-11T11:33:10+00:00\",\"dateModified\":\"2019-02-21T08:56:00+00:00\",\"breadcrumb\":{\"@id\":\"https:\/\/www.visualcounter.com\/web\/soluciones\/vc-vision-2d-3d\/#breadcrumb\"},\"inLanguage\":\"es\",\"potentialAction\":[{\"@type\":\"ReadAction\",\"target\":[\"https:\/\/www.visualcounter.com\/web\/soluciones\/vc-vision-2d-3d\/\"]}]},{\"@type\":\"BreadcrumbList\",\"@id\":\"https:\/\/www.visualcounter.com\/web\/soluciones\/vc-vision-2d-3d\/#breadcrumb\",\"itemListElement\":[{\"@type\":\"ListItem\",\"position\":1,\"name\":\"Portada\",\"item\":\"https:\/\/www.visualcounter.com\/web\/\"},{\"@type\":\"ListItem\",\"position\":2,\"name\":\"Soluciones\",\"item\":\"https:\/\/www.visualcounter.com\/web\/soluciones\/\"},{\"@type\":\"ListItem\",\"position\":3,\"name\":\"VC.VISION-2D\/3D\"}]},{\"@type\":\"WebSite\",\"@id\":\"https:\/\/www.visualcounter.com\/web\/#website\",\"url\":\"https:\/\/www.visualcounter.com\/web\/\",\"name\":\"Visual Counter\",\"description\":\"Soluciones para el conteo de personas \/ pasajeros y otras soluciones innovadoras para el sectores tan dispares como el Retail, Centros Comerciales, Supermercados, Banca, aeropuertos, etc\",\"potentialAction\":[{\"@type\":\"SearchAction\",\"target\":{\"@type\":\"EntryPoint\",\"urlTemplate\":\"https:\/\/www.visualcounter.com\/web\/?s={search_term_string}\"},\"query-input\":{\"@type\":\"PropertyValueSpecification\",\"valueRequired\":true,\"valueName\":\"search_term_string\"}}],\"inLanguage\":\"es\"}]}<\/script>\n<!-- \/ Yoast SEO plugin. -->","yoast_head_json":{"title":"VC.VISION-2D\/3D - Visual Counter","robots":{"index":"index","follow":"follow","max-snippet":"max-snippet:-1","max-image-preview":"max-image-preview:large","max-video-preview":"max-video-preview:-1"},"canonical":"https:\/\/www.visualcounter.com\/web\/soluciones\/vc-vision-2d-3d\/","og_locale":"es_ES","og_type":"article","og_title":"VC.VISION-2D\/3D - Visual Counter","og_description":"[vc_row css_animation=&#8221;&#8221; row_type=&#8221;row&#8221; use_row_as_full_screen_section=&#8221;no&#8221; type=&#8221;grid&#8221; angled_section=&#8221;no&#8221; text_align=&#8221;left&#8221; background_image_as_pattern=&#8221;without_pattern&#8221; el_class=&#8221;section_soluciones&#8221;][vc_column][vc_widget_sidebar sidebar_id=&#8221;Menu Soluciones&#8221; el_class=&#8221;menu_soluciones&#8221;][vc_row_inner row_type=&#8221;row&#8221; type=&#8221;full_width&#8221; text_align=&#8221;left&#8221; css_animation=&#8221;&#8221; el_class=&#8221;section_soluciones-productos&#8221;][vc_column_inner width=&#8221;1\/2&#8243;][vc_single_image image=&#8221;1184&#8243; img_size=&#8221;full&#8221; qode_css_animation=&#8221;&#8221;][\/vc_column_inner][vc_column_inner width=&#8221;1\/2&#8243;][vc_column_text] VC.VISION-2D\/2D-Lite\/3D [\/vc_column_text][vc_column_text]Conteo de personas de alta precisi\u00f3n sin la necesidad de ning\u00fan elemento mec\u00e1nico externo Diferentes tecnolog\u00edas (2D \/ 3D-est\u00e9reo) para ofrecer una...","og_url":"https:\/\/www.visualcounter.com\/web\/soluciones\/vc-vision-2d-3d\/","og_site_name":"Visual Counter","article_modified_time":"2019-02-21T08:56:00+00:00","twitter_card":"summary_large_image","twitter_misc":{"Tiempo de lectura":"8 minutos"},"schema":{"@context":"https:\/\/schema.org","@graph":[{"@type":"WebPage","@id":"https:\/\/www.visualcounter.com\/web\/soluciones\/vc-vision-2d-3d\/","url":"https:\/\/www.visualcounter.com\/web\/soluciones\/vc-vision-2d-3d\/","name":"VC.VISION-2D\/3D - Visual Counter","isPartOf":{"@id":"https:\/\/www.visualcounter.com\/web\/#website"},"datePublished":"2018-07-11T11:33:10+00:00","dateModified":"2019-02-21T08:56:00+00:00","breadcrumb":{"@id":"https:\/\/www.visualcounter.com\/web\/soluciones\/vc-vision-2d-3d\/#breadcrumb"},"inLanguage":"es","potentialAction":[{"@type":"ReadAction","target":["https:\/\/www.visualcounter.com\/web\/soluciones\/vc-vision-2d-3d\/"]}]},{"@type":"BreadcrumbList","@id":"https:\/\/www.visualcounter.com\/web\/soluciones\/vc-vision-2d-3d\/#breadcrumb","itemListElement":[{"@type":"ListItem","position":1,"name":"Portada","item":"https:\/\/www.visualcounter.com\/web\/"},{"@type":"ListItem","position":2,"name":"Soluciones","item":"https:\/\/www.visualcounter.com\/web\/soluciones\/"},{"@type":"ListItem","position":3,"name":"VC.VISION-2D\/3D"}]},{"@type":"WebSite","@id":"https:\/\/www.visualcounter.com\/web\/#website","url":"https:\/\/www.visualcounter.com\/web\/","name":"Visual Counter","description":"Soluciones para el conteo de personas \/ pasajeros y otras soluciones innovadoras para el sectores tan dispares como el Retail, Centros Comerciales, Supermercados, Banca, aeropuertos, etc","potentialAction":[{"@type":"SearchAction","target":{"@type":"EntryPoint","urlTemplate":"https:\/\/www.visualcounter.com\/web\/?s={search_term_string}"},"query-input":{"@type":"PropertyValueSpecification","valueRequired":true,"valueName":"search_term_string"}}],"inLanguage":"es"}]}},"_links":{"self":[{"href":"https:\/\/www.visualcounter.com\/web\/wp-json\/wp\/v2\/pages\/852"}],"collection":[{"href":"https:\/\/www.visualcounter.com\/web\/wp-json\/wp\/v2\/pages"}],"about":[{"href":"https:\/\/www.visualcounter.com\/web\/wp-json\/wp\/v2\/types\/page"}],"author":[{"embeddable":true,"href":"https:\/\/www.visualcounter.com\/web\/wp-json\/wp\/v2\/users\/1"}],"replies":[{"embeddable":true,"href":"https:\/\/www.visualcounter.com\/web\/wp-json\/wp\/v2\/comments?post=852"}],"version-history":[{"count":23,"href":"https:\/\/www.visualcounter.com\/web\/wp-json\/wp\/v2\/pages\/852\/revisions"}],"predecessor-version":[{"id":2381,"href":"https:\/\/www.visualcounter.com\/web\/wp-json\/wp\/v2\/pages\/852\/revisions\/2381"}],"up":[{"embeddable":true,"href":"https:\/\/www.visualcounter.com\/web\/wp-json\/wp\/v2\/pages\/198"}],"wp:attachment":[{"href":"https:\/\/www.visualcounter.com\/web\/wp-json\/wp\/v2\/media?parent=852"}],"curies":[{"name":"wp","href":"https:\/\/api.w.org\/{rel}","templated":true}]}}