{"id":82,"date":"2017-10-06T06:11:14","date_gmt":"2017-10-06T06:11:14","guid":{"rendered":"http:\/\/www.visualcounter.com\/web\/?page_id=82"},"modified":"2019-02-07T16:03:24","modified_gmt":"2019-02-07T16:03:24","slug":"sectores","status":"publish","type":"page","link":"https:\/\/www.visualcounter.com\/web\/sectores\/","title":{"rendered":"Sectores"},"content":{"rendered":"[vc_row css_animation=&#8221;&#8221; row_type=&#8221;row&#8221; use_row_as_full_screen_section=&#8221;no&#8221; type=&#8221;full_width&#8221; angled_section=&#8221;no&#8221; text_align=&#8221;left&#8221; background_image_as_pattern=&#8221;without_pattern&#8221; background_color=&#8221;#e7e7e7&#8243;][vc_column][vc_empty_space height=&#8221;90&#8243;][\/vc_column][\/vc_row][vc_row css_animation=&#8221;&#8221; row_type=&#8221;row&#8221; use_row_as_full_screen_section=&#8221;no&#8221; type=&#8221;grid&#8221; angled_section=&#8221;no&#8221; text_align=&#8221;left&#8221; background_image_as_pattern=&#8221;without_pattern&#8221; background_color=&#8221;#e7e7e7&#8243; el_class=&#8221;section_presectores&#8221;][vc_column width=&#8221;1\/4&#8243;][vc_single_image image=&#8221;372&#8243; img_size=&#8221;full&#8221; qode_css_animation=&#8221;&#8221;][vc_column_text el_class=&#8221;section_presectores-title&#8221;]\n<h1>Retail<\/h1>\n[\/vc_column_text][vc_column_text el_class=&#8221;section_presectores-text&#8221;]Anal\u00edtica de conteo, flujo y comportamiento de los clientes en el interior y exterior del \u00e1rea comercial<br \/>\nGesti\u00f3n de probadores<\/p>\n<p>&nbsp;<\/p>\n[\/vc_column_text]<a  itemprop=\"url\" href=\"http:\/\/www.visualcounter.com\/web\/sectores\/retail\/\" target=\"_self\"  class=\"qbutton  small default\" style=\"\">VER M\u00c1S<\/a>[\/vc_column][vc_column width=&#8221;1\/4&#8243;][vc_single_image image=&#8221;87&#8243; img_size=&#8221;full&#8221; qode_css_animation=&#8221;&#8221;][vc_column_text el_class=&#8221;section_presectores-title&#8221;]\n<h2>Centros Comerciales<\/h2>\n[\/vc_column_text][vc_column_text el_class=&#8221;section_presectores-text&#8221;]Anal\u00edtica de conteo, flujo y comportamiento de los clientes en el \u00e1rea comercial<br \/>\nGesti\u00f3n de eventos de limpieza de aseos y valoraci\u00f3n del cliente[\/vc_column_text]<a  itemprop=\"url\" href=\"http:\/\/www.visualcounter.com\/web\/sectores\/centros-comerciales\/\" target=\"_self\"  class=\"qbutton  small default\" style=\"\">VER M\u00c1S<\/a>[\/vc_column][vc_column width=&#8221;1\/4&#8243;][vc_single_image image=&#8221;90&#8243; img_size=&#8221;full&#8221; qode_css_animation=&#8221;&#8221;][vc_column_text el_class=&#8221;section_presectores-title&#8221;]\n<h2>Supermercados<\/h2>\n[\/vc_column_text][vc_column_text el_class=&#8221;section_presectores-text&#8221;]Anal\u00edtica de conteo, flujo y comportamiento de los clientes en el \u00e1rea comercial<br \/>\nGesti\u00f3n autom\u00e1tica de apertura\/cierre de puntos de venta[\/vc_column_text]<a  itemprop=\"url\" href=\"http:\/\/www.visualcounter.com\/web\/sectores\/supermercados\/\" target=\"_self\"  class=\"qbutton  small default\" style=\"\">VER M\u00c1S<\/a>[\/vc_column][vc_column width=&#8221;1\/4&#8243;][vc_single_image image=&#8221;91&#8243; img_size=&#8221;full&#8221; qode_css_animation=&#8221;&#8221;][vc_column_text el_class=&#8221;section_presectores-title&#8221;]\n<h3>Transporte p\u00fablico<\/h3>\n[\/vc_column_text][vc_column_text el_class=&#8221;section_presectores-text&#8221;]Anal\u00edtica de conteo, flujo y comportamiento de los pasajeros por puerta, parada, veh\u00edculo, l\u00ednea y trayecto<br \/>\nMatriz origen-destino de los pasajeros[\/vc_column_text]<a  itemprop=\"url\" href=\"http:\/\/www.visualcounter.com\/web\/sectores\/transporte-publico\/\" target=\"_self\"  class=\"qbutton  small default\" style=\"\">VER M\u00c1S<\/a>[\/vc_column][vc_column width=&#8221;1\/4&#8243;][vc_single_image image=&#8221;85&#8243; img_size=&#8221;full&#8221; qode_css_animation=&#8221;&#8221;][vc_column_text el_class=&#8221;section_presectores-title&#8221;]\n<h3>Aeropuertos\/estaciones<\/h3>\n[\/vc_column_text][vc_column_text el_class=&#8221;section_presectores-text&#8221;]Anal\u00edtica de conteo, flujo y comportamiento de los usuarios en el \u00e1rea de negocio<br \/>\nGesti\u00f3n de eventos de limpieza de aseos y valoraci\u00f3n del cliente[\/vc_column_text]<a  itemprop=\"url\" href=\"http:\/\/www.visualcounter.com\/web\/sectores\/aeropuertosestaciones\/\" target=\"_self\"  class=\"qbutton  small default\" style=\"\">VER M\u00c1S<\/a>[\/vc_column][vc_column width=&#8221;1\/4&#8243;][vc_single_image image=&#8221;88&#8243; img_size=&#8221;full&#8221; qode_css_animation=&#8221;&#8221;][vc_column_text el_class=&#8221;section_presectores-title&#8221;]\n<h3>Museos<\/h3>\n[\/vc_column_text][vc_column_text el_class=&#8221;section_presectores-text&#8221;]Anal\u00edtica de conteo, flujo y comportamiento de los visitantes en el \u00e1rea de exposici\u00f3n, salas espec\u00edficas, puntos de inter\u00e9s,\u2026<\/p>\n<p>&nbsp;<\/p>\n[\/vc_column_text]<a  itemprop=\"url\" href=\"http:\/\/www.visualcounter.com\/web\/sectores\/museos\/\" target=\"_self\"  class=\"qbutton  small default\" style=\"\">VER M\u00c1S<\/a>[\/vc_column][vc_column width=&#8221;1\/4&#8243;][vc_single_image image=&#8221;371&#8243; img_size=&#8221;full&#8221; qode_css_animation=&#8221;&#8221;][vc_column_text el_class=&#8221;section_presectores-title&#8221;]\n<h3>Banca<\/h3>\n[\/vc_column_text][vc_column_text el_class=&#8221;section_presectores-text&#8221;]Anal\u00edtica de conteo, flujo y comportamiento de los usuarios en el \u00e1rea de negocio<\/p>\n<p>&nbsp;<\/p>\n<p>&nbsp;<\/p>\n<p>&nbsp;<\/p>\n[\/vc_column_text]<a  itemprop=\"url\" href=\"http:\/\/www.visualcounter.com\/web\/sectores\/banca\/\" target=\"_self\"  class=\"qbutton  small default\" style=\"\">VER M\u00c1S<\/a>[\/vc_column][vc_column width=&#8221;1\/4&#8243;][vc_single_image image=&#8221;92&#8243; img_size=&#8221;full&#8221; qode_css_animation=&#8221;&#8221;][vc_column_text el_class=&#8221;section_presectores-title&#8221;]\n<h3>Accesos zonas peatonales<\/h3>\n[\/vc_column_text][vc_column_text el_class=&#8221;section_presectores-text&#8221;]Anal\u00edtica de conteo, flujo y comportamiento de los transe\u00fantes en el \u00e1rea de paso<\/p>\n<p>&nbsp;<\/p>\n<p>&nbsp;<\/p>\n<p>&nbsp;<\/p>\n[\/vc_column_text]<a  itemprop=\"url\" href=\"http:\/\/www.visualcounter.com\/web\/sectores\/accesos-peatonales\/\" target=\"_self\"  class=\"qbutton  small default\" style=\"\">VER M\u00c1S<\/a>[\/vc_column][\/vc_row][vc_row css_animation=&#8221;&#8221; row_type=&#8221;row&#8221; use_row_as_full_screen_section=&#8221;no&#8221; type=&#8221;full_width&#8221; angled_section=&#8221;no&#8221; text_align=&#8221;left&#8221; background_image_as_pattern=&#8221;without_pattern&#8221; background_color=&#8221;#e7e7e7&#8243;][vc_column][vc_empty_space height=&#8221;90&#8243;][\/vc_column][\/vc_row]\n","protected":false},"excerpt":{"rendered":"<p>[vc_row css_animation=&#8221;&#8221; row_type=&#8221;row&#8221; use_row_as_full_screen_section=&#8221;no&#8221; type=&#8221;full_width&#8221; angled_section=&#8221;no&#8221; text_align=&#8221;left&#8221; background_image_as_pattern=&#8221;without_pattern&#8221; background_color=&#8221;#e7e7e7&#8243;][vc_column][vc_empty_space height=&#8221;90&#8243;][\/vc_column][\/vc_row][vc_row css_animation=&#8221;&#8221; row_type=&#8221;row&#8221; use_row_as_full_screen_section=&#8221;no&#8221; type=&#8221;grid&#8221; angled_section=&#8221;no&#8221; text_align=&#8221;left&#8221; background_image_as_pattern=&#8221;without_pattern&#8221; background_color=&#8221;#e7e7e7&#8243; el_class=&#8221;section_presectores&#8221;][vc_column width=&#8221;1\/4&#8243;][vc_single_image image=&#8221;372&#8243; img_size=&#8221;full&#8221; qode_css_animation=&#8221;&#8221;][vc_column_text el_class=&#8221;section_presectores-title&#8221;] Retail [\/vc_column_text][vc_column_text el_class=&#8221;section_presectores-text&#8221;]Anal\u00edtica de conteo, flujo y comportamiento de los clientes en el interior y exterior del \u00e1rea comercial Gesti\u00f3n de&#8230;<\/p>\n","protected":false},"author":1,"featured_media":0,"parent":0,"menu_order":0,"comment_status":"closed","ping_status":"closed","template":"full_width.php","meta":{"inline_featured_image":false,"_monsterinsights_skip_tracking":false,"_monsterinsights_sitenote_active":false,"_monsterinsights_sitenote_note":"","_monsterinsights_sitenote_category":0,"footnotes":""},"class_list":["post-82","page","type-page","status-publish","hentry"],"yoast_head":"<!-- This site is optimized with the Yoast SEO plugin v23.7 - https:\/\/yoast.com\/wordpress\/plugins\/seo\/ -->\n<title>Sectores - Visual Counter<\/title>\n<meta name=\"robots\" content=\"index, follow, max-snippet:-1, max-image-preview:large, max-video-preview:-1\" \/>\n<link rel=\"canonical\" href=\"https:\/\/www.visualcounter.com\/web\/sectores\/\" \/>\n<meta property=\"og:locale\" content=\"es_ES\" \/>\n<meta property=\"og:type\" content=\"article\" \/>\n<meta property=\"og:title\" content=\"Sectores - Visual Counter\" \/>\n<meta property=\"og:description\" content=\"[vc_row css_animation=&#8221;&#8221; row_type=&#8221;row&#8221; use_row_as_full_screen_section=&#8221;no&#8221; type=&#8221;full_width&#8221; angled_section=&#8221;no&#8221; text_align=&#8221;left&#8221; background_image_as_pattern=&#8221;without_pattern&#8221; background_color=&#8221;#e7e7e7&#8243;][vc_column][vc_empty_space height=&#8221;90&#8243;][\/vc_column][\/vc_row][vc_row css_animation=&#8221;&#8221; row_type=&#8221;row&#8221; use_row_as_full_screen_section=&#8221;no&#8221; type=&#8221;grid&#8221; angled_section=&#8221;no&#8221; text_align=&#8221;left&#8221; background_image_as_pattern=&#8221;without_pattern&#8221; background_color=&#8221;#e7e7e7&#8243; el_class=&#8221;section_presectores&#8221;][vc_column width=&#8221;1\/4&#8243;][vc_single_image image=&#8221;372&#8243; img_size=&#8221;full&#8221; qode_css_animation=&#8221;&#8221;][vc_column_text el_class=&#8221;section_presectores-title&#8221;] Retail [\/vc_column_text][vc_column_text el_class=&#8221;section_presectores-text&#8221;]Anal\u00edtica de conteo, flujo y comportamiento de los clientes en el interior y exterior del \u00e1rea comercial Gesti\u00f3n de...\" \/>\n<meta property=\"og:url\" content=\"https:\/\/www.visualcounter.com\/web\/sectores\/\" \/>\n<meta property=\"og:site_name\" content=\"Visual Counter\" \/>\n<meta property=\"article:modified_time\" content=\"2019-02-07T16:03:24+00:00\" \/>\n<meta name=\"twitter:card\" content=\"summary_large_image\" \/>\n<meta name=\"twitter:label1\" content=\"Tiempo de lectura\" \/>\n\t<meta name=\"twitter:data1\" content=\"4 minutos\" \/>\n<script type=\"application\/ld+json\" class=\"yoast-schema-graph\">{\"@context\":\"https:\/\/schema.org\",\"@graph\":[{\"@type\":\"WebPage\",\"@id\":\"https:\/\/www.visualcounter.com\/web\/sectores\/\",\"url\":\"https:\/\/www.visualcounter.com\/web\/sectores\/\",\"name\":\"Sectores - Visual Counter\",\"isPartOf\":{\"@id\":\"https:\/\/www.visualcounter.com\/web\/#website\"},\"datePublished\":\"2017-10-06T06:11:14+00:00\",\"dateModified\":\"2019-02-07T16:03:24+00:00\",\"breadcrumb\":{\"@id\":\"https:\/\/www.visualcounter.com\/web\/sectores\/#breadcrumb\"},\"inLanguage\":\"es\",\"potentialAction\":[{\"@type\":\"ReadAction\",\"target\":[\"https:\/\/www.visualcounter.com\/web\/sectores\/\"]}]},{\"@type\":\"BreadcrumbList\",\"@id\":\"https:\/\/www.visualcounter.com\/web\/sectores\/#breadcrumb\",\"itemListElement\":[{\"@type\":\"ListItem\",\"position\":1,\"name\":\"Portada\",\"item\":\"https:\/\/www.visualcounter.com\/web\/\"},{\"@type\":\"ListItem\",\"position\":2,\"name\":\"Sectores\"}]},{\"@type\":\"WebSite\",\"@id\":\"https:\/\/www.visualcounter.com\/web\/#website\",\"url\":\"https:\/\/www.visualcounter.com\/web\/\",\"name\":\"Visual Counter\",\"description\":\"Soluciones para el conteo de personas \/ pasajeros y otras soluciones innovadoras para el sectores tan dispares como el Retail, Centros Comerciales, Supermercados, Banca, aeropuertos, etc\",\"potentialAction\":[{\"@type\":\"SearchAction\",\"target\":{\"@type\":\"EntryPoint\",\"urlTemplate\":\"https:\/\/www.visualcounter.com\/web\/?s={search_term_string}\"},\"query-input\":{\"@type\":\"PropertyValueSpecification\",\"valueRequired\":true,\"valueName\":\"search_term_string\"}}],\"inLanguage\":\"es\"}]}<\/script>\n<!-- \/ Yoast SEO plugin. -->","yoast_head_json":{"title":"Sectores - Visual Counter","robots":{"index":"index","follow":"follow","max-snippet":"max-snippet:-1","max-image-preview":"max-image-preview:large","max-video-preview":"max-video-preview:-1"},"canonical":"https:\/\/www.visualcounter.com\/web\/sectores\/","og_locale":"es_ES","og_type":"article","og_title":"Sectores - Visual Counter","og_description":"[vc_row css_animation=&#8221;&#8221; row_type=&#8221;row&#8221; use_row_as_full_screen_section=&#8221;no&#8221; type=&#8221;full_width&#8221; angled_section=&#8221;no&#8221; text_align=&#8221;left&#8221; background_image_as_pattern=&#8221;without_pattern&#8221; background_color=&#8221;#e7e7e7&#8243;][vc_column][vc_empty_space height=&#8221;90&#8243;][\/vc_column][\/vc_row][vc_row css_animation=&#8221;&#8221; row_type=&#8221;row&#8221; use_row_as_full_screen_section=&#8221;no&#8221; type=&#8221;grid&#8221; angled_section=&#8221;no&#8221; text_align=&#8221;left&#8221; background_image_as_pattern=&#8221;without_pattern&#8221; background_color=&#8221;#e7e7e7&#8243; el_class=&#8221;section_presectores&#8221;][vc_column width=&#8221;1\/4&#8243;][vc_single_image image=&#8221;372&#8243; img_size=&#8221;full&#8221; qode_css_animation=&#8221;&#8221;][vc_column_text el_class=&#8221;section_presectores-title&#8221;] Retail [\/vc_column_text][vc_column_text el_class=&#8221;section_presectores-text&#8221;]Anal\u00edtica de conteo, flujo y comportamiento de los clientes en el interior y exterior del \u00e1rea comercial Gesti\u00f3n de...","og_url":"https:\/\/www.visualcounter.com\/web\/sectores\/","og_site_name":"Visual Counter","article_modified_time":"2019-02-07T16:03:24+00:00","twitter_card":"summary_large_image","twitter_misc":{"Tiempo de lectura":"4 minutos"},"schema":{"@context":"https:\/\/schema.org","@graph":[{"@type":"WebPage","@id":"https:\/\/www.visualcounter.com\/web\/sectores\/","url":"https:\/\/www.visualcounter.com\/web\/sectores\/","name":"Sectores - Visual Counter","isPartOf":{"@id":"https:\/\/www.visualcounter.com\/web\/#website"},"datePublished":"2017-10-06T06:11:14+00:00","dateModified":"2019-02-07T16:03:24+00:00","breadcrumb":{"@id":"https:\/\/www.visualcounter.com\/web\/sectores\/#breadcrumb"},"inLanguage":"es","potentialAction":[{"@type":"ReadAction","target":["https:\/\/www.visualcounter.com\/web\/sectores\/"]}]},{"@type":"BreadcrumbList","@id":"https:\/\/www.visualcounter.com\/web\/sectores\/#breadcrumb","itemListElement":[{"@type":"ListItem","position":1,"name":"Portada","item":"https:\/\/www.visualcounter.com\/web\/"},{"@type":"ListItem","position":2,"name":"Sectores"}]},{"@type":"WebSite","@id":"https:\/\/www.visualcounter.com\/web\/#website","url":"https:\/\/www.visualcounter.com\/web\/","name":"Visual Counter","description":"Soluciones para el conteo de personas \/ pasajeros y otras soluciones innovadoras para el sectores tan dispares como el Retail, Centros Comerciales, Supermercados, Banca, aeropuertos, etc","potentialAction":[{"@type":"SearchAction","target":{"@type":"EntryPoint","urlTemplate":"https:\/\/www.visualcounter.com\/web\/?s={search_term_string}"},"query-input":{"@type":"PropertyValueSpecification","valueRequired":true,"valueName":"search_term_string"}}],"inLanguage":"es"}]}},"_links":{"self":[{"href":"https:\/\/www.visualcounter.com\/web\/wp-json\/wp\/v2\/pages\/82"}],"collection":[{"href":"https:\/\/www.visualcounter.com\/web\/wp-json\/wp\/v2\/pages"}],"about":[{"href":"https:\/\/www.visualcounter.com\/web\/wp-json\/wp\/v2\/types\/page"}],"author":[{"embeddable":true,"href":"https:\/\/www.visualcounter.com\/web\/wp-json\/wp\/v2\/users\/1"}],"replies":[{"embeddable":true,"href":"https:\/\/www.visualcounter.com\/web\/wp-json\/wp\/v2\/comments?post=82"}],"version-history":[{"count":13,"href":"https:\/\/www.visualcounter.com\/web\/wp-json\/wp\/v2\/pages\/82\/revisions"}],"predecessor-version":[{"id":1991,"href":"https:\/\/www.visualcounter.com\/web\/wp-json\/wp\/v2\/pages\/82\/revisions\/1991"}],"wp:attachment":[{"href":"https:\/\/www.visualcounter.com\/web\/wp-json\/wp\/v2\/media?parent=82"}],"curies":[{"name":"wp","href":"https:\/\/api.w.org\/{rel}","templated":true}]}}