{"id":501,"date":"2017-11-19T10:18:39","date_gmt":"2017-11-19T10:18:39","guid":{"rendered":"http:\/\/www.visualcounter.com\/web\/?page_id=501"},"modified":"2019-02-11T22:18:33","modified_gmt":"2019-02-11T22:18:33","slug":"vc-checkout-manager","status":"publish","type":"page","link":"https:\/\/www.visualcounter.com\/web\/soluciones\/vc-checkout-manager\/","title":{"rendered":"VC.CHECKOUT.MANAGER"},"content":{"rendered":"[vc_row css_animation=&#8221;&#8221; row_type=&#8221;row&#8221; use_row_as_full_screen_section=&#8221;no&#8221; type=&#8221;grid&#8221; angled_section=&#8221;no&#8221; text_align=&#8221;left&#8221; background_image_as_pattern=&#8221;without_pattern&#8221; el_class=&#8221;section_soluciones&#8221;][vc_column][vc_widget_sidebar sidebar_id=&#8221;Menu Soluciones&#8221; el_class=&#8221;menu_soluciones&#8221;][vc_widget_sidebar sidebar_id=&#8221;Menu SOFTWARE&#8221; el_class=&#8221;menu_otras-soluciones&#8221;][vc_row_inner row_type=&#8221;row&#8221; type=&#8221;full_width&#8221; text_align=&#8221;left&#8221; css_animation=&#8221;&#8221; el_class=&#8221;section_soluciones-productos&#8221;][vc_column_inner width=&#8221;1\/2&#8243;][vc_single_image image=&#8221;2059&#8243; img_size=&#8221;full&#8221; qode_css_animation=&#8221;&#8221;][\/vc_column_inner][vc_column_inner width=&#8221;1\/2&#8243;][vc_column_text]\n<h3>VC.CHECKOUT.MANAGER<\/h3>\n[\/vc_column_text][vc_column_text]Herramienta software para la <strong>gesti\u00f3n \u00f3ptima y autom\u00e1tica en tiempo real de la apertura\/cierre de puntos de servicio o venta <\/strong>[\/vc_column_text]<a id=\"button_folleto\" itemprop=\"url\" href=\"http:\/\/www.visualcounter.com\/web\/wp-content\/uploads\/2018\/10\/Folleto-VisualCounter.Checkout-Manager_ES.pdf\" target=\"_blank\"  class=\"qbutton  small default\" style=\"\">FOLLETO<i class=\"qode_icon_font_awesome fa fa-download qode_button_icon_element\" style=\"\" ><\/i><\/a>[\/vc_column_inner][\/vc_row_inner][\/vc_column][\/vc_row][vc_row css_animation=&#8221;&#8221; row_type=&#8221;row&#8221; use_row_as_full_screen_section=&#8221;no&#8221; type=&#8221;grid&#8221; angled_section=&#8221;no&#8221; text_align=&#8221;left&#8221; background_image_as_pattern=&#8221;without_pattern&#8221; background_color=&#8221;#e3e3e3&#8243; el_class=&#8221;section_caracteristicas&#8221;][vc_column width=&#8221;1\/3&#8243;][vc_column_text el_class=&#8221;modulo_caracteristica&#8221;]<strong>Algoritmos predictivos de \u00faltima generaci\u00f3n<\/strong><br \/>\nLa soluci\u00f3n permite optimizar la gesti\u00f3n en tiempo real del n\u00famero de cajas abiertas en zonas comerciales a partir del flujo de entrada de clientes, el tiempo de estancia y la monitorizaci\u00f3n de la operativa del conjunto de terminales punto de venta[\/vc_column_text][vc_column_text el_class=&#8221;modulo_caracteristica modulo_caracteristica-ultimo&#8221;]<strong>Recomendaci\u00f3n de apertura\/cierre de cajas<\/strong><br \/>\nLa soluci\u00f3n proporciona recomendaciones en tiempo real y futuras del n\u00famero de cajas o puntos de venta \u00f3ptimos para la operativa de negocio[\/vc_column_text][\/vc_column][vc_column width=&#8221;1\/3&#8243;][vc_column_text el_class=&#8221;modulo_caracteristica&#8221;]<strong>Monitorizaci\u00f3n de indicadores de negocio<\/strong><br \/>\nLa soluci\u00f3n monitoriza de manera continua indicadores de operativa de negocio: cajas abiertas, tiempo de espera en las colas y tickets generados por caja[\/vc_column_text][vc_column_text el_class=&#8221;modulo_caracteristica&#8221;]<strong>Gesti\u00f3n de la afluencia a la zona comercial<\/strong><br \/>\nLos dispositivos de conteo \u2018VisualCounter.Vision\u2019 posibilitan la gesti\u00f3n de la entrada de clientes y su salida sin compra[\/vc_column_text][vc_column_text el_class=&#8221;modulo_caracteristica modulo_caracteristica-ultimo&#8221;]<strong>F\u00e1cil integraci\u00f3n de datos<\/strong><br \/>\nIntegraci\u00f3n flexible de datos con todos los perfiles de cliente (csv, xml, web services)[\/vc_column_text][vc_column_text el_class=&#8221;modulo_caracteristica modulo_caracteristica-ultimo&#8221;]\n[\/vc_column_text][\/vc_column][vc_column width=&#8221;1\/3&#8243;][vc_column_text el_class=&#8221;modulo_caracteristica&#8221;]<strong>An\u00e1lisis de flujo de clientes y tiempo de estancia<\/strong><br \/>\nLos dispositivos de detecci\u00f3n de smartphones \u2018VisualCounter. Tracker\u2019 permiten el an\u00e1lisis del tiempo de estancia y el flujo de clientes dentro del \u00e1rea comercial de manera imperceptible[\/vc_column_text][vc_column_text el_class=&#8221;modulo_caracteristica modulo_caracteristica-ultimo&#8221;]<strong>Gesti\u00f3n centralizada y acceso multiplataforma<\/strong><br \/>\nGesti\u00f3n de diferentes zonas comerciales desde un solo servidor centralizado en la nube o corporativo en la intranet, y accesibles mediante un navegador en cualquier plataforma (pc, tablet, m\u00f3vil)[\/vc_column_text][\/vc_column][\/vc_row][vc_row css_animation=&#8221;&#8221; row_type=&#8221;row&#8221; use_row_as_full_screen_section=&#8221;no&#8221; type=&#8221;full_width&#8221; angled_section=&#8221;no&#8221; text_align=&#8221;left&#8221; background_image=&#8221;2049&#8243; background_image_as_pattern=&#8221;without_pattern&#8221;][vc_column][vc_column_text el_class=&#8221;section_title&#8221;]\n<h1><span style=\"color: #ffffff;\">FUNCIONALIDADES<\/span><\/h1>\n[\/vc_column_text][vc_row_inner row_type=&#8221;row&#8221; type=&#8221;grid&#8221; text_align=&#8221;center&#8221; css_animation=&#8221;&#8221; el_class=&#8221;section_subtitle_title_text-title&#8221;][vc_column_inner el_class=&#8221;section_subtitle_title_text-title&#8221; width=&#8221;1\/3&#8243;][vc_single_image image=&#8221;2050&#8243; img_size=&#8221;full&#8221; qode_css_animation=&#8221;&#8221;][vc_column_text]<span style=\"color: #ffffff;\">Gesti\u00f3n online de apertura y cierre de cajas<\/span>[\/vc_column_text][\/vc_column_inner][vc_column_inner width=&#8221;1\/3&#8243;][vc_single_image image=&#8221;2051&#8243; img_size=&#8221;full&#8221; qode_css_animation=&#8221;&#8221;][vc_column_text el_class=&#8221;section_presectores-title&#8221;]<span style=\"color: #ffffff;\">Monitorizaci\u00f3n de operativa de cajas<\/span>[\/vc_column_text][\/vc_column_inner][vc_column_inner width=&#8221;1\/3&#8243;][vc_single_image image=&#8221;2052&#8243; img_size=&#8221;full&#8221; qode_css_animation=&#8221;&#8221;][vc_column_text el_class=&#8221;section_presectores-title&#8221;]<span style=\"color: #ffffff;\">Anal\u00edtica de indicadores de negocio<\/span>[\/vc_column_text][\/vc_column_inner][\/vc_row_inner][vc_empty_space height=&#8221;50&#8243;][\/vc_column][\/vc_row][vc_row css_animation=&#8221;&#8221; row_type=&#8221;row&#8221; use_row_as_full_screen_section=&#8221;no&#8221; type=&#8221;full_width&#8221; angled_section=&#8221;no&#8221; text_align=&#8221;left&#8221; background_image_as_pattern=&#8221;without_pattern&#8221; background_color=&#8221;#e3e3e3&#8243; el_class=&#8221;section_title&#8221;][vc_column][vc_column_text]\n<h1>OPTIMIZACI\u00d3N DE OPERATIVA DE NEGOCIO<\/h1>\n[\/vc_column_text][\/vc_column][\/vc_row][vc_row css_animation=&#8221;&#8221; row_type=&#8221;row&#8221; use_row_as_full_screen_section=&#8221;no&#8221; type=&#8221;grid&#8221; angled_section=&#8221;no&#8221; text_align=&#8221;left&#8221; background_image_as_pattern=&#8221;without_pattern&#8221; background_color=&#8221;#e3e3e3&#8243; el_class=&#8221;section_iconos&#8221;][vc_column width=&#8221;1\/3&#8243;][vc_single_image image=&#8221;1037&#8243; img_size=&#8221;full&#8221; alignment=&#8221;center&#8221; qode_css_animation=&#8221;&#8221;][vc_column_text]\n<h3 class=\"icon_title\"><strong>Experiencia de cliente<\/strong><\/h3>\n[\/vc_column_text][vc_column_text]Optimice el n\u00famero de puntos de servicio o venta abiertos para evitar la congesti\u00f3n de clientes en las colas[\/vc_column_text][\/vc_column][vc_column width=&#8221;1\/3&#8243;][vc_single_image image=&#8221;1444&#8243; img_size=&#8221;full&#8221; alignment=&#8221;center&#8221; qode_css_animation=&#8221;&#8221;][vc_column_text]\n<h3><strong>Costes operativos<\/strong><\/h3>\n[\/vc_column_text][vc_column_text]Optimice el n\u00famero de puntos de servicio o venta abiertos para evitar cajas vac\u00edas, cuyo personal puede realizar otras tareas[\/vc_column_text][\/vc_column][vc_column width=&#8221;1\/3&#8243;][vc_single_image image=&#8221;1044&#8243; img_size=&#8221;full&#8221; alignment=&#8221;center&#8221; qode_css_animation=&#8221;&#8221;][vc_column_text]\n<h3><strong>Anal\u00edtica de negocio<\/strong><\/h3>\n[\/vc_column_text][vc_column_text]Gestione en detalle los indicadores m\u00e1s importantes de su negocio:<br \/>\nAfluencia a zona comercial<br \/>\nSalida sin compra<br \/>\nN\u00famero de cajas abiertas y sus operaciones<br \/>\nTiempo de paseo<br \/>\nTiempo de espera en cola<br \/>\nTiempo de atenci\u00f3n en punto de venta<br \/>\nCategorizaci\u00f3n de clientes seg\u00fan su fidelidad: diario, semanal, nuevo, ocasional,..[\/vc_column_text][\/vc_column][\/vc_row][vc_row css_animation=&#8221;&#8221; row_type=&#8221;row&#8221; use_row_as_full_screen_section=&#8221;no&#8221; type=&#8221;grid&#8221; angled_section=&#8221;no&#8221; text_align=&#8221;left&#8221; background_image_as_pattern=&#8221;without_pattern&#8221; background_color=&#8221;#ffffff&#8221; el_class=&#8221;section_title&#8221;][vc_column][vc_column_text el_class=&#8221;section_subtitle_title_text-title&#8221;]\n<h1><span style=\"color: #ffffff;\"><strong><span style=\"color: #003fa2;\">ARQUITECTURA FUNCIONAL<\/span><\/strong><\/span><\/h1>\n[\/vc_column_text][vc_empty_space][vc_single_image image=&#8221;1447&#8243; img_size=&#8221;full&#8221; alignment=&#8221;center&#8221; qode_css_animation=&#8221;&#8221;][\/vc_column][\/vc_row][vc_row css_animation=&#8221;&#8221; row_type=&#8221;row&#8221; use_row_as_full_screen_section=&#8221;no&#8221; type=&#8221;grid&#8221; angled_section=&#8221;no&#8221; text_align=&#8221;left&#8221; background_image_as_pattern=&#8221;without_pattern&#8221; background_color=&#8221;#e3e3e3&#8243; el_class=&#8221;section_title&#8221;][vc_column][vc_column_text]\n<h1><strong>SOLUCIONES TECNOL\u00d3GICAS ASOCIADAS<\/strong><\/h1>\n[\/vc_column_text][\/vc_column][\/vc_row][vc_row css_animation=&#8221;&#8221; row_type=&#8221;row&#8221; use_row_as_full_screen_section=&#8221;no&#8221; type=&#8221;full_width&#8221; angled_section=&#8221;no&#8221; text_align=&#8221;left&#8221; background_image_as_pattern=&#8221;without_pattern&#8221; background_color=&#8221;#e3e3e3&#8243; el_class=&#8221;PersonalSlider PersonalSlider1 PersonalSliderProductos&#8221; css=&#8221;.vc_custom_1549881626895{padding-bottom: 50px !important;}&#8221;][vc_column][vc_row_inner row_type=&#8221;row&#8221; type=&#8221;full_width&#8221; text_align=&#8221;left&#8221; css_animation=&#8221;&#8221; el_class=&#8221;PersonalSlider-item&#8221;][vc_column_inner width=&#8221;1\/2&#8243;][vc_single_image image=&#8221;1961&#8243; img_size=&#8221;full&#8221; qode_css_animation=&#8221;&#8221;][\/vc_column_inner][vc_column_inner width=&#8221;1\/2&#8243;][vc_column_text]\n<h3>VC.VISION-5D<\/h3>\n[\/vc_column_text][vc_column_text]\n<ul>\n<li>La soluci\u00f3n de conteo de personas m\u00e1s fiable (99%) y robusta del mercado<\/li>\n<li>Basada en la innovadora tecnolog\u00eda \u2018Tiempo de Vuelo (ToF \u2013 Time of Flight)<\/li>\n<li>Posibilidad de gesti\u00f3n de colas en zonas de espera o pago<\/li>\n<li>M\u00f3dulo opcional de tracking WiFi de smaprtphones<\/li>\n<li>M\u00f3dulo de comunicaciones M2M \/ IoT \u2013 4G\/5G<\/li>\n<li>Posibilidad de detecci\u00f3n de empleados: RFID \/ Bluetooth \/ Ir<\/li>\n<\/ul>\n[\/vc_column_text]<a  itemprop=\"url\" href=\"http:\/\/www.visualcounter.com\/web\/soluciones\/vc-vision-5d\/\" target=\"_self\"  class=\"qbutton  small default\" style=\"\">VER M\u00c1S<\/a>[\/vc_column_inner][\/vc_row_inner][vc_row_inner row_type=&#8221;row&#8221; type=&#8221;full_width&#8221; text_align=&#8221;left&#8221; css_animation=&#8221;&#8221; el_class=&#8221;PersonalSlider-item&#8221;][vc_column_inner width=&#8221;1\/2&#8243;][vc_single_image image=&#8221;2056&#8243; img_size=&#8221;full&#8221; qode_css_animation=&#8221;&#8221;][\/vc_column_inner][vc_column_inner width=&#8221;1\/2&#8243;][vc_column_text]\n<h3>VC.VISION-2D\/3D<\/h3>\n[\/vc_column_text][vc_column_text]\n<ul>\n<li>Conteo de personas de alta precisi\u00f3n sin la necesidad de ning\u00fan elemento mec\u00e1nico externo<\/li>\n<li>Diferentes tecnolog\u00edas (2D \/ 3D-Est\u00e9reo) para ofrecer una soluci\u00f3n a medida de las necesidades de cada cliente<\/li>\n<\/ul>\n[\/vc_column_text]<a  itemprop=\"url\" href=\"http:\/\/www.visualcounter.com\/web\/soluciones\/vc-vision-2d-3d\/\" target=\"_self\"  class=\"qbutton  small default\" style=\"\">VER M\u00c1S<\/a>[\/vc_column_inner][\/vc_row_inner][vc_row_inner row_type=&#8221;row&#8221; type=&#8221;full_width&#8221; text_align=&#8221;left&#8221; css_animation=&#8221;&#8221; el_class=&#8221;PersonalSlider-item&#8221;][vc_column_inner width=&#8221;1\/2&#8243;][vc_single_image image=&#8221;957&#8243; img_size=&#8221;full&#8221; qode_css_animation=&#8221;&#8221;][\/vc_column_inner][vc_column_inner width=&#8221;1\/2&#8243;][vc_column_text]\n<h3>VC.TRACKER<\/h3>\n[\/vc_column_text][vc_column_text]Soluci\u00f3n para la detecci\u00f3n y seguimiento pasivo de personas a trav\u00e9s de sus dispositivos m\u00f3viles con las comunicaciones WIFI o Bluetooth activadas[\/vc_column_text]<a  itemprop=\"url\" href=\"http:\/\/www.visualcounter.com\/web\/soluciones\/vc-tracker\/\" target=\"_self\"  class=\"qbutton  small default\" style=\"\">VER M\u00c1S<\/a>[\/vc_column_inner][\/vc_row_inner][vc_raw_html el_class=&#8221;menu_productos&#8221;]JTNDdWwlM0UlMEElM0NsaSUyMGNsYXNzJTNEJTIybWVudS1zbGlkZS1hY3RpdmUlMjIlMjBpZCUzRCUyMm1lbnUtc2xpZGUxJTIyJTNFVkMuVklTSU9OLTVEJTNDJTJGbGklM0UlMEElM0NsaSUyMGlkJTNEJTIybWVudS1zbGlkZTIlMjIlM0VWQy5WSVNJT04tMkQlMkYzRCUzQyUyRmxpJTNFJTBBJTNDbGklMjBpZCUzRCUyMm1lbnUtc2xpZGUzJTIyJTNFVkMuVFJBQ0tFUiUzQyUyRmxpJTNFJTBBJTNDJTJGdWwlM0U=[\/vc_raw_html][vc_empty_space height=&#8221;90&#8243;][\/vc_column][\/vc_row]\n","protected":false},"excerpt":{"rendered":"<p>[vc_row css_animation=&#8221;&#8221; row_type=&#8221;row&#8221; use_row_as_full_screen_section=&#8221;no&#8221; type=&#8221;grid&#8221; angled_section=&#8221;no&#8221; text_align=&#8221;left&#8221; background_image_as_pattern=&#8221;without_pattern&#8221; el_class=&#8221;section_soluciones&#8221;][vc_column][vc_widget_sidebar sidebar_id=&#8221;Menu Soluciones&#8221; el_class=&#8221;menu_soluciones&#8221;][vc_widget_sidebar sidebar_id=&#8221;Menu SOFTWARE&#8221; el_class=&#8221;menu_otras-soluciones&#8221;][vc_row_inner row_type=&#8221;row&#8221; type=&#8221;full_width&#8221; text_align=&#8221;left&#8221; css_animation=&#8221;&#8221; el_class=&#8221;section_soluciones-productos&#8221;][vc_column_inner width=&#8221;1\/2&#8243;][vc_single_image image=&#8221;2059&#8243; img_size=&#8221;full&#8221; qode_css_animation=&#8221;&#8221;][\/vc_column_inner][vc_column_inner width=&#8221;1\/2&#8243;][vc_column_text] VC.CHECKOUT.MANAGER [\/vc_column_text][vc_column_text]Herramienta software para la gesti\u00f3n \u00f3ptima y autom\u00e1tica en tiempo real de la apertura\/cierre de puntos de servicio o&#8230;<\/p>\n","protected":false},"author":1,"featured_media":0,"parent":198,"menu_order":0,"comment_status":"closed","ping_status":"closed","template":"full_width.php","meta":{"inline_featured_image":false,"_monsterinsights_skip_tracking":false,"_monsterinsights_sitenote_active":false,"_monsterinsights_sitenote_note":"","_monsterinsights_sitenote_category":0,"footnotes":""},"class_list":["post-501","page","type-page","status-publish","hentry"],"yoast_head":"<!-- This site is optimized with the Yoast SEO plugin v23.7 - https:\/\/yoast.com\/wordpress\/plugins\/seo\/ -->\n<title>VC.CHECKOUT.MANAGER - Visual Counter<\/title>\n<meta name=\"robots\" content=\"index, follow, max-snippet:-1, max-image-preview:large, max-video-preview:-1\" \/>\n<link rel=\"canonical\" href=\"https:\/\/www.visualcounter.com\/web\/soluciones\/vc-checkout-manager\/\" \/>\n<meta property=\"og:locale\" content=\"es_ES\" \/>\n<meta property=\"og:type\" content=\"article\" \/>\n<meta property=\"og:title\" content=\"VC.CHECKOUT.MANAGER - Visual Counter\" \/>\n<meta property=\"og:description\" content=\"[vc_row css_animation=&#8221;&#8221; row_type=&#8221;row&#8221; use_row_as_full_screen_section=&#8221;no&#8221; type=&#8221;grid&#8221; angled_section=&#8221;no&#8221; text_align=&#8221;left&#8221; background_image_as_pattern=&#8221;without_pattern&#8221; el_class=&#8221;section_soluciones&#8221;][vc_column][vc_widget_sidebar sidebar_id=&#8221;Menu Soluciones&#8221; el_class=&#8221;menu_soluciones&#8221;][vc_widget_sidebar sidebar_id=&#8221;Menu SOFTWARE&#8221; el_class=&#8221;menu_otras-soluciones&#8221;][vc_row_inner row_type=&#8221;row&#8221; type=&#8221;full_width&#8221; text_align=&#8221;left&#8221; css_animation=&#8221;&#8221; el_class=&#8221;section_soluciones-productos&#8221;][vc_column_inner width=&#8221;1\/2&#8243;][vc_single_image image=&#8221;2059&#8243; img_size=&#8221;full&#8221; qode_css_animation=&#8221;&#8221;][\/vc_column_inner][vc_column_inner width=&#8221;1\/2&#8243;][vc_column_text] VC.CHECKOUT.MANAGER [\/vc_column_text][vc_column_text]Herramienta software para la gesti\u00f3n \u00f3ptima y autom\u00e1tica en tiempo real de la apertura\/cierre de puntos de servicio o...\" \/>\n<meta property=\"og:url\" content=\"https:\/\/www.visualcounter.com\/web\/soluciones\/vc-checkout-manager\/\" \/>\n<meta property=\"og:site_name\" content=\"Visual Counter\" \/>\n<meta property=\"article:modified_time\" content=\"2019-02-11T22:18:33+00:00\" \/>\n<meta name=\"twitter:card\" content=\"summary_large_image\" \/>\n<meta name=\"twitter:label1\" content=\"Tiempo de lectura\" \/>\n\t<meta name=\"twitter:data1\" content=\"8 minutos\" \/>\n<script type=\"application\/ld+json\" class=\"yoast-schema-graph\">{\"@context\":\"https:\/\/schema.org\",\"@graph\":[{\"@type\":\"WebPage\",\"@id\":\"https:\/\/www.visualcounter.com\/web\/soluciones\/vc-checkout-manager\/\",\"url\":\"https:\/\/www.visualcounter.com\/web\/soluciones\/vc-checkout-manager\/\",\"name\":\"VC.CHECKOUT.MANAGER - Visual Counter\",\"isPartOf\":{\"@id\":\"https:\/\/www.visualcounter.com\/web\/#website\"},\"datePublished\":\"2017-11-19T10:18:39+00:00\",\"dateModified\":\"2019-02-11T22:18:33+00:00\",\"breadcrumb\":{\"@id\":\"https:\/\/www.visualcounter.com\/web\/soluciones\/vc-checkout-manager\/#breadcrumb\"},\"inLanguage\":\"es\",\"potentialAction\":[{\"@type\":\"ReadAction\",\"target\":[\"https:\/\/www.visualcounter.com\/web\/soluciones\/vc-checkout-manager\/\"]}]},{\"@type\":\"BreadcrumbList\",\"@id\":\"https:\/\/www.visualcounter.com\/web\/soluciones\/vc-checkout-manager\/#breadcrumb\",\"itemListElement\":[{\"@type\":\"ListItem\",\"position\":1,\"name\":\"Portada\",\"item\":\"https:\/\/www.visualcounter.com\/web\/\"},{\"@type\":\"ListItem\",\"position\":2,\"name\":\"Soluciones\",\"item\":\"https:\/\/www.visualcounter.com\/web\/soluciones\/\"},{\"@type\":\"ListItem\",\"position\":3,\"name\":\"VC.CHECKOUT.MANAGER\"}]},{\"@type\":\"WebSite\",\"@id\":\"https:\/\/www.visualcounter.com\/web\/#website\",\"url\":\"https:\/\/www.visualcounter.com\/web\/\",\"name\":\"Visual Counter\",\"description\":\"Soluciones para el conteo de personas \/ pasajeros y otras soluciones innovadoras para el sectores tan dispares como el Retail, Centros Comerciales, Supermercados, Banca, aeropuertos, etc\",\"potentialAction\":[{\"@type\":\"SearchAction\",\"target\":{\"@type\":\"EntryPoint\",\"urlTemplate\":\"https:\/\/www.visualcounter.com\/web\/?s={search_term_string}\"},\"query-input\":{\"@type\":\"PropertyValueSpecification\",\"valueRequired\":true,\"valueName\":\"search_term_string\"}}],\"inLanguage\":\"es\"}]}<\/script>\n<!-- \/ Yoast SEO plugin. -->","yoast_head_json":{"title":"VC.CHECKOUT.MANAGER - Visual Counter","robots":{"index":"index","follow":"follow","max-snippet":"max-snippet:-1","max-image-preview":"max-image-preview:large","max-video-preview":"max-video-preview:-1"},"canonical":"https:\/\/www.visualcounter.com\/web\/soluciones\/vc-checkout-manager\/","og_locale":"es_ES","og_type":"article","og_title":"VC.CHECKOUT.MANAGER - Visual Counter","og_description":"[vc_row css_animation=&#8221;&#8221; row_type=&#8221;row&#8221; use_row_as_full_screen_section=&#8221;no&#8221; type=&#8221;grid&#8221; angled_section=&#8221;no&#8221; text_align=&#8221;left&#8221; background_image_as_pattern=&#8221;without_pattern&#8221; el_class=&#8221;section_soluciones&#8221;][vc_column][vc_widget_sidebar sidebar_id=&#8221;Menu Soluciones&#8221; el_class=&#8221;menu_soluciones&#8221;][vc_widget_sidebar sidebar_id=&#8221;Menu SOFTWARE&#8221; el_class=&#8221;menu_otras-soluciones&#8221;][vc_row_inner row_type=&#8221;row&#8221; type=&#8221;full_width&#8221; text_align=&#8221;left&#8221; css_animation=&#8221;&#8221; el_class=&#8221;section_soluciones-productos&#8221;][vc_column_inner width=&#8221;1\/2&#8243;][vc_single_image image=&#8221;2059&#8243; img_size=&#8221;full&#8221; qode_css_animation=&#8221;&#8221;][\/vc_column_inner][vc_column_inner width=&#8221;1\/2&#8243;][vc_column_text] VC.CHECKOUT.MANAGER [\/vc_column_text][vc_column_text]Herramienta software para la gesti\u00f3n \u00f3ptima y autom\u00e1tica en tiempo real de la apertura\/cierre de puntos de servicio o...","og_url":"https:\/\/www.visualcounter.com\/web\/soluciones\/vc-checkout-manager\/","og_site_name":"Visual Counter","article_modified_time":"2019-02-11T22:18:33+00:00","twitter_card":"summary_large_image","twitter_misc":{"Tiempo de lectura":"8 minutos"},"schema":{"@context":"https:\/\/schema.org","@graph":[{"@type":"WebPage","@id":"https:\/\/www.visualcounter.com\/web\/soluciones\/vc-checkout-manager\/","url":"https:\/\/www.visualcounter.com\/web\/soluciones\/vc-checkout-manager\/","name":"VC.CHECKOUT.MANAGER - Visual Counter","isPartOf":{"@id":"https:\/\/www.visualcounter.com\/web\/#website"},"datePublished":"2017-11-19T10:18:39+00:00","dateModified":"2019-02-11T22:18:33+00:00","breadcrumb":{"@id":"https:\/\/www.visualcounter.com\/web\/soluciones\/vc-checkout-manager\/#breadcrumb"},"inLanguage":"es","potentialAction":[{"@type":"ReadAction","target":["https:\/\/www.visualcounter.com\/web\/soluciones\/vc-checkout-manager\/"]}]},{"@type":"BreadcrumbList","@id":"https:\/\/www.visualcounter.com\/web\/soluciones\/vc-checkout-manager\/#breadcrumb","itemListElement":[{"@type":"ListItem","position":1,"name":"Portada","item":"https:\/\/www.visualcounter.com\/web\/"},{"@type":"ListItem","position":2,"name":"Soluciones","item":"https:\/\/www.visualcounter.com\/web\/soluciones\/"},{"@type":"ListItem","position":3,"name":"VC.CHECKOUT.MANAGER"}]},{"@type":"WebSite","@id":"https:\/\/www.visualcounter.com\/web\/#website","url":"https:\/\/www.visualcounter.com\/web\/","name":"Visual Counter","description":"Soluciones para el conteo de personas \/ pasajeros y otras soluciones innovadoras para el sectores tan dispares como el Retail, Centros Comerciales, Supermercados, Banca, aeropuertos, etc","potentialAction":[{"@type":"SearchAction","target":{"@type":"EntryPoint","urlTemplate":"https:\/\/www.visualcounter.com\/web\/?s={search_term_string}"},"query-input":{"@type":"PropertyValueSpecification","valueRequired":true,"valueName":"search_term_string"}}],"inLanguage":"es"}]}},"_links":{"self":[{"href":"https:\/\/www.visualcounter.com\/web\/wp-json\/wp\/v2\/pages\/501"}],"collection":[{"href":"https:\/\/www.visualcounter.com\/web\/wp-json\/wp\/v2\/pages"}],"about":[{"href":"https:\/\/www.visualcounter.com\/web\/wp-json\/wp\/v2\/types\/page"}],"author":[{"embeddable":true,"href":"https:\/\/www.visualcounter.com\/web\/wp-json\/wp\/v2\/users\/1"}],"replies":[{"embeddable":true,"href":"https:\/\/www.visualcounter.com\/web\/wp-json\/wp\/v2\/comments?post=501"}],"version-history":[{"count":18,"href":"https:\/\/www.visualcounter.com\/web\/wp-json\/wp\/v2\/pages\/501\/revisions"}],"predecessor-version":[{"id":2118,"href":"https:\/\/www.visualcounter.com\/web\/wp-json\/wp\/v2\/pages\/501\/revisions\/2118"}],"up":[{"embeddable":true,"href":"https:\/\/www.visualcounter.com\/web\/wp-json\/wp\/v2\/pages\/198"}],"wp:attachment":[{"href":"https:\/\/www.visualcounter.com\/web\/wp-json\/wp\/v2\/media?parent=501"}],"curies":[{"name":"wp","href":"https:\/\/api.w.org\/{rel}","templated":true}]}}