{"id":32,"date":"2017-10-05T20:31:40","date_gmt":"2017-10-05T20:31:40","guid":{"rendered":"http:\/\/www.visualcounter.com\/web\/?page_id=32"},"modified":"2019-02-12T17:28:34","modified_gmt":"2019-02-12T17:28:34","slug":"empresa","status":"publish","type":"page","link":"https:\/\/www.visualcounter.com\/web\/empresa\/","title":{"rendered":"Empresa"},"content":{"rendered":"[vc_row css_animation=&#8221;&#8221; row_type=&#8221;row&#8221; use_row_as_full_screen_section=&#8221;no&#8221; type=&#8221;full_width&#8221; angled_section=&#8221;no&#8221; text_align=&#8221;left&#8221; background_image=&#8221;33&#8243; background_image_as_pattern=&#8221;without_pattern&#8221; el_class=&#8221;section_header&#8221;][vc_column][vc_column_text]La Empresa[\/vc_column_text][vc_column_text]\n<h1>Dise\u00f1amos, fabricamos y<br \/>\ncomercializamos soluciones tecnol\u00f3gicas propias<br \/>\npara el an\u00e1lisis del flujo de personas<\/h1>\n[\/vc_column_text][\/vc_column][\/vc_row][vc_row css_animation=&#8221;&#8221; row_type=&#8221;row&#8221; use_row_as_full_screen_section=&#8221;no&#8221; type=&#8221;grid&#8221; angled_section=&#8221;no&#8221; text_align=&#8221;left&#8221; background_image_as_pattern=&#8221;without_pattern&#8221; el_class=&#8221;section_2column_text&#8221;][vc_column width=&#8221;1\/2&#8243;][vc_empty_space height=&#8221;90&#8243;][vc_column_text]\n<h3>\u00bfQuienes somos?<\/h3>\n[\/vc_column_text][vc_column_text]Empresa de Ingenier\u00eda Espa\u00f1ola con m\u00e1s de 15 a\u00f1os en el sector IT. Nuestra especialidad es el dise\u00f1o, fabricaci\u00f3n y comercializaci\u00f3n de soluciones de an\u00e1lisis de flujo de personas\/pasajeros en sectores tan dispares como retail, banca, transporte p\u00fablico, aeropuertos, museos, etc<br \/>\nEn la actualidad el parque de soluciones instaladas supera las 40.000 unidades en m\u00e1s de 80 pa\u00edses.[\/vc_column_text][vc_column_text]\n<h3>\u00bfQu\u00e9 hacemos?<\/h3>\n[\/vc_column_text][vc_column_text]A trav\u00e9s de su departamento de Ingenier\u00eda, VISUALCOUNTER posee la capacidad de resolver eficazmente todos los planteamientos t\u00e9cnicos relacionados con su sector de actividad.<br \/>\nDotados de los recursos tecnol\u00f3gicos m\u00e1s avanzados, disponemos de un equipo humano altamente cualificado y capaz de solucionar, de modo integral y riguroso cualquier demanda del cliente.<br \/>\nNuestra uni\u00f3n de experiencia, seriedad, filosof\u00eda de trabajo y recursos, ha sido creada para posibilitar la optimizaci\u00f3n de costes, plazos y calidad, convirtiendo en realidad retos que de otro modo parec\u00edan inalcanzables.<br \/>\n[\/vc_column_text][\/vc_column][vc_column width=&#8221;1\/2&#8243;][vc_empty_space height=&#8221;90&#8243;][vc_column_text]\n<h3>\u00bfD\u00f3nde estamos?<\/h3>\n[\/vc_column_text][vc_column_text]Nuestro \u00e1mbito de actuaci\u00f3n se encuentra, tanto en el territorio nacional con un continuo y s\u00f3lido proceso de expansi\u00f3n proporcionando una posici\u00f3n de liderazgo durante m\u00e1s de 15 a\u00f1os, como en el \u00e1mbito internacional abarcando mercados punteros tales como el europeo, asi\u00e1tico, americano y africano, teniendo la capacidad de distribuir todos nuestros productos a cualquier punto del mundo.[\/vc_column_text][vc_column_text]\n<h3>\u00bfCual es nuestro objetivo?<\/h3>\n[\/vc_column_text][vc_column_text]En resumen, la pol\u00edtica de calidad de VISUALCOUNTER est\u00e1 orientada a satisfacer las necesidades y expectativas de nuestros clientes, comprometi\u00e9ndonos al desarrollo de nuevos procesos eficientes y sostenibles que aseguren nuestra expansi\u00f3n en el Mercado, ofreciendo en cualquier caso la mejor calidad precio.[\/vc_column_text][\/vc_column][\/vc_row][vc_row css_animation=&#8221;&#8221; row_type=&#8221;row&#8221; use_row_as_full_screen_section=&#8221;no&#8221; type=&#8221;grid&#8221; angled_section=&#8221;no&#8221; text_align=&#8221;left&#8221; background_image=&#8221;34&#8243; background_image_as_pattern=&#8221;without_pattern&#8221; el_class=&#8221;section_subtitle_title_text section_subtitle_title_text_fondo&#8221;][vc_column][vc_column_text el_class=&#8221;section_subtitle_title_text-title&#8221;]\n<h1>Nuestros compromisos ofrecen la m\u00e1xima calidad de gesti\u00f3n<\/h1>\n[\/vc_column_text][vc_column_text el_class=&#8221;section_subtitle_title_text-text&#8221;]La Direcci\u00f3n de VISUALCOUNTER, consciente de la importancia que tiene la calidad para la gesti\u00f3n de la empresa y la prestaci\u00f3n de sus servicios, pretende asegurar su implantaci\u00f3n en el mercado, de forma competitiva, adoptando compromisos tales como:[\/vc_column_text][vc_row_inner row_type=&#8221;row&#8221; type=&#8221;full_width&#8221; text_align=&#8221;left&#8221; css_animation=&#8221;&#8221; el_class=&#8221;section_icons_horizontal&#8221;][vc_column_inner width=&#8221;1\/4&#8243;]<div class='q_icon_with_title tiny custom_icon_image center'><div class=\"icon_holder \" style=\" \"><img decoding=\"async\" itemprop=\"image\" style=\"\" src=\"https:\/\/www.visualcounter.com\/web\/wp-content\/uploads\/2017\/10\/icono-empresa-1.svg\" alt=\"\"><\/div><div class=\"icon_text_holder\" style=\"\"><div class=\"icon_text_inner\" style=\"\"><h5 class=\"icon_title\" style=\"\"><\/h5><p style=''>Mejora continua del sistema de gesti\u00f3n de la calidad, mediante la colaboraci\u00f3n con proveedores, clientes, y la aplicaci\u00f3n de nuevas tecnolog\u00edas.<\/p><\/div><\/div><\/div>[\/vc_column_inner][vc_column_inner width=&#8221;1\/4&#8243;]<div class='q_icon_with_title tiny custom_icon_image center'><div class=\"icon_holder \" style=\" \"><img decoding=\"async\" itemprop=\"image\" style=\"\" src=\"https:\/\/www.visualcounter.com\/web\/wp-content\/uploads\/2017\/10\/icono-empresa-2.svg\" alt=\"\"><\/div><div class=\"icon_text_holder\" style=\"\"><div class=\"icon_text_inner\" style=\"\"><h5 class=\"icon_title\" style=\"\"><\/h5><p style=''>Mejora en la profesionalidad de nuestros empleados y proveedores, as\u00ed como en el establecimiento de procesos que afiancen nuestro progreso.<\/p><\/div><\/div><\/div>[\/vc_column_inner][vc_column_inner width=&#8221;1\/4&#8243;]<div class='q_icon_with_title tiny custom_icon_image center'><div class=\"icon_holder \" style=\" \"><img decoding=\"async\" itemprop=\"image\" style=\"\" src=\"https:\/\/www.visualcounter.com\/web\/wp-content\/uploads\/2017\/10\/icono-empresa-3.svg\" alt=\"\"><\/div><div class=\"icon_text_holder\" style=\"\"><div class=\"icon_text_inner\" style=\"\"><h5 class=\"icon_title\" style=\"\"><\/h5><p style=''>El an\u00e1lisis y cumplimiento de los requisitos legales y de los propios clientes, potenciar\u00e1 la mejora de nuestras actividades productivas.<\/p><\/div><\/div><\/div>[\/vc_column_inner][vc_column_inner width=&#8221;1\/4&#8243;]<div class='q_icon_with_title tiny custom_icon_image center'><div class=\"icon_holder \" style=\" \"><img decoding=\"async\" itemprop=\"image\" style=\"\" src=\"https:\/\/www.visualcounter.com\/web\/wp-content\/uploads\/2017\/10\/icono-empresa-4.svg\" alt=\"\"><\/div><div class=\"icon_text_holder\" style=\"\"><div class=\"icon_text_inner\" style=\"\"><h5 class=\"icon_title\" style=\"\"><\/h5><p style=''>La planificaci\u00f3n y simplificaci\u00f3n de las soluciones a adoptar, ser\u00e1 una constante en la toma de decisiones.<\/p><\/div><\/div><\/div>[\/vc_column_inner][\/vc_row_inner][\/vc_column][\/vc_row][vc_row css_animation=&#8221;&#8221; row_type=&#8221;row&#8221; use_row_as_full_screen_section=&#8221;no&#8221; type=&#8221;grid&#8221; angled_section=&#8221;no&#8221; text_align=&#8221;left&#8221; background_image_as_pattern=&#8221;without_pattern&#8221; el_class=&#8221;section_subtitle_title_text&#8221;][vc_column][vc_column_text el_class=&#8221;section_subtitle_title_text-subtitle&#8221;]\n<h6>PROYECTO DE FUTURO<\/h6>\n[\/vc_column_text][vc_column_text el_class=&#8221;section_subtitle_title_text-title&#8221;]\n<h2>Buscamos sostenibilidad econ\u00f3mica y social, calidad humana, excelencia organizativa y desarrollo sostenible<\/h2>\n[\/vc_column_text][vc_column_text]En nuestro proyecto de futuro crearemos valor bajo unas condiciones de sostenibilidad econ\u00f3mica y social, la calidad humana de los empleados.<br \/>\nLa excelencia organizativa y el desarrollo sostenible son los atributos que constituyen el n\u00facleo fundamental de los valores de Visual Counter, y permiten construir y sostener la visi\u00f3n de la compa\u00f1\u00eda, generando en el entorno un impacto positivo.[\/vc_column_text][vc_row_inner row_type=&#8221;row&#8221; type=&#8221;full_width&#8221; text_align=&#8221;left&#8221; css_animation=&#8221;&#8221; el_class=&#8221;section_icons_2columns&#8221;][vc_column_inner width=&#8221;1\/2&#8243;]<div class='q_icon_with_title tiny custom_icon_image'><div class=\"icon_holder \" style=\" \"><img decoding=\"async\" itemprop=\"image\" style=\"\" src=\"https:\/\/www.visualcounter.com\/web\/wp-content\/uploads\/2017\/10\/icono-impulsarnos.svg\" alt=\"\"><\/div><div class=\"icon_text_holder\" style=\"\"><div class=\"icon_text_inner\" style=\"\"><h5 class=\"icon_title\" style=\"\"><\/h5><p style=''><strong>impulsarnos<\/strong> hacia la comercializaci\u00f3n nacional e internacional, afianzando el firme compromiso con unos criterios de prudencia y minimizaci\u00f3n del riesgo en los resultados.<\/p><\/div><\/div><\/div><div class='q_icon_with_title tiny custom_icon_image'><div class=\"icon_holder \" style=\" \"><img decoding=\"async\" itemprop=\"image\" style=\"\" src=\"https:\/\/www.visualcounter.com\/web\/wp-content\/uploads\/2017\/10\/icono-anticiparnos.svg\" alt=\"\"><\/div><div class=\"icon_text_holder\" style=\"\"><div class=\"icon_text_inner\" style=\"\"><h5 class=\"icon_title\" style=\"\"><\/h5><p style=''><strong>Evolucionar<\/strong> en condiciones de sostenibilidad como garant\u00eda para el crecimiento.<\/p><\/div><\/div><\/div><div class='q_icon_with_title tiny custom_icon_image'><div class=\"icon_holder \" style=\" \"><img decoding=\"async\" itemprop=\"image\" style=\"\" src=\"https:\/\/www.visualcounter.com\/web\/wp-content\/uploads\/2017\/10\/icono-confianza.svg\" alt=\"\"><\/div><div class=\"icon_text_holder\" style=\"\"><div class=\"icon_text_inner\" style=\"\"><h5 class=\"icon_title\" style=\"\"><\/h5><p style=''><strong>COMPROMETERNOS<\/strong> a mantener una estructura financiera s\u00f3lida.<\/p><\/div><\/div><\/div>[\/vc_column_inner][vc_column_inner width=&#8221;1\/2&#8243;]<div class='q_icon_with_title tiny custom_icon_image'><div class=\"icon_holder \" style=\" \"><img decoding=\"async\" itemprop=\"image\" style=\"\" src=\"https:\/\/www.visualcounter.com\/web\/wp-content\/uploads\/2017\/10\/icono-evolucionar.svg\" alt=\"\"><\/div><div class=\"icon_text_holder\" style=\"\"><div class=\"icon_text_inner\" style=\"\"><h5 class=\"icon_title\" style=\"\"><\/h5><p style=''><strong>anticiparnos<\/strong> en el dise\u00f1o y la organizaci\u00f3n de la administraci\u00f3n de la empresa, y en el cumplimiento de normas y recomendaciones para generar m\u00e1s seguridad, m\u00e1s control y m\u00e1s transparencia.<\/p><\/div><\/div><\/div><div class='q_icon_with_title tiny custom_icon_image'><div class=\"icon_holder \" style=\" \"><img decoding=\"async\" itemprop=\"image\" style=\"\" src=\"https:\/\/www.visualcounter.com\/web\/wp-content\/uploads\/2017\/10\/icono-comprometernos.svg\" alt=\"\"><\/div><div class=\"icon_text_holder\" style=\"\"><div class=\"icon_text_inner\" style=\"\"><h5 class=\"icon_title\" style=\"\"><\/h5><p style=''><strong>dar la m\u00e1xima confianza<\/strong> a nuestros clientes para garantizar los mejores resultados en cualquier situaci\u00f3n.<\/p><\/div><\/div><\/div>[\/vc_column_inner][\/vc_row_inner][\/vc_column][\/vc_row][vc_row css_animation=&#8221;&#8221; row_type=&#8221;row&#8221; use_row_as_full_screen_section=&#8221;no&#8221; type=&#8221;grid&#8221; angled_section=&#8221;no&#8221; text_align=&#8221;left&#8221; background_image_as_pattern=&#8221;without_pattern&#8221; background_color=&#8221;#e8e8e8&#8243; el_class=&#8221;section_subtitle_title_text&#8221;][vc_column][vc_column_text el_class=&#8221;section_subtitle_title_text-subtitle&#8221;]\n<h6>CLIENTES DE REFERENCIA<\/h6>\n[\/vc_column_text][vc_column_text el_class=&#8221;section_subtitle_title_text-title&#8221;]\n<h2>Conozca algunos de las empresas que han<br \/>\nconfiado en la tecnolog\u00eda Visual Counter<\/h2>\n[\/vc_column_text]<a  itemprop=\"url\" href=\"http:\/\/www.visualcounter.com\/web\/referencias\/\" target=\"_self\"  class=\"qbutton  small default\" style=\"\">REFERENCIAS<\/a>[\/vc_column][\/vc_row]\n","protected":false},"excerpt":{"rendered":"<p>[vc_row css_animation=&#8221;&#8221; row_type=&#8221;row&#8221; use_row_as_full_screen_section=&#8221;no&#8221; type=&#8221;full_width&#8221; angled_section=&#8221;no&#8221; text_align=&#8221;left&#8221; background_image=&#8221;33&#8243; background_image_as_pattern=&#8221;without_pattern&#8221; el_class=&#8221;section_header&#8221;][vc_column][vc_column_text]La Empresa[\/vc_column_text][vc_column_text] Dise\u00f1amos, fabricamos y comercializamos soluciones tecnol\u00f3gicas propias para el an\u00e1lisis del flujo de personas [\/vc_column_text][\/vc_column][\/vc_row][vc_row css_animation=&#8221;&#8221; row_type=&#8221;row&#8221; use_row_as_full_screen_section=&#8221;no&#8221; type=&#8221;grid&#8221; angled_section=&#8221;no&#8221; text_align=&#8221;left&#8221; background_image_as_pattern=&#8221;without_pattern&#8221; el_class=&#8221;section_2column_text&#8221;][vc_column width=&#8221;1\/2&#8243;][vc_empty_space height=&#8221;90&#8243;][vc_column_text] \u00bfQuienes somos? [\/vc_column_text][vc_column_text]Empresa de Ingenier\u00eda Espa\u00f1ola con m\u00e1s de&#8230;<\/p>\n","protected":false},"author":1,"featured_media":0,"parent":0,"menu_order":0,"comment_status":"closed","ping_status":"closed","template":"full_width.php","meta":{"inline_featured_image":false,"_monsterinsights_skip_tracking":false,"_monsterinsights_sitenote_active":false,"_monsterinsights_sitenote_note":"","_monsterinsights_sitenote_category":0,"footnotes":""},"class_list":["post-32","page","type-page","status-publish","hentry"],"yoast_head":"<!-- This site is optimized with the Yoast SEO plugin v23.7 - https:\/\/yoast.com\/wordpress\/plugins\/seo\/ -->\n<title>Empresa - Visual Counter<\/title>\n<meta name=\"robots\" content=\"index, follow, max-snippet:-1, max-image-preview:large, max-video-preview:-1\" \/>\n<link rel=\"canonical\" href=\"https:\/\/www.visualcounter.com\/web\/empresa\/\" \/>\n<meta property=\"og:locale\" content=\"es_ES\" \/>\n<meta property=\"og:type\" content=\"article\" \/>\n<meta property=\"og:title\" content=\"Empresa - Visual Counter\" \/>\n<meta property=\"og:description\" content=\"[vc_row css_animation=&#8221;&#8221; row_type=&#8221;row&#8221; use_row_as_full_screen_section=&#8221;no&#8221; type=&#8221;full_width&#8221; angled_section=&#8221;no&#8221; text_align=&#8221;left&#8221; background_image=&#8221;33&#8243; background_image_as_pattern=&#8221;without_pattern&#8221; el_class=&#8221;section_header&#8221;][vc_column][vc_column_text]La Empresa[\/vc_column_text][vc_column_text] Dise\u00f1amos, fabricamos y comercializamos soluciones tecnol\u00f3gicas propias para el an\u00e1lisis del flujo de personas [\/vc_column_text][\/vc_column][\/vc_row][vc_row css_animation=&#8221;&#8221; row_type=&#8221;row&#8221; use_row_as_full_screen_section=&#8221;no&#8221; type=&#8221;grid&#8221; angled_section=&#8221;no&#8221; text_align=&#8221;left&#8221; background_image_as_pattern=&#8221;without_pattern&#8221; el_class=&#8221;section_2column_text&#8221;][vc_column width=&#8221;1\/2&#8243;][vc_empty_space height=&#8221;90&#8243;][vc_column_text] \u00bfQuienes somos? [\/vc_column_text][vc_column_text]Empresa de Ingenier\u00eda Espa\u00f1ola con m\u00e1s de...\" \/>\n<meta property=\"og:url\" content=\"https:\/\/www.visualcounter.com\/web\/empresa\/\" \/>\n<meta property=\"og:site_name\" content=\"Visual Counter\" \/>\n<meta property=\"article:modified_time\" content=\"2019-02-12T17:28:34+00:00\" \/>\n<meta name=\"twitter:card\" content=\"summary_large_image\" \/>\n<meta name=\"twitter:label1\" content=\"Tiempo de lectura\" \/>\n\t<meta name=\"twitter:data1\" content=\"7 minutos\" \/>\n<script type=\"application\/ld+json\" class=\"yoast-schema-graph\">{\"@context\":\"https:\/\/schema.org\",\"@graph\":[{\"@type\":\"WebPage\",\"@id\":\"https:\/\/www.visualcounter.com\/web\/empresa\/\",\"url\":\"https:\/\/www.visualcounter.com\/web\/empresa\/\",\"name\":\"Empresa - Visual Counter\",\"isPartOf\":{\"@id\":\"https:\/\/www.visualcounter.com\/web\/#website\"},\"datePublished\":\"2017-10-05T20:31:40+00:00\",\"dateModified\":\"2019-02-12T17:28:34+00:00\",\"breadcrumb\":{\"@id\":\"https:\/\/www.visualcounter.com\/web\/empresa\/#breadcrumb\"},\"inLanguage\":\"es\",\"potentialAction\":[{\"@type\":\"ReadAction\",\"target\":[\"https:\/\/www.visualcounter.com\/web\/empresa\/\"]}]},{\"@type\":\"BreadcrumbList\",\"@id\":\"https:\/\/www.visualcounter.com\/web\/empresa\/#breadcrumb\",\"itemListElement\":[{\"@type\":\"ListItem\",\"position\":1,\"name\":\"Portada\",\"item\":\"https:\/\/www.visualcounter.com\/web\/\"},{\"@type\":\"ListItem\",\"position\":2,\"name\":\"Empresa\"}]},{\"@type\":\"WebSite\",\"@id\":\"https:\/\/www.visualcounter.com\/web\/#website\",\"url\":\"https:\/\/www.visualcounter.com\/web\/\",\"name\":\"Visual Counter\",\"description\":\"Soluciones para el conteo de personas \/ pasajeros y otras soluciones innovadoras para el sectores tan dispares como el Retail, Centros Comerciales, Supermercados, Banca, aeropuertos, etc\",\"potentialAction\":[{\"@type\":\"SearchAction\",\"target\":{\"@type\":\"EntryPoint\",\"urlTemplate\":\"https:\/\/www.visualcounter.com\/web\/?s={search_term_string}\"},\"query-input\":{\"@type\":\"PropertyValueSpecification\",\"valueRequired\":true,\"valueName\":\"search_term_string\"}}],\"inLanguage\":\"es\"}]}<\/script>\n<!-- \/ Yoast SEO plugin. -->","yoast_head_json":{"title":"Empresa - Visual Counter","robots":{"index":"index","follow":"follow","max-snippet":"max-snippet:-1","max-image-preview":"max-image-preview:large","max-video-preview":"max-video-preview:-1"},"canonical":"https:\/\/www.visualcounter.com\/web\/empresa\/","og_locale":"es_ES","og_type":"article","og_title":"Empresa - Visual Counter","og_description":"[vc_row css_animation=&#8221;&#8221; row_type=&#8221;row&#8221; use_row_as_full_screen_section=&#8221;no&#8221; type=&#8221;full_width&#8221; angled_section=&#8221;no&#8221; text_align=&#8221;left&#8221; background_image=&#8221;33&#8243; background_image_as_pattern=&#8221;without_pattern&#8221; el_class=&#8221;section_header&#8221;][vc_column][vc_column_text]La Empresa[\/vc_column_text][vc_column_text] Dise\u00f1amos, fabricamos y comercializamos soluciones tecnol\u00f3gicas propias para el an\u00e1lisis del flujo de personas [\/vc_column_text][\/vc_column][\/vc_row][vc_row css_animation=&#8221;&#8221; row_type=&#8221;row&#8221; use_row_as_full_screen_section=&#8221;no&#8221; type=&#8221;grid&#8221; angled_section=&#8221;no&#8221; text_align=&#8221;left&#8221; background_image_as_pattern=&#8221;without_pattern&#8221; el_class=&#8221;section_2column_text&#8221;][vc_column width=&#8221;1\/2&#8243;][vc_empty_space height=&#8221;90&#8243;][vc_column_text] \u00bfQuienes somos? [\/vc_column_text][vc_column_text]Empresa de Ingenier\u00eda Espa\u00f1ola con m\u00e1s de...","og_url":"https:\/\/www.visualcounter.com\/web\/empresa\/","og_site_name":"Visual Counter","article_modified_time":"2019-02-12T17:28:34+00:00","twitter_card":"summary_large_image","twitter_misc":{"Tiempo de lectura":"7 minutos"},"schema":{"@context":"https:\/\/schema.org","@graph":[{"@type":"WebPage","@id":"https:\/\/www.visualcounter.com\/web\/empresa\/","url":"https:\/\/www.visualcounter.com\/web\/empresa\/","name":"Empresa - Visual Counter","isPartOf":{"@id":"https:\/\/www.visualcounter.com\/web\/#website"},"datePublished":"2017-10-05T20:31:40+00:00","dateModified":"2019-02-12T17:28:34+00:00","breadcrumb":{"@id":"https:\/\/www.visualcounter.com\/web\/empresa\/#breadcrumb"},"inLanguage":"es","potentialAction":[{"@type":"ReadAction","target":["https:\/\/www.visualcounter.com\/web\/empresa\/"]}]},{"@type":"BreadcrumbList","@id":"https:\/\/www.visualcounter.com\/web\/empresa\/#breadcrumb","itemListElement":[{"@type":"ListItem","position":1,"name":"Portada","item":"https:\/\/www.visualcounter.com\/web\/"},{"@type":"ListItem","position":2,"name":"Empresa"}]},{"@type":"WebSite","@id":"https:\/\/www.visualcounter.com\/web\/#website","url":"https:\/\/www.visualcounter.com\/web\/","name":"Visual Counter","description":"Soluciones para el conteo de personas \/ pasajeros y otras soluciones innovadoras para el sectores tan dispares como el Retail, Centros Comerciales, Supermercados, Banca, aeropuertos, etc","potentialAction":[{"@type":"SearchAction","target":{"@type":"EntryPoint","urlTemplate":"https:\/\/www.visualcounter.com\/web\/?s={search_term_string}"},"query-input":{"@type":"PropertyValueSpecification","valueRequired":true,"valueName":"search_term_string"}}],"inLanguage":"es"}]}},"_links":{"self":[{"href":"https:\/\/www.visualcounter.com\/web\/wp-json\/wp\/v2\/pages\/32"}],"collection":[{"href":"https:\/\/www.visualcounter.com\/web\/wp-json\/wp\/v2\/pages"}],"about":[{"href":"https:\/\/www.visualcounter.com\/web\/wp-json\/wp\/v2\/types\/page"}],"author":[{"embeddable":true,"href":"https:\/\/www.visualcounter.com\/web\/wp-json\/wp\/v2\/users\/1"}],"replies":[{"embeddable":true,"href":"https:\/\/www.visualcounter.com\/web\/wp-json\/wp\/v2\/comments?post=32"}],"version-history":[{"count":19,"href":"https:\/\/www.visualcounter.com\/web\/wp-json\/wp\/v2\/pages\/32\/revisions"}],"predecessor-version":[{"id":2189,"href":"https:\/\/www.visualcounter.com\/web\/wp-json\/wp\/v2\/pages\/32\/revisions\/2189"}],"wp:attachment":[{"href":"https:\/\/www.visualcounter.com\/web\/wp-json\/wp\/v2\/media?parent=32"}],"curies":[{"name":"wp","href":"https:\/\/api.w.org\/{rel}","templated":true}]}}