{"id":2312,"date":"2019-02-15T23:50:29","date_gmt":"2019-02-15T23:50:29","guid":{"rendered":"http:\/\/www.visualcounter.com\/web\/?page_id=2312"},"modified":"2019-02-16T00:42:26","modified_gmt":"2019-02-16T00:42:26","slug":"referencias","status":"publish","type":"page","link":"https:\/\/www.visualcounter.com\/web\/referencias\/","title":{"rendered":"Referencias"},"content":{"rendered":"[vc_row css_animation=&#8221;&#8221; row_type=&#8221;row&#8221; use_row_as_full_screen_section=&#8221;no&#8221; type=&#8221;full_width&#8221; angled_section=&#8221;no&#8221; text_align=&#8221;left&#8221; background_image=&#8221;437&#8243; background_image_as_pattern=&#8221;without_pattern&#8221; el_class=&#8221;section_header&#8221;][vc_column][vc_column_text]Referencias de mercado[\/vc_column_text][vc_column_text]\n<h1>Contamos con una amplio abanico de clientes en todo el \u00e1mbito<br \/>\ninternacional, referentes en sus propios \u00e1mbitos de negocio,<br \/>\nque han confiado en la calidad de nuestra tecnolog\u00eda<\/h1>\n[\/vc_column_text][\/vc_column][\/vc_row][vc_row css_animation=&#8221;&#8221; row_type=&#8221;row&#8221; use_row_as_full_screen_section=&#8221;no&#8221; type=&#8221;grid&#8221; angled_section=&#8221;no&#8221; text_align=&#8221;left&#8221; background_image_as_pattern=&#8221;without_pattern&#8221; background_color=&#8221;#f4f4f4&#8243; el_class=&#8221;section_title&#8221; css=&#8221;.vc_custom_1546555116746{background-color: #ededed !important;}&#8221;][vc_column][vc_column_text]En la actualidad el parque de soluciones instaladas supera las 40.000 unidades en m\u00e1s de 80 pa\u00edses[\/vc_column_text][vc_row_inner row_type=&#8221;row&#8221; type=&#8221;full_width&#8221; text_align=&#8221;left&#8221; css_animation=&#8221;&#8221; el_class=&#8221;section_mapa&#8221;][vc_column_inner][vc_single_image image=&#8221;408&#8243; img_size=&#8221;full&#8221; alignment=&#8221;center&#8221; qode_css_animation=&#8221;&#8221; el_class=&#8221;imagen-mapa&#8221;][\/vc_column_inner][\/vc_row_inner][\/vc_column][\/vc_row][vc_row css_animation=&#8221;&#8221; row_type=&#8221;row&#8221; use_row_as_full_screen_section=&#8221;no&#8221; type=&#8221;grid&#8221; angled_section=&#8221;no&#8221; text_align=&#8221;left&#8221; background_image_as_pattern=&#8221;without_pattern&#8221; el_class=&#8221;section_subtitle_title_text&#8221;][vc_column][vc_column_text el_class=&#8221;section_subtitle_title_text-subtitle&#8221;]\n<h6>CLIENTES DE REFERENCIA<\/h6>\n[\/vc_column_text][vc_column_text el_class=&#8221;section_subtitle_title_text-title&#8221;]\n<h2>Conozca algunas de las empresas que han confiado en la tecnolog\u00eda Visual Counter<\/h2>\n<h1>Contamos con una amplia gama de productos adaptados a cualquier nicho de negocio<\/h1>\n[\/vc_column_text][vc_row_inner row_type=&#8221;row&#8221; type=&#8221;full_width&#8221; text_align=&#8221;left&#8221; css_animation=&#8221;&#8221;][vc_column_inner width=&#8221;1\/2&#8243;][vc_column_text el_class=&#8221;section_subtitle_title_text-title&#8221;]\n<h1>RETAIL<\/h1>\n[\/vc_column_text][\/vc_column_inner][vc_column_inner width=&#8221;1\/2&#8243;][vc_column_text el_class=&#8221;section_subtitle_title_text-title&#8221;]\n<h1>CENTROS COMERCIALES<\/h1>\n[\/vc_column_text][\/vc_column_inner][\/vc_row_inner][vc_row_inner row_type=&#8221;row&#8221; type=&#8221;full_width&#8221; text_align=&#8221;left&#8221; css_animation=&#8221;&#8221;][vc_column_inner width=&#8221;1\/2&#8243;][vc_column_text el_class=&#8221;section_subtitle_title_text-title&#8221;]\n<h1>SUPERMERCADOS<\/h1>\n[\/vc_column_text][\/vc_column_inner][vc_column_inner width=&#8221;1\/2&#8243;][vc_column_text el_class=&#8221;section_subtitle_title_text-title&#8221;]\n<h1>TRANSPORTE P\u00daBLICO<\/h1>\n[\/vc_column_text][\/vc_column_inner][\/vc_row_inner][vc_row_inner row_type=&#8221;row&#8221; type=&#8221;full_width&#8221; text_align=&#8221;left&#8221; css_animation=&#8221;&#8221;][vc_column_inner width=&#8221;1\/2&#8243;][vc_column_text el_class=&#8221;section_subtitle_title_text-title&#8221;]\n<h1>AEROPUERTOS\/ESTACIONES<\/h1>\n[\/vc_column_text][\/vc_column_inner][vc_column_inner width=&#8221;1\/2&#8243;][vc_column_text el_class=&#8221;section_subtitle_title_text-title&#8221;]\n<h1>MUSEOS\/UNIVERSIDADES<\/h1>\n[\/vc_column_text][\/vc_column_inner][\/vc_row_inner][vc_row_inner row_type=&#8221;row&#8221; type=&#8221;full_width&#8221; text_align=&#8221;left&#8221; css_animation=&#8221;&#8221;][vc_column_inner width=&#8221;1\/2&#8243;][vc_column_text el_class=&#8221;section_subtitle_title_text-title&#8221;]\n<h1>BANCA<\/h1>\n[\/vc_column_text][\/vc_column_inner][\/vc_row_inner][\/vc_column][\/vc_row][vc_row css_animation=&#8221;&#8221; row_type=&#8221;row&#8221; use_row_as_full_screen_section=&#8221;no&#8221; type=&#8221;grid&#8221; angled_section=&#8221;no&#8221; text_align=&#8221;left&#8221; background_image_as_pattern=&#8221;without_pattern&#8221;][vc_column el_class=&#8221;section_subtitle_title_text&#8221;][vc_column_text el_class=&#8221;section_subtitle_title_text-title&#8221;]\n<h2>\u00bfP<strong>odemos ayudarte?<\/strong><\/h2>\n<h2><strong>\u00bfEst\u00e1s interesado en usar la innovadora tecnolog\u00eda Visual Counter?<\/strong><\/h2>\n<h2><strong>Contacta con nosotros<\/strong><\/h2>\n[\/vc_column_text][vc_column_text]Nuestra vocaci\u00f3n global nos permite ofrecer nuestros productos y servicios a trav\u00e9s de nuestra red de partners\/integradores\/distribuidores ubicados internacionalmente<\/p>\n<p>Cualquier petici\u00f3n de informaci\u00f3n ser\u00e1 canalizada convenientemente, con el objetivo de darle la mejor respuesta en el menor tiempo posible<\/p>\n<p>Cumplimente el formulario que encontrar\u00e1 en el apartado \u2018Contacto\u2019 y con mucho gusto le atenderemos[\/vc_column_text]<a  itemprop=\"url\" href=\"http:\/\/www.visualcounter.com\/web\/contacto\/\" target=\"_self\"  class=\"qbutton  small default\" style=\"\">CONTACTO<\/a>[vc_column_inner width=&#8221;1\/2&#8243;][\/vc_column_inner][\/vc_column][\/vc_row][vc_column][\/vc_column]\n","protected":false},"excerpt":{"rendered":"<p>[vc_row css_animation=&#8221;&#8221; row_type=&#8221;row&#8221; use_row_as_full_screen_section=&#8221;no&#8221; type=&#8221;full_width&#8221; angled_section=&#8221;no&#8221; text_align=&#8221;left&#8221; background_image=&#8221;437&#8243; background_image_as_pattern=&#8221;without_pattern&#8221; el_class=&#8221;section_header&#8221;][vc_column][vc_column_text]Referencias de mercado[\/vc_column_text][vc_column_text] Contamos con una amplio abanico de clientes en todo el \u00e1mbito internacional, referentes en sus propios \u00e1mbitos de negocio, que han confiado en la calidad de nuestra tecnolog\u00eda [\/vc_column_text][\/vc_column][\/vc_row][vc_row css_animation=&#8221;&#8221; row_type=&#8221;row&#8221; use_row_as_full_screen_section=&#8221;no&#8221; type=&#8221;grid&#8221;&#8230;<\/p>\n","protected":false},"author":1,"featured_media":0,"parent":0,"menu_order":0,"comment_status":"closed","ping_status":"closed","template":"full_width.php","meta":{"inline_featured_image":false,"_monsterinsights_skip_tracking":false,"_monsterinsights_sitenote_active":false,"_monsterinsights_sitenote_note":"","_monsterinsights_sitenote_category":0,"footnotes":""},"class_list":["post-2312","page","type-page","status-publish","hentry"],"yoast_head":"<!-- This site is optimized with the Yoast SEO plugin v23.7 - https:\/\/yoast.com\/wordpress\/plugins\/seo\/ -->\n<title>Referencias - Visual Counter<\/title>\n<meta name=\"robots\" content=\"index, follow, max-snippet:-1, max-image-preview:large, max-video-preview:-1\" \/>\n<link rel=\"canonical\" href=\"https:\/\/www.visualcounter.com\/web\/referencias\/\" \/>\n<meta property=\"og:locale\" content=\"es_ES\" \/>\n<meta property=\"og:type\" content=\"article\" \/>\n<meta property=\"og:title\" content=\"Referencias - Visual Counter\" \/>\n<meta property=\"og:description\" content=\"[vc_row css_animation=&#8221;&#8221; row_type=&#8221;row&#8221; use_row_as_full_screen_section=&#8221;no&#8221; type=&#8221;full_width&#8221; angled_section=&#8221;no&#8221; text_align=&#8221;left&#8221; background_image=&#8221;437&#8243; background_image_as_pattern=&#8221;without_pattern&#8221; el_class=&#8221;section_header&#8221;][vc_column][vc_column_text]Referencias de mercado[\/vc_column_text][vc_column_text] Contamos con una amplio abanico de clientes en todo el \u00e1mbito internacional, referentes en sus propios \u00e1mbitos de negocio, que han confiado en la calidad de nuestra tecnolog\u00eda [\/vc_column_text][\/vc_column][\/vc_row][vc_row css_animation=&#8221;&#8221; row_type=&#8221;row&#8221; use_row_as_full_screen_section=&#8221;no&#8221; type=&#8221;grid&#8221;...\" \/>\n<meta property=\"og:url\" content=\"https:\/\/www.visualcounter.com\/web\/referencias\/\" \/>\n<meta property=\"og:site_name\" content=\"Visual Counter\" \/>\n<meta property=\"article:modified_time\" content=\"2019-02-16T00:42:26+00:00\" \/>\n<meta name=\"twitter:card\" content=\"summary_large_image\" \/>\n<meta name=\"twitter:label1\" content=\"Tiempo de lectura\" \/>\n\t<meta name=\"twitter:data1\" content=\"3 minutos\" \/>\n<script type=\"application\/ld+json\" class=\"yoast-schema-graph\">{\"@context\":\"https:\/\/schema.org\",\"@graph\":[{\"@type\":\"WebPage\",\"@id\":\"https:\/\/www.visualcounter.com\/web\/referencias\/\",\"url\":\"https:\/\/www.visualcounter.com\/web\/referencias\/\",\"name\":\"Referencias - Visual Counter\",\"isPartOf\":{\"@id\":\"https:\/\/www.visualcounter.com\/web\/#website\"},\"datePublished\":\"2019-02-15T23:50:29+00:00\",\"dateModified\":\"2019-02-16T00:42:26+00:00\",\"breadcrumb\":{\"@id\":\"https:\/\/www.visualcounter.com\/web\/referencias\/#breadcrumb\"},\"inLanguage\":\"es\",\"potentialAction\":[{\"@type\":\"ReadAction\",\"target\":[\"https:\/\/www.visualcounter.com\/web\/referencias\/\"]}]},{\"@type\":\"BreadcrumbList\",\"@id\":\"https:\/\/www.visualcounter.com\/web\/referencias\/#breadcrumb\",\"itemListElement\":[{\"@type\":\"ListItem\",\"position\":1,\"name\":\"Portada\",\"item\":\"https:\/\/www.visualcounter.com\/web\/\"},{\"@type\":\"ListItem\",\"position\":2,\"name\":\"Referencias\"}]},{\"@type\":\"WebSite\",\"@id\":\"https:\/\/www.visualcounter.com\/web\/#website\",\"url\":\"https:\/\/www.visualcounter.com\/web\/\",\"name\":\"Visual Counter\",\"description\":\"Soluciones para el conteo de personas \/ pasajeros y otras soluciones innovadoras para el sectores tan dispares como el Retail, Centros Comerciales, Supermercados, Banca, aeropuertos, etc\",\"potentialAction\":[{\"@type\":\"SearchAction\",\"target\":{\"@type\":\"EntryPoint\",\"urlTemplate\":\"https:\/\/www.visualcounter.com\/web\/?s={search_term_string}\"},\"query-input\":{\"@type\":\"PropertyValueSpecification\",\"valueRequired\":true,\"valueName\":\"search_term_string\"}}],\"inLanguage\":\"es\"}]}<\/script>\n<!-- \/ Yoast SEO plugin. -->","yoast_head_json":{"title":"Referencias - Visual Counter","robots":{"index":"index","follow":"follow","max-snippet":"max-snippet:-1","max-image-preview":"max-image-preview:large","max-video-preview":"max-video-preview:-1"},"canonical":"https:\/\/www.visualcounter.com\/web\/referencias\/","og_locale":"es_ES","og_type":"article","og_title":"Referencias - Visual Counter","og_description":"[vc_row css_animation=&#8221;&#8221; row_type=&#8221;row&#8221; use_row_as_full_screen_section=&#8221;no&#8221; type=&#8221;full_width&#8221; angled_section=&#8221;no&#8221; text_align=&#8221;left&#8221; background_image=&#8221;437&#8243; background_image_as_pattern=&#8221;without_pattern&#8221; el_class=&#8221;section_header&#8221;][vc_column][vc_column_text]Referencias de mercado[\/vc_column_text][vc_column_text] Contamos con una amplio abanico de clientes en todo el \u00e1mbito internacional, referentes en sus propios \u00e1mbitos de negocio, que han confiado en la calidad de nuestra tecnolog\u00eda [\/vc_column_text][\/vc_column][\/vc_row][vc_row css_animation=&#8221;&#8221; row_type=&#8221;row&#8221; use_row_as_full_screen_section=&#8221;no&#8221; type=&#8221;grid&#8221;...","og_url":"https:\/\/www.visualcounter.com\/web\/referencias\/","og_site_name":"Visual Counter","article_modified_time":"2019-02-16T00:42:26+00:00","twitter_card":"summary_large_image","twitter_misc":{"Tiempo de lectura":"3 minutos"},"schema":{"@context":"https:\/\/schema.org","@graph":[{"@type":"WebPage","@id":"https:\/\/www.visualcounter.com\/web\/referencias\/","url":"https:\/\/www.visualcounter.com\/web\/referencias\/","name":"Referencias - Visual Counter","isPartOf":{"@id":"https:\/\/www.visualcounter.com\/web\/#website"},"datePublished":"2019-02-15T23:50:29+00:00","dateModified":"2019-02-16T00:42:26+00:00","breadcrumb":{"@id":"https:\/\/www.visualcounter.com\/web\/referencias\/#breadcrumb"},"inLanguage":"es","potentialAction":[{"@type":"ReadAction","target":["https:\/\/www.visualcounter.com\/web\/referencias\/"]}]},{"@type":"BreadcrumbList","@id":"https:\/\/www.visualcounter.com\/web\/referencias\/#breadcrumb","itemListElement":[{"@type":"ListItem","position":1,"name":"Portada","item":"https:\/\/www.visualcounter.com\/web\/"},{"@type":"ListItem","position":2,"name":"Referencias"}]},{"@type":"WebSite","@id":"https:\/\/www.visualcounter.com\/web\/#website","url":"https:\/\/www.visualcounter.com\/web\/","name":"Visual Counter","description":"Soluciones para el conteo de personas \/ pasajeros y otras soluciones innovadoras para el sectores tan dispares como el Retail, Centros Comerciales, Supermercados, Banca, aeropuertos, etc","potentialAction":[{"@type":"SearchAction","target":{"@type":"EntryPoint","urlTemplate":"https:\/\/www.visualcounter.com\/web\/?s={search_term_string}"},"query-input":{"@type":"PropertyValueSpecification","valueRequired":true,"valueName":"search_term_string"}}],"inLanguage":"es"}]}},"_links":{"self":[{"href":"https:\/\/www.visualcounter.com\/web\/wp-json\/wp\/v2\/pages\/2312"}],"collection":[{"href":"https:\/\/www.visualcounter.com\/web\/wp-json\/wp\/v2\/pages"}],"about":[{"href":"https:\/\/www.visualcounter.com\/web\/wp-json\/wp\/v2\/types\/page"}],"author":[{"embeddable":true,"href":"https:\/\/www.visualcounter.com\/web\/wp-json\/wp\/v2\/users\/1"}],"replies":[{"embeddable":true,"href":"https:\/\/www.visualcounter.com\/web\/wp-json\/wp\/v2\/comments?post=2312"}],"version-history":[{"count":9,"href":"https:\/\/www.visualcounter.com\/web\/wp-json\/wp\/v2\/pages\/2312\/revisions"}],"predecessor-version":[{"id":2329,"href":"https:\/\/www.visualcounter.com\/web\/wp-json\/wp\/v2\/pages\/2312\/revisions\/2329"}],"wp:attachment":[{"href":"https:\/\/www.visualcounter.com\/web\/wp-json\/wp\/v2\/media?parent=2312"}],"curies":[{"name":"wp","href":"https:\/\/api.w.org\/{rel}","templated":true}]}}