{"id":221,"date":"2017-10-08T16:39:55","date_gmt":"2017-10-08T16:39:55","guid":{"rendered":"http:\/\/www.visualcounter.com\/web\/?page_id=221"},"modified":"2019-02-11T23:34:19","modified_gmt":"2019-02-11T23:34:19","slug":"software","status":"publish","type":"page","link":"https:\/\/www.visualcounter.com\/web\/soluciones\/software\/","title":{"rendered":"SOFTWARE"},"content":{"rendered":"[vc_row css_animation=&#8221;&#8221; row_type=&#8221;row&#8221; use_row_as_full_screen_section=&#8221;no&#8221; type=&#8221;grid&#8221; angled_section=&#8221;no&#8221; text_align=&#8221;left&#8221; background_image_as_pattern=&#8221;without_pattern&#8221; el_class=&#8221;section_soluciones&#8221;][vc_column][vc_widget_sidebar sidebar_id=&#8221;Menu Soluciones&#8221; el_class=&#8221;menu_soluciones&#8221;][vc_widget_sidebar sidebar_id=&#8221;Menu SOFTWARE&#8221; el_class=&#8221;menu_otras-soluciones&#8221;][vc_row_inner row_type=&#8221;row&#8221; type=&#8221;full_width&#8221; text_align=&#8221;left&#8221; css_animation=&#8221;&#8221; el_class=&#8221;section_soluciones-productos&#8221;][vc_column_inner width=&#8221;1\/2&#8243;][vc_single_image image=&#8221;2132&#8243; img_size=&#8221;full&#8221; qode_css_animation=&#8221;&#8221;][\/vc_column_inner][vc_column_inner width=&#8221;1\/2&#8243;][vc_column_text]\n<h3>VC.I.STATS<\/h3>\n[\/vc_column_text][vc_column_text]Herramienta web anal\u00edtica de gesti\u00f3n centralizada de <strong>datos de afluencia, flujo e indicadores de su negocio<\/strong>[\/vc_column_text]<a id=\"button_folleto\" itemprop=\"url\" href=\"http:\/\/www.visualcounter.com\/web\/wp-content\/uploads\/2017\/11\/Folleto-VisualCounter.IStats_ES.pdf\" target=\"_blank\"  class=\"qbutton  small default\" style=\"\">FOLLETO<i class=\"qode_icon_font_awesome fa fa-download qode_button_icon_element\" style=\"\" ><\/i><\/a>[\/vc_column_inner][\/vc_row_inner][\/vc_column][\/vc_row][vc_row css_animation=&#8221;&#8221; row_type=&#8221;row&#8221; use_row_as_full_screen_section=&#8221;no&#8221; type=&#8221;grid&#8221; angled_section=&#8221;no&#8221; text_align=&#8221;left&#8221; background_image_as_pattern=&#8221;without_pattern&#8221; background_color=&#8221;#e3e3e3&#8243; el_class=&#8221;section_caracteristicas&#8221;][vc_column width=&#8221;1\/3&#8243;][vc_column_text el_class=&#8221;modulo_caracteristica&#8221;]<strong>Gran variedad de tipos de gr\u00e1ficos<\/strong><br \/>\nVisualizaci\u00f3n del tr\u00e1fico de clientes (entradas y salidas) con diferentes tipos de gr\u00e1ficos, tablas con datos num\u00e9ricos, informaci\u00f3n acumulada, hist\u00f3rico, comparativas&#8230;[\/vc_column_text][vc_column_text el_class=&#8221;modulo_caracteristica &#8220;]<strong>An\u00e1lisis en diferentes intervalos temporales<\/strong><br \/>\nVisualizaci\u00f3n agregada de la informaci\u00f3n de afluencia en intervalos temporales de 15 minutos, horas, semanas, meses, a\u00f1os, per\u00edodos pre-definidos\/espec\u00edficos[\/vc_column_text][vc_column_text el_class=&#8221;modulo_caracteristica&#8221;]<strong>Ratios y comparativas entre tiendas o accesos<\/strong><br \/>\nF\u00e1cil comparativa entre diferentes tiendas\/accesos de la jerarqu\u00eda y c\u00e1lculo de sus pesos globales[\/vc_column_text][\/vc_column][vc_column width=&#8221;1\/3&#8243;][vc_column_text el_class=&#8221;modulo_caracteristica&#8221;]<strong>Gesti\u00f3n centralizada<\/strong><br \/>\nN\u00famero ilimitado de dispositivos de conteo gestionados desde un solo servidor centralizado en la nube o corporativo en la intranet[\/vc_column_text][vc_column_text el_class=&#8221;modulo_caracteristica &#8220;]<strong>Estructura jer\u00e1rquica de datos<\/strong><br \/>\nVisualizaci\u00f3n y agregaci\u00f3n jer\u00e1rquica de datos a cualquier nivel territorial y de accesos[\/vc_column_text][vc_column_text el_class=&#8221;modulo_caracteristica&#8221;]<strong>Perfiles de usuario diferenciados \/ a medida<\/strong><br \/>\nDiferentes perfiles de usuario con acceso a espec\u00edficas jerarqu\u00edas de datos[\/vc_column_text][\/vc_column][vc_column width=&#8221;1\/3&#8243;][vc_column_text el_class=&#8221;modulo_caracteristica&#8221;]<strong>Datos meteorol\u00f3gicos<\/strong><br \/>\nAgregaci\u00f3n autom\u00e1tica y gratuita de datos meteorol\u00f3gicos[\/vc_column_text][vc_column_text el_class=&#8221;modulo_caracteristica&#8221;]<strong>Agregaci\u00f3n de datos externos<\/strong><br \/>\nPosibilidad de incorporar datos de negocio (ventas, plantilla)[\/vc_column_text][vc_column_text el_class=&#8221;modulo_caracteristica modulo_caracteristica-ultimo&#8221;]<strong>Multiplataforma y multi-idioma<\/strong><br \/>\nPermite realizar la gesti\u00f3n de los datos en cualquier dispositivo (ordenador de sobremesa en su oficina, o su dispositivo m\u00f3vil o tablet), as\u00ed como en 4 idiomas diferentes (ES \/ EN \/ PT \/ FR)[\/vc_column_text][\/vc_column][\/vc_row][vc_row css_animation=&#8221;&#8221; row_type=&#8221;row&#8221; use_row_as_full_screen_section=&#8221;no&#8221; type=&#8221;grid&#8221; angled_section=&#8221;no&#8221; text_align=&#8221;left&#8221; background_image=&#8221;2125&#8243; background_image_as_pattern=&#8221;without_pattern&#8221; background_color=&#8221;#e3e3e3&#8243;][vc_column][vc_column_text el_class=&#8221;section_title&#8221;]\n<h1><span style=\"color: #ffffff;\">FUNCIONALIDADES<\/span><\/h1>\n[\/vc_column_text][vc_row_inner row_type=&#8221;row&#8221; type=&#8221;grid&#8221; text_align=&#8221;center&#8221; css_animation=&#8221;&#8221; el_class=&#8221;section_subtitle_title_text-title&#8221;][vc_column_inner el_class=&#8221;section_subtitle_title_text-title&#8221; width=&#8221;1\/3&#8243;][vc_single_image image=&#8221;2126&#8243; img_size=&#8221;full&#8221; qode_css_animation=&#8221;&#8221;][vc_column_text]<span style=\"color: #ffffff;\">Intervalo d\u00edas\/semanas\/meses\/a\u00f1os<\/span>[\/vc_column_text][\/vc_column_inner][vc_column_inner width=&#8221;1\/3&#8243;][vc_single_image image=&#8221;2129&#8243; img_size=&#8221;full&#8221; qode_css_animation=&#8221;&#8221;][vc_column_text el_class=&#8221;section_presectores-title&#8221;]<span style=\"color: #ffffff;\">Comparativo ente tiendas\/accesos<\/span>[\/vc_column_text][\/vc_column_inner][vc_column_inner width=&#8221;1\/3&#8243;][vc_single_image image=&#8221;2128&#8243; img_size=&#8221;full&#8221; qode_css_animation=&#8221;&#8221;][vc_column_text el_class=&#8221;section_presectores-title&#8221;]<span style=\"color: #ffffff;\">Gr\u00e1ficas por meses con evoluci\u00f3n anual<\/span>[\/vc_column_text][\/vc_column_inner][\/vc_row_inner][vc_empty_space height=&#8221;75&#8243;][vc_row_inner row_type=&#8221;row&#8221; type=&#8221;grid&#8221; text_align=&#8221;center&#8221; css_animation=&#8221;&#8221; el_class=&#8221;section_subtitle_title_text-title&#8221;][vc_column_inner width=&#8221;1\/3&#8243;][vc_single_image image=&#8221;2127&#8243; img_size=&#8221;full&#8221; qode_css_animation=&#8221;&#8221;][vc_column_text el_class=&#8221;section_presectores-title&#8221;]<span style=\"color: #ffffff;\">Informaci\u00f3n meteorol\u00f3gica<\/span>[\/vc_column_text][\/vc_column_inner][vc_column_inner width=&#8221;1\/3&#8243;][vc_single_image image=&#8221;2131&#8243; img_size=&#8221;full&#8221; qode_css_animation=&#8221;&#8221;][vc_column_text el_class=&#8221;section_presectores-title&#8221;]<span style=\"color: #ffffff;\">Exportables a diversos formatos<\/span>[\/vc_column_text][\/vc_column_inner][vc_column_inner width=&#8221;1\/3&#8243;][vc_single_image image=&#8221;2130&#8243; img_size=&#8221;full&#8221; qode_css_animation=&#8221;&#8221;][vc_column_text el_class=&#8221;section_presectores-title&#8221;]<span style=\"color: #ffffff;\">Completos informes estad\u00edsticos<\/span>[\/vc_column_text][\/vc_column_inner][\/vc_row_inner][vc_empty_space height=&#8221;50&#8243;][\/vc_column][\/vc_row][vc_row css_animation=&#8221;&#8221; row_type=&#8221;row&#8221; use_row_as_full_screen_section=&#8221;no&#8221; type=&#8221;full_width&#8221; angled_section=&#8221;no&#8221; text_align=&#8221;left&#8221; background_image_as_pattern=&#8221;without_pattern&#8221; background_color=&#8221;#e3e3e3&#8243; el_class=&#8221;section_title&#8221;][vc_column][vc_column_text]\n<h1>ANAL\u00cdTICA DE AFLUENCIA EN ZONAS COMERCIALES<\/h1>\n[\/vc_column_text][\/vc_column][\/vc_row][vc_row css_animation=&#8221;&#8221; row_type=&#8221;row&#8221; use_row_as_full_screen_section=&#8221;no&#8221; type=&#8221;grid&#8221; angled_section=&#8221;no&#8221; text_align=&#8221;left&#8221; background_image_as_pattern=&#8221;without_pattern&#8221; background_color=&#8221;#e3e3e3&#8243; el_class=&#8221;section_iconos&#8221;][vc_column width=&#8221;1\/3&#8243;][vc_single_image image=&#8221;1091&#8243; img_size=&#8221;full&#8221; alignment=&#8221;center&#8221; qode_css_animation=&#8221;&#8221;][vc_column_text]\n<h3 class=\"icon_title\">Maximizar la relaci\u00f3n clientes \/ visitantes<\/h3>\n[\/vc_column_text][vc_column_text]Patrones de afluencia diarios \/ semanales \/ mensuales<br \/>\nReducci\u00f3n proactiva de salidas sin compra<br \/>\nOptimizaci\u00f3n de tiempos de espera de clientes<br \/>\nInfluencia meteorol\u00f3gica[\/vc_column_text][\/vc_column][vc_column width=&#8221;1\/3&#8243;][vc_single_image image=&#8221;1052&#8243; img_size=&#8221;full&#8221; alignment=&#8221;center&#8221; qode_css_animation=&#8221;&#8221;][vc_column_text]\n<h3>Rentabilizar planes de marketing<\/h3>\n[\/vc_column_text][vc_column_text]Impacto de promociones, publicidad\u2026<br \/>\nMedida de la audiencia de canales de publicidad<br \/>\nHorarios adaptados a diferentes perfiles de cliente<br \/>\nGesti\u00f3n del alquiler de las zonas comerciales<br \/>\nDescuentos en horas de poca afluencia[\/vc_column_text][\/vc_column][vc_column width=&#8221;1\/3&#8243;][vc_single_image image=&#8221;1444&#8243; img_size=&#8221;full&#8221; alignment=&#8221;center&#8221; qode_css_animation=&#8221;&#8221;][vc_column_text]\n<h3>Optimizar costes de operaci\u00f3n<\/h3>\n[\/vc_column_text][vc_column_text]Gesti\u00f3n \u00f3ptima de plantilla y stock<br \/>\nComparativas entre tiendas, marcas, regiones&#8230;<br \/>\nMedir el impacto de apertura\/cierre de tiendas propias o de la competencia<br \/>\nGesti\u00f3n de recursos energ\u00e9ticos, limpieza y seguridad con patrones de afluencia<br \/>\nEvitar la acumulaci\u00f3n de largas filas en las cajas de pago[\/vc_column_text][\/vc_column][\/vc_row][vc_row css_animation=&#8221;&#8221; row_type=&#8221;row&#8221; use_row_as_full_screen_section=&#8221;no&#8221; type=&#8221;grid&#8221; angled_section=&#8221;no&#8221; text_align=&#8221;left&#8221; background_image_as_pattern=&#8221;without_pattern&#8221; background_color=&#8221;#ffffff&#8221; el_class=&#8221;section_title&#8221;][vc_column][vc_column_text el_class=&#8221;section_subtitle_title_text-title&#8221;]\n<h1><span style=\"color: #ffffff;\"><strong><span style=\"color: #003fa2;\">ARQUITECTURA FUNCIONAL<\/span><\/strong><\/span><\/h1>\n[\/vc_column_text][vc_empty_space][vc_single_image image=&#8221;2133&#8243; img_size=&#8221;full&#8221; alignment=&#8221;center&#8221; qode_css_animation=&#8221;&#8221;][\/vc_column][\/vc_row][vc_row css_animation=&#8221;&#8221; row_type=&#8221;row&#8221; use_row_as_full_screen_section=&#8221;no&#8221; type=&#8221;grid&#8221; angled_section=&#8221;no&#8221; text_align=&#8221;left&#8221; background_image_as_pattern=&#8221;without_pattern&#8221; background_color=&#8221;#e3e3e3&#8243; el_class=&#8221;section_title&#8221;][vc_column][vc_column_text]\n<h1><strong>SOLUCIONES TECNOL\u00d3GICAS ASOCIADAS<\/strong><\/h1>\n[\/vc_column_text][\/vc_column][\/vc_row][vc_row css_animation=&#8221;&#8221; row_type=&#8221;row&#8221; use_row_as_full_screen_section=&#8221;no&#8221; type=&#8221;full_width&#8221; angled_section=&#8221;no&#8221; text_align=&#8221;left&#8221; background_image_as_pattern=&#8221;without_pattern&#8221; background_color=&#8221;#e3e3e3&#8243; el_class=&#8221;PersonalSlider PersonalSlider1 PersonalSliderProductos&#8221; css=&#8221;.vc_custom_1549881626895{padding-bottom: 50px !important;}&#8221;][vc_column][vc_row_inner row_type=&#8221;row&#8221; type=&#8221;full_width&#8221; text_align=&#8221;left&#8221; css_animation=&#8221;&#8221; el_class=&#8221;PersonalSlider-item&#8221;][vc_column_inner width=&#8221;1\/2&#8243;][vc_single_image image=&#8221;1961&#8243; img_size=&#8221;full&#8221; qode_css_animation=&#8221;&#8221;][\/vc_column_inner][vc_column_inner width=&#8221;1\/2&#8243;][vc_column_text]\n<h3>VC.VISION-5D<\/h3>\n[\/vc_column_text][vc_column_text]\n<ul>\n<li>La soluci\u00f3n de conteo de personas m\u00e1s fiable (99%) y robusta del mercado<\/li>\n<li>Basada en la innovadora tecnolog\u00eda \u2018Tiempo de Vuelo (ToF \u2013 Time of Flight)<\/li>\n<li>Posibilidad de gesti\u00f3n de colas en zonas de espera o pago<\/li>\n<li>M\u00f3dulo opcional de tracking WiFi de smaprtphones<\/li>\n<li>M\u00f3dulo de comunicaciones M2M \/ IoT \u2013 4G\/5G<\/li>\n<li>Posibilidad de detecci\u00f3n de empleados: RFID \/ Bluetooth \/ Ir<\/li>\n<\/ul>\n[\/vc_column_text]<a  itemprop=\"url\" href=\"http:\/\/www.visualcounter.com\/web\/soluciones\/vc-vision-5d\/\" target=\"_self\"  class=\"qbutton  small default\" style=\"\">VER M\u00c1S<\/a>[\/vc_column_inner][\/vc_row_inner][vc_row_inner row_type=&#8221;row&#8221; type=&#8221;full_width&#8221; text_align=&#8221;left&#8221; css_animation=&#8221;&#8221; el_class=&#8221;PersonalSlider-item&#8221;][vc_column_inner width=&#8221;1\/2&#8243;][vc_single_image image=&#8221;2056&#8243; img_size=&#8221;full&#8221; qode_css_animation=&#8221;&#8221;][\/vc_column_inner][vc_column_inner width=&#8221;1\/2&#8243;][vc_column_text]\n<h3>VC.VISION-2D\/3D<\/h3>\n[\/vc_column_text][vc_column_text]\n<ul>\n<li>Conteo de personas de alta precisi\u00f3n sin la necesidad de ning\u00fan elemento mec\u00e1nico externo<\/li>\n<li>Diferentes tecnolog\u00edas (2D \/ 3D-Est\u00e9reo) para ofrecer una soluci\u00f3n a medida de las necesidades de cada cliente<\/li>\n<\/ul>\n[\/vc_column_text]<a  itemprop=\"url\" href=\"http:\/\/www.visualcounter.com\/web\/soluciones\/vc-vision-2d-3d\/\" target=\"_self\"  class=\"qbutton  small default\" style=\"\">VER M\u00c1S<\/a>[\/vc_column_inner][\/vc_row_inner][vc_raw_html el_class=&#8221;menu_productos&#8221;]JTNDdWwlM0UlMEElM0NsaSUyMGNsYXNzJTNEJTIybWVudS1zbGlkZS1hY3RpdmUlMjIlMjBpZCUzRCUyMm1lbnUtc2xpZGUxJTIyJTNFVkMuVklTSU9OLTVEJTNDJTJGbGklM0UlMEElM0NsaSUyMGlkJTNEJTIybWVudS1zbGlkZTIlMjIlM0VWQy5WSVNJT04tMkQlMkYzRCUzQyUyRmxpJTNFJTBBJTNDJTJGdWwlM0U=[\/vc_raw_html][vc_empty_space height=&#8221;90&#8243;][\/vc_column][\/vc_row]\n","protected":false},"excerpt":{"rendered":"<p>[vc_row css_animation=&#8221;&#8221; row_type=&#8221;row&#8221; use_row_as_full_screen_section=&#8221;no&#8221; type=&#8221;grid&#8221; angled_section=&#8221;no&#8221; text_align=&#8221;left&#8221; background_image_as_pattern=&#8221;without_pattern&#8221; el_class=&#8221;section_soluciones&#8221;][vc_column][vc_widget_sidebar sidebar_id=&#8221;Menu Soluciones&#8221; el_class=&#8221;menu_soluciones&#8221;][vc_widget_sidebar sidebar_id=&#8221;Menu SOFTWARE&#8221; el_class=&#8221;menu_otras-soluciones&#8221;][vc_row_inner row_type=&#8221;row&#8221; type=&#8221;full_width&#8221; text_align=&#8221;left&#8221; css_animation=&#8221;&#8221; el_class=&#8221;section_soluciones-productos&#8221;][vc_column_inner width=&#8221;1\/2&#8243;][vc_single_image image=&#8221;2132&#8243; img_size=&#8221;full&#8221; qode_css_animation=&#8221;&#8221;][\/vc_column_inner][vc_column_inner width=&#8221;1\/2&#8243;][vc_column_text] VC.I.STATS [\/vc_column_text][vc_column_text]Herramienta web anal\u00edtica de gesti\u00f3n centralizada de datos de afluencia, flujo e indicadores de su negocio[\/vc_column_text][\/vc_column_inner][\/vc_row_inner][\/vc_column][\/vc_row][vc_row css_animation=&#8221;&#8221; row_type=&#8221;row&#8221; use_row_as_full_screen_section=&#8221;no&#8221;&#8230;<\/p>\n","protected":false},"author":1,"featured_media":0,"parent":198,"menu_order":0,"comment_status":"closed","ping_status":"closed","template":"full_width.php","meta":{"inline_featured_image":false,"_monsterinsights_skip_tracking":false,"_monsterinsights_sitenote_active":false,"_monsterinsights_sitenote_note":"","_monsterinsights_sitenote_category":0,"footnotes":""},"class_list":["post-221","page","type-page","status-publish","hentry"],"yoast_head":"<!-- This site is optimized with the Yoast SEO plugin v23.7 - https:\/\/yoast.com\/wordpress\/plugins\/seo\/ -->\n<title>SOFTWARE - Visual Counter<\/title>\n<meta name=\"robots\" content=\"index, follow, max-snippet:-1, max-image-preview:large, max-video-preview:-1\" \/>\n<link rel=\"canonical\" href=\"https:\/\/www.visualcounter.com\/web\/soluciones\/software\/\" \/>\n<meta property=\"og:locale\" content=\"es_ES\" \/>\n<meta property=\"og:type\" content=\"article\" \/>\n<meta property=\"og:title\" content=\"SOFTWARE - Visual Counter\" \/>\n<meta property=\"og:description\" content=\"[vc_row css_animation=&#8221;&#8221; row_type=&#8221;row&#8221; use_row_as_full_screen_section=&#8221;no&#8221; type=&#8221;grid&#8221; angled_section=&#8221;no&#8221; text_align=&#8221;left&#8221; background_image_as_pattern=&#8221;without_pattern&#8221; el_class=&#8221;section_soluciones&#8221;][vc_column][vc_widget_sidebar sidebar_id=&#8221;Menu Soluciones&#8221; el_class=&#8221;menu_soluciones&#8221;][vc_widget_sidebar sidebar_id=&#8221;Menu SOFTWARE&#8221; el_class=&#8221;menu_otras-soluciones&#8221;][vc_row_inner row_type=&#8221;row&#8221; type=&#8221;full_width&#8221; text_align=&#8221;left&#8221; css_animation=&#8221;&#8221; el_class=&#8221;section_soluciones-productos&#8221;][vc_column_inner width=&#8221;1\/2&#8243;][vc_single_image image=&#8221;2132&#8243; img_size=&#8221;full&#8221; qode_css_animation=&#8221;&#8221;][\/vc_column_inner][vc_column_inner width=&#8221;1\/2&#8243;][vc_column_text] VC.I.STATS [\/vc_column_text][vc_column_text]Herramienta web anal\u00edtica de gesti\u00f3n centralizada de datos de afluencia, flujo e indicadores de su negocio[\/vc_column_text][\/vc_column_inner][\/vc_row_inner][\/vc_column][\/vc_row][vc_row css_animation=&#8221;&#8221; row_type=&#8221;row&#8221; use_row_as_full_screen_section=&#8221;no&#8221;...\" \/>\n<meta property=\"og:url\" content=\"https:\/\/www.visualcounter.com\/web\/soluciones\/software\/\" \/>\n<meta property=\"og:site_name\" content=\"Visual Counter\" \/>\n<meta property=\"article:modified_time\" content=\"2019-02-11T23:34:19+00:00\" \/>\n<meta name=\"twitter:card\" content=\"summary_large_image\" \/>\n<meta name=\"twitter:label1\" content=\"Tiempo de lectura\" \/>\n\t<meta name=\"twitter:data1\" content=\"8 minutos\" \/>\n<script type=\"application\/ld+json\" class=\"yoast-schema-graph\">{\"@context\":\"https:\/\/schema.org\",\"@graph\":[{\"@type\":\"WebPage\",\"@id\":\"https:\/\/www.visualcounter.com\/web\/soluciones\/software\/\",\"url\":\"https:\/\/www.visualcounter.com\/web\/soluciones\/software\/\",\"name\":\"SOFTWARE - Visual Counter\",\"isPartOf\":{\"@id\":\"https:\/\/www.visualcounter.com\/web\/#website\"},\"datePublished\":\"2017-10-08T16:39:55+00:00\",\"dateModified\":\"2019-02-11T23:34:19+00:00\",\"breadcrumb\":{\"@id\":\"https:\/\/www.visualcounter.com\/web\/soluciones\/software\/#breadcrumb\"},\"inLanguage\":\"es\",\"potentialAction\":[{\"@type\":\"ReadAction\",\"target\":[\"https:\/\/www.visualcounter.com\/web\/soluciones\/software\/\"]}]},{\"@type\":\"BreadcrumbList\",\"@id\":\"https:\/\/www.visualcounter.com\/web\/soluciones\/software\/#breadcrumb\",\"itemListElement\":[{\"@type\":\"ListItem\",\"position\":1,\"name\":\"Portada\",\"item\":\"https:\/\/www.visualcounter.com\/web\/\"},{\"@type\":\"ListItem\",\"position\":2,\"name\":\"Soluciones\",\"item\":\"https:\/\/www.visualcounter.com\/web\/soluciones\/\"},{\"@type\":\"ListItem\",\"position\":3,\"name\":\"SOFTWARE\"}]},{\"@type\":\"WebSite\",\"@id\":\"https:\/\/www.visualcounter.com\/web\/#website\",\"url\":\"https:\/\/www.visualcounter.com\/web\/\",\"name\":\"Visual Counter\",\"description\":\"Soluciones para el conteo de personas \/ pasajeros y otras soluciones innovadoras para el sectores tan dispares como el Retail, Centros Comerciales, Supermercados, Banca, aeropuertos, etc\",\"potentialAction\":[{\"@type\":\"SearchAction\",\"target\":{\"@type\":\"EntryPoint\",\"urlTemplate\":\"https:\/\/www.visualcounter.com\/web\/?s={search_term_string}\"},\"query-input\":{\"@type\":\"PropertyValueSpecification\",\"valueRequired\":true,\"valueName\":\"search_term_string\"}}],\"inLanguage\":\"es\"}]}<\/script>\n<!-- \/ Yoast SEO plugin. -->","yoast_head_json":{"title":"SOFTWARE - Visual Counter","robots":{"index":"index","follow":"follow","max-snippet":"max-snippet:-1","max-image-preview":"max-image-preview:large","max-video-preview":"max-video-preview:-1"},"canonical":"https:\/\/www.visualcounter.com\/web\/soluciones\/software\/","og_locale":"es_ES","og_type":"article","og_title":"SOFTWARE - Visual Counter","og_description":"[vc_row css_animation=&#8221;&#8221; row_type=&#8221;row&#8221; use_row_as_full_screen_section=&#8221;no&#8221; type=&#8221;grid&#8221; angled_section=&#8221;no&#8221; text_align=&#8221;left&#8221; background_image_as_pattern=&#8221;without_pattern&#8221; el_class=&#8221;section_soluciones&#8221;][vc_column][vc_widget_sidebar sidebar_id=&#8221;Menu Soluciones&#8221; el_class=&#8221;menu_soluciones&#8221;][vc_widget_sidebar sidebar_id=&#8221;Menu SOFTWARE&#8221; el_class=&#8221;menu_otras-soluciones&#8221;][vc_row_inner row_type=&#8221;row&#8221; type=&#8221;full_width&#8221; text_align=&#8221;left&#8221; css_animation=&#8221;&#8221; el_class=&#8221;section_soluciones-productos&#8221;][vc_column_inner width=&#8221;1\/2&#8243;][vc_single_image image=&#8221;2132&#8243; img_size=&#8221;full&#8221; qode_css_animation=&#8221;&#8221;][\/vc_column_inner][vc_column_inner width=&#8221;1\/2&#8243;][vc_column_text] VC.I.STATS [\/vc_column_text][vc_column_text]Herramienta web anal\u00edtica de gesti\u00f3n centralizada de datos de afluencia, flujo e indicadores de su negocio[\/vc_column_text][\/vc_column_inner][\/vc_row_inner][\/vc_column][\/vc_row][vc_row css_animation=&#8221;&#8221; row_type=&#8221;row&#8221; use_row_as_full_screen_section=&#8221;no&#8221;...","og_url":"https:\/\/www.visualcounter.com\/web\/soluciones\/software\/","og_site_name":"Visual Counter","article_modified_time":"2019-02-11T23:34:19+00:00","twitter_card":"summary_large_image","twitter_misc":{"Tiempo de lectura":"8 minutos"},"schema":{"@context":"https:\/\/schema.org","@graph":[{"@type":"WebPage","@id":"https:\/\/www.visualcounter.com\/web\/soluciones\/software\/","url":"https:\/\/www.visualcounter.com\/web\/soluciones\/software\/","name":"SOFTWARE - Visual Counter","isPartOf":{"@id":"https:\/\/www.visualcounter.com\/web\/#website"},"datePublished":"2017-10-08T16:39:55+00:00","dateModified":"2019-02-11T23:34:19+00:00","breadcrumb":{"@id":"https:\/\/www.visualcounter.com\/web\/soluciones\/software\/#breadcrumb"},"inLanguage":"es","potentialAction":[{"@type":"ReadAction","target":["https:\/\/www.visualcounter.com\/web\/soluciones\/software\/"]}]},{"@type":"BreadcrumbList","@id":"https:\/\/www.visualcounter.com\/web\/soluciones\/software\/#breadcrumb","itemListElement":[{"@type":"ListItem","position":1,"name":"Portada","item":"https:\/\/www.visualcounter.com\/web\/"},{"@type":"ListItem","position":2,"name":"Soluciones","item":"https:\/\/www.visualcounter.com\/web\/soluciones\/"},{"@type":"ListItem","position":3,"name":"SOFTWARE"}]},{"@type":"WebSite","@id":"https:\/\/www.visualcounter.com\/web\/#website","url":"https:\/\/www.visualcounter.com\/web\/","name":"Visual Counter","description":"Soluciones para el conteo de personas \/ pasajeros y otras soluciones innovadoras para el sectores tan dispares como el Retail, Centros Comerciales, Supermercados, Banca, aeropuertos, etc","potentialAction":[{"@type":"SearchAction","target":{"@type":"EntryPoint","urlTemplate":"https:\/\/www.visualcounter.com\/web\/?s={search_term_string}"},"query-input":{"@type":"PropertyValueSpecification","valueRequired":true,"valueName":"search_term_string"}}],"inLanguage":"es"}]}},"_links":{"self":[{"href":"https:\/\/www.visualcounter.com\/web\/wp-json\/wp\/v2\/pages\/221"}],"collection":[{"href":"https:\/\/www.visualcounter.com\/web\/wp-json\/wp\/v2\/pages"}],"about":[{"href":"https:\/\/www.visualcounter.com\/web\/wp-json\/wp\/v2\/types\/page"}],"author":[{"embeddable":true,"href":"https:\/\/www.visualcounter.com\/web\/wp-json\/wp\/v2\/users\/1"}],"replies":[{"embeddable":true,"href":"https:\/\/www.visualcounter.com\/web\/wp-json\/wp\/v2\/comments?post=221"}],"version-history":[{"count":10,"href":"https:\/\/www.visualcounter.com\/web\/wp-json\/wp\/v2\/pages\/221\/revisions"}],"predecessor-version":[{"id":2134,"href":"https:\/\/www.visualcounter.com\/web\/wp-json\/wp\/v2\/pages\/221\/revisions\/2134"}],"up":[{"embeddable":true,"href":"https:\/\/www.visualcounter.com\/web\/wp-json\/wp\/v2\/pages\/198"}],"wp:attachment":[{"href":"https:\/\/www.visualcounter.com\/web\/wp-json\/wp\/v2\/media?parent=221"}],"curies":[{"name":"wp","href":"https:\/\/api.w.org\/{rel}","templated":true}]}}