{"id":219,"date":"2017-10-08T16:39:36","date_gmt":"2017-10-08T16:39:36","guid":{"rendered":"http:\/\/www.visualcounter.com\/web\/?page_id=219"},"modified":"2019-02-11T17:33:58","modified_gmt":"2019-02-11T17:33:58","slug":"vc-s-queue","status":"publish","type":"page","link":"https:\/\/www.visualcounter.com\/web\/soluciones\/vc-s-queue\/","title":{"rendered":"VC.s-QUEUE.MANAGER"},"content":{"rendered":"[vc_row css_animation=&#8221;&#8221; row_type=&#8221;row&#8221; use_row_as_full_screen_section=&#8221;no&#8221; type=&#8221;grid&#8221; angled_section=&#8221;no&#8221; text_align=&#8221;left&#8221; background_image_as_pattern=&#8221;without_pattern&#8221; el_class=&#8221;section_soluciones&#8221;][vc_column][vc_widget_sidebar sidebar_id=&#8221;Menu Soluciones&#8221; el_class=&#8221;menu_soluciones&#8221;][vc_row_inner row_type=&#8221;row&#8221; type=&#8221;full_width&#8221; text_align=&#8221;left&#8221; css_animation=&#8221;&#8221; el_class=&#8221;section_soluciones-productos&#8221;][vc_column_inner width=&#8221;1\/2&#8243;][vc_single_image image=&#8221;1475&#8243; img_size=&#8221;full&#8221; qode_css_animation=&#8221;&#8221;][\/vc_column_inner][vc_column_inner width=&#8221;1\/2&#8243;][vc_column_text]\n<h3>VC.s-QUEUE.MANAGER<\/h3>\n[\/vc_column_text][vc_column_text]Soluci\u00f3n de <strong>gesti\u00f3n de fila \u00fanica<\/strong> en puntos de servicio o venta<br \/>\n<strong>Permite acelerar el paso por el punto de atenci\u00f3n<\/strong> para mejorar la atenci\u00f3n a cliente[\/vc_column_text]<a id=\"button_folleto\" itemprop=\"url\" href=\"http:\/\/www.visualcounter.com\/web\/wp-content\/uploads\/2018\/08\/Folleto-VisualCounter.S-Queue-Manager_ES.pdf\" target=\"_blank\"  class=\"qbutton  small default\" style=\"\">FOLLETO<i class=\"qode_icon_font_awesome fa fa-download qode_button_icon_element\" style=\"\" ><\/i><\/a>[\/vc_column_inner][\/vc_row_inner][\/vc_column][\/vc_row][vc_row css_animation=&#8221;&#8221; row_type=&#8221;row&#8221; use_row_as_full_screen_section=&#8221;no&#8221; type=&#8221;grid&#8221; angled_section=&#8221;no&#8221; text_align=&#8221;left&#8221; background_image_as_pattern=&#8221;without_pattern&#8221; background_color=&#8221;#e3e3e3&#8243; el_class=&#8221;section_caracteristicas&#8221;][vc_column width=&#8221;1\/3&#8243;][vc_column_text el_class=&#8221;modulo_caracteristica&#8221;]<strong>Pantalla con avisos visuales y sonoros<\/strong><br \/>\nPantalla ubicada en la zona de espera de la fila \u00fanica, con indicadores visuales y avisos sonoros para guiar al cliente a la caja disponible[\/vc_column_text][vc_column_text el_class=&#8221;modulo_caracteristica&#8221;]<strong>Opciones de personalizaci\u00f3n sencillas y variadas<\/strong><br \/>\n<span style=\"color: #003fa2;\">&#8211;<\/span> N\u00famero de cajas disponibles configurable<br \/>\n<span style=\"color: #003fa2;\">&#8211;<\/span> Ubicaci\u00f3n de la fila configurable respecto de las cajas para facilitar los indicadores de direcci\u00f3n<br \/>\n<span style=\"color: #003fa2;\">&#8211;<\/span> Mensajes en diferentes idiomas<br \/>\n<span style=\"color: #003fa2;\">&#8211;<\/span> Colores corporativos y logotipo de cliente[\/vc_column_text][vc_column_text el_class=&#8221;modulo_caracteristica&#8221;]<strong>Comunicaciones IP<\/strong><br \/>\n<span style=\"color: #003fa2;\">&#8211;<\/span> LAN Ethernet TCP\/IP<br \/>\n<span style=\"color: #003fa2;\">&#8211;<\/span> WLAN Wifi 802.11 b\/g\/n (opcional)[\/vc_column_text][\/vc_column][vc_column width=&#8221;1\/3&#8243;][vc_column_text el_class=&#8221;modulo_caracteristica&#8221;]<strong>Integraci\u00f3n flexible con la disponibilidad de cajas<\/strong><br \/>\nInformaci\u00f3n relacionada con la disponibilidad de cajas mediante:<br \/>\n<span style=\"color: #003fa2;\">&#8211;<\/span> Botones en cada una de las cajas para activaci\u00f3n manual de eventos<br \/>\n<span style=\"color: #003fa2;\">&#8211;<\/span> Integraci\u00f3n remota a nivel de sistema (mensajes IP, servicios web, etc\u2026) con las cajas o sistema centralizado[\/vc_column_text][vc_column_text el_class=&#8221;modulo_caracteristica&#8221;]<strong>Agregaci\u00f3n de publicidad en pantalla<\/strong><br \/>\nPosibilidad de incorporar mensajes de publicidad mediante im\u00e1genes fijas o en carrusel en zona espec\u00edfica de la pantalla. Informaci\u00f3n actualizable remotamente a demanda del cliente[\/vc_column_text][\/vc_column][vc_column width=&#8221;1\/3&#8243;][vc_column_text el_class=&#8221;modulo_caracteristica&#8221;]<strong>Plataforma de gesti\u00f3n remota centralizada<\/strong><br \/>\nSoftware para la gesti\u00f3n y monitorizaci\u00f3n remota de las plataformas de las diferentes tiendas, tanto en su operativa en tiempo real como en lo relativo al hist\u00f3rico de uso[\/vc_column_text][vc_column_text el_class=&#8221;modulo_caracteristica modulo_caracteristica-ultimo&#8221;]<strong>Tecnolog\u00eda escalable<\/strong><br \/>\n<span style=\"color: #003fa2;\">[<\/span><span style=\"color: #f79646;\">PLUS MONITOR<\/span><span style=\"color: #003fa2;\">]<\/span><br \/>\nIntegraci\u00f3n con sensores para la monitorizaci\u00f3n en tiempo real del n\u00famero de personas esperando en la fila \u00fanica y el tiempo de espera medio<br \/>\n<span style=\"color: #003fa2;\">[<\/span><span style=\"color: #f79646;\">PLUS ANALYTICS<\/span><span style=\"color: #003fa2;\">]<\/span><br \/>\nIntegraci\u00f3n con sensores de reconocimiento de edad y g\u00e9nero[\/vc_column_text][\/vc_column][\/vc_row][vc_row css_animation=&#8221;&#8221; row_type=&#8221;row&#8221; use_row_as_full_screen_section=&#8221;no&#8221; type=&#8221;full_width&#8221; angled_section=&#8221;no&#8221; text_align=&#8221;left&#8221; background_image=&#8221;1746&#8243; background_image_as_pattern=&#8221;without_pattern&#8221;][vc_column][vc_column_text el_class=&#8221;section_title&#8221;]\n<h1><span style=\"color: #ffffff;\">FUNCIONALIDADES<\/span><\/h1>\n[\/vc_column_text][vc_row_inner row_type=&#8221;row&#8221; type=&#8221;grid&#8221; text_align=&#8221;center&#8221; css_animation=&#8221;&#8221; el_class=&#8221;section_subtitle_title_text-title&#8221;][vc_column_inner el_class=&#8221;section_subtitle_title_text-title&#8221; width=&#8221;1\/3&#8243;][vc_single_image image=&#8221;1739&#8243; img_size=&#8221;full&#8221; qode_css_animation=&#8221;&#8221;][vc_column_text]<span style=\"color: #ffffff;\">Dise\u00f1o configurable a medida del cliente<\/span>[\/vc_column_text][\/vc_column_inner][vc_column_inner width=&#8221;1\/3&#8243;][vc_single_image image=&#8221;1740&#8243; img_size=&#8221;full&#8221; qode_css_animation=&#8221;&#8221;][vc_column_text el_class=&#8221;section_presectores-title&#8221;]<span style=\"color: #ffffff;\">Visualizaci\u00f3n en diferentes idiomas<\/span>[\/vc_column_text][\/vc_column_inner][vc_column_inner width=&#8221;1\/3&#8243;][vc_single_image image=&#8221;1735&#8243; img_size=&#8221;full&#8221; qode_css_animation=&#8221;&#8221;][vc_column_text el_class=&#8221;section_presectores-title&#8221;]<span style=\"color: #ffffff;\">Numero ilimitado de cajas de pago<\/span>[\/vc_column_text][\/vc_column_inner][\/vc_row_inner][vc_empty_space height=&#8221;75&#8243;][vc_row_inner row_type=&#8221;row&#8221; type=&#8221;grid&#8221; text_align=&#8221;center&#8221; css_animation=&#8221;&#8221; el_class=&#8221;section_subtitle_title_text-title&#8221;][vc_column_inner width=&#8221;1\/3&#8243;][vc_single_image image=&#8221;1737&#8243; img_size=&#8221;full&#8221; qode_css_animation=&#8221;&#8221;][vc_column_text el_class=&#8221;section_presectores-title&#8221;]<span style=\"color: #ffffff;\">Posibilidad de botones para activaci\u00f3n manual<\/span>[\/vc_column_text][\/vc_column_inner][vc_column_inner width=&#8221;1\/3&#8243;][vc_single_image image=&#8221;1743&#8243; img_size=&#8221;full&#8221; qode_css_animation=&#8221;&#8221;][vc_column_text el_class=&#8221;section_presectores-title&#8221;]<span style=\"color: #ffffff;\">Posibilidad de im\u00e1genes publicitarias<\/span>[\/vc_column_text][\/vc_column_inner][vc_column_inner width=&#8221;1\/3&#8243;][vc_single_image image=&#8221;1744&#8243; img_size=&#8221;full&#8221; qode_css_animation=&#8221;&#8221;][vc_column_text el_class=&#8221;section_presectores-title&#8221;]<span style=\"color: #ffffff;\">Plataforma de monitorizaci\u00f3n centralizada<\/span>[\/vc_column_text][\/vc_column_inner][\/vc_row_inner][vc_empty_space height=&#8221;50&#8243;][\/vc_column][\/vc_row][vc_row css_animation=&#8221;&#8221; row_type=&#8221;row&#8221; use_row_as_full_screen_section=&#8221;no&#8221; type=&#8221;full_width&#8221; angled_section=&#8221;no&#8221; text_align=&#8221;left&#8221; background_image_as_pattern=&#8221;without_pattern&#8221; background_color=&#8221;#e3e3e3&#8243; el_class=&#8221;section_title&#8221;][vc_column][vc_column_text]\n<h1>GESTI\u00d3N DE PUNTOS DE SERVICIO O VENTA EN ZONAS COMERCIALES<\/h1>\n[\/vc_column_text][\/vc_column][\/vc_row][vc_row css_animation=&#8221;&#8221; row_type=&#8221;row&#8221; use_row_as_full_screen_section=&#8221;no&#8221; type=&#8221;grid&#8221; angled_section=&#8221;no&#8221; text_align=&#8221;left&#8221; background_image_as_pattern=&#8221;without_pattern&#8221; background_color=&#8221;#e3e3e3&#8243; el_class=&#8221;section_iconos&#8221;][vc_column width=&#8221;1\/3&#8243;][vc_single_image image=&#8221;1037&#8243; img_size=&#8221;full&#8221; alignment=&#8221;center&#8221; qode_css_animation=&#8221;&#8221;][vc_column_text]\n<h3 class=\"icon_title\">Experiencia de cliente<\/h3>\n[\/vc_column_text][vc_column_text]Aumente la satisfacci\u00f3n del cliente reduciendo la percepci\u00f3n del tiempo de espera en cajas[\/vc_column_text][\/vc_column][vc_column width=&#8221;1\/3&#8243;][vc_single_image image=&#8221;1048&#8243; img_size=&#8221;full&#8221; alignment=&#8221;center&#8221; qode_css_animation=&#8221;&#8221;][vc_column_text]\n<h3>Aumento de eficiencia en caja<\/h3>\n[\/vc_column_text][vc_column_text]Disminuya los tiempos promedios de espera generados por m\u00faltiples colas, aumente el flujo de clientes y distribuya las cargas en cada caja[\/vc_column_text][\/vc_column][vc_column width=&#8221;1\/3&#8243;][vc_single_image image=&#8221;1466&#8243; img_size=&#8221;full&#8221; alignment=&#8221;center&#8221; qode_css_animation=&#8221;&#8221;][vc_column_text]\n<h3>Gesti\u00f3n inteligente del personal<\/h3>\n[\/vc_column_text][vc_column_text]Gesti\u00f3n optimizada del personal de caja en dependencia del tiempo de espera[\/vc_column_text][\/vc_column][\/vc_row][vc_row css_animation=&#8221;&#8221; row_type=&#8221;row&#8221; use_row_as_full_screen_section=&#8221;no&#8221; type=&#8221;grid&#8221; angled_section=&#8221;no&#8221; text_align=&#8221;left&#8221; background_image_as_pattern=&#8221;without_pattern&#8221; background_color=&#8221;#e3e3e3&#8243; el_class=&#8221;section_iconos&#8221;][vc_column width=&#8221;1\/3&#8243;][vc_single_image image=&#8221;1444&#8243; img_size=&#8221;full&#8221; alignment=&#8221;center&#8221; qode_css_animation=&#8221;&#8221;][vc_column_text]\n<h3 class=\"icon_title\">Incremento de ventas<\/h3>\n[\/vc_column_text][vc_column_text]Impulse la compra de productos de necesidad en la fila \u00fanica[\/vc_column_text][\/vc_column][vc_column width=&#8221;1\/3&#8243;][vc_single_image image=&#8221;1052&#8243; img_size=&#8221;full&#8221; alignment=&#8221;center&#8221; qode_css_animation=&#8221;&#8221;][vc_column_text]\n<h3>Mejore el impacto de las campa\u00f1as de marketing<\/h3>\n[\/vc_column_text][vc_column_text]Realice campa\u00f1as de marketing mas eficaces con publicidad directa en el monitor de aviso de caja[\/vc_column_text][\/vc_column][vc_column width=&#8221;1\/3&#8243;][vc_single_image image=&#8221;1467&#8243; img_size=&#8221;full&#8221; alignment=&#8221;center&#8221; qode_css_animation=&#8221;&#8221;][vc_column_text]\n<h3>F\u00e1cil instalaci\u00f3n e integraci\u00f3n<\/h3>\n[\/vc_column_text][vc_column_text]Instalaci\u00f3n r\u00e1pida e integraci\u00f3n con cualquier sistema[\/vc_column_text][\/vc_column][\/vc_row][vc_row css_animation=&#8221;&#8221; row_type=&#8221;row&#8221; use_row_as_full_screen_section=&#8221;no&#8221; type=&#8221;grid&#8221; angled_section=&#8221;no&#8221; text_align=&#8221;left&#8221; background_image_as_pattern=&#8221;without_pattern&#8221; background_color=&#8221;#ffffff&#8221; el_class=&#8221;section_title&#8221;][vc_column][vc_column_text el_class=&#8221;section_subtitle_title_text-title&#8221;]\n<h1><span style=\"color: #ffffff;\"><strong><span style=\"color: #003fa2;\">ARQUITECTURA FUNCIONAL<\/span><\/strong><\/span><\/h1>\n[\/vc_column_text][vc_empty_space][vc_single_image image=&#8221;1732&#8243; img_size=&#8221;full&#8221; alignment=&#8221;center&#8221; qode_css_animation=&#8221;&#8221;][\/vc_column][\/vc_row][vc_row css_animation=&#8221;&#8221; row_type=&#8221;row&#8221; use_row_as_full_screen_section=&#8221;no&#8221; type=&#8221;grid&#8221; angled_section=&#8221;no&#8221; text_align=&#8221;left&#8221; background_image_as_pattern=&#8221;without_pattern&#8221; background_color=&#8221;#e3e3e3&#8243; el_class=&#8221;section_title&#8221;][vc_column][vc_column_text]\n<h1><strong>HERRAMIENTAS SOFTWARE<br \/>\n<\/strong><strong>ASOCIADAS DE\u00a0ANAL\u00cdTICA<\/strong><\/h1>\n[\/vc_column_text][\/vc_column][\/vc_row][vc_row css_animation=&#8221;&#8221; row_type=&#8221;row&#8221; use_row_as_full_screen_section=&#8221;no&#8221; type=&#8221;grid&#8221; angled_section=&#8221;no&#8221; text_align=&#8221;left&#8221; background_image_as_pattern=&#8221;without_pattern&#8221; background_color=&#8221;#e3e3e3&#8243; el_class=&#8221;section_dosColumnas&#8221;][vc_column width=&#8221;1\/2&#8243;][\/vc_column][vc_column width=&#8221;1\/2&#8243;][vc_column_text]\n<h3>VC.DASHBOARD<\/h3>\n[\/vc_column_text][vc_column_text]Dashboard web de anal\u00edtica de gesti\u00f3n de KPIs de afluencia, flujo, comportamiento de clientes y ratios de negocio[\/vc_column_text]<a  itemprop=\"url\" href=\"http:\/\/www.visualcounter.com\/web\/soluciones\/vcdashboard\/\" target=\"_self\"  class=\"qbutton  small default\" style=\"\">VER M\u00c1S<\/a>[\/vc_column][\/vc_row][vc_row css_animation=&#8221;&#8221; row_type=&#8221;row&#8221; use_row_as_full_screen_section=&#8221;no&#8221; type=&#8221;full_width&#8221; angled_section=&#8221;no&#8221; text_align=&#8221;left&#8221; background_image_as_pattern=&#8221;without_pattern&#8221; background_color=&#8221;#e3e3e3&#8243;][vc_column][vc_empty_space height=&#8221;50&#8243;][\/vc_column][\/vc_row][vc_column][\/vc_column]\n","protected":false},"excerpt":{"rendered":"<p>[vc_row css_animation=&#8221;&#8221; row_type=&#8221;row&#8221; use_row_as_full_screen_section=&#8221;no&#8221; type=&#8221;grid&#8221; angled_section=&#8221;no&#8221; text_align=&#8221;left&#8221; background_image_as_pattern=&#8221;without_pattern&#8221; el_class=&#8221;section_soluciones&#8221;][vc_column][vc_widget_sidebar sidebar_id=&#8221;Menu Soluciones&#8221; el_class=&#8221;menu_soluciones&#8221;][vc_row_inner row_type=&#8221;row&#8221; type=&#8221;full_width&#8221; text_align=&#8221;left&#8221; css_animation=&#8221;&#8221; el_class=&#8221;section_soluciones-productos&#8221;][vc_column_inner width=&#8221;1\/2&#8243;][vc_single_image image=&#8221;1475&#8243; img_size=&#8221;full&#8221; qode_css_animation=&#8221;&#8221;][\/vc_column_inner][vc_column_inner width=&#8221;1\/2&#8243;][vc_column_text] VC.s-QUEUE.MANAGER [\/vc_column_text][vc_column_text]Soluci\u00f3n de gesti\u00f3n de fila \u00fanica en puntos de servicio o venta Permite acelerar el paso por el punto de atenci\u00f3n para&#8230;<\/p>\n","protected":false},"author":1,"featured_media":0,"parent":198,"menu_order":0,"comment_status":"closed","ping_status":"closed","template":"full_width.php","meta":{"inline_featured_image":false,"_monsterinsights_skip_tracking":false,"_monsterinsights_sitenote_active":false,"_monsterinsights_sitenote_note":"","_monsterinsights_sitenote_category":0,"footnotes":""},"class_list":["post-219","page","type-page","status-publish","hentry"],"yoast_head":"<!-- This site is optimized with the Yoast SEO plugin v23.7 - https:\/\/yoast.com\/wordpress\/plugins\/seo\/ -->\n<title>VC.s-QUEUE.MANAGER - Visual Counter<\/title>\n<meta name=\"robots\" content=\"index, follow, max-snippet:-1, max-image-preview:large, max-video-preview:-1\" \/>\n<link rel=\"canonical\" href=\"https:\/\/www.visualcounter.com\/web\/soluciones\/vc-s-queue\/\" \/>\n<meta property=\"og:locale\" content=\"es_ES\" \/>\n<meta property=\"og:type\" content=\"article\" \/>\n<meta property=\"og:title\" content=\"VC.s-QUEUE.MANAGER - Visual Counter\" \/>\n<meta property=\"og:description\" content=\"[vc_row css_animation=&#8221;&#8221; row_type=&#8221;row&#8221; use_row_as_full_screen_section=&#8221;no&#8221; type=&#8221;grid&#8221; angled_section=&#8221;no&#8221; text_align=&#8221;left&#8221; background_image_as_pattern=&#8221;without_pattern&#8221; el_class=&#8221;section_soluciones&#8221;][vc_column][vc_widget_sidebar sidebar_id=&#8221;Menu Soluciones&#8221; el_class=&#8221;menu_soluciones&#8221;][vc_row_inner row_type=&#8221;row&#8221; type=&#8221;full_width&#8221; text_align=&#8221;left&#8221; css_animation=&#8221;&#8221; el_class=&#8221;section_soluciones-productos&#8221;][vc_column_inner width=&#8221;1\/2&#8243;][vc_single_image image=&#8221;1475&#8243; img_size=&#8221;full&#8221; qode_css_animation=&#8221;&#8221;][\/vc_column_inner][vc_column_inner width=&#8221;1\/2&#8243;][vc_column_text] VC.s-QUEUE.MANAGER [\/vc_column_text][vc_column_text]Soluci\u00f3n de gesti\u00f3n de fila \u00fanica en puntos de servicio o venta Permite acelerar el paso por el punto de atenci\u00f3n para...\" \/>\n<meta property=\"og:url\" content=\"https:\/\/www.visualcounter.com\/web\/soluciones\/vc-s-queue\/\" \/>\n<meta property=\"og:site_name\" content=\"Visual Counter\" \/>\n<meta property=\"article:modified_time\" content=\"2019-02-11T17:33:58+00:00\" \/>\n<meta name=\"twitter:card\" content=\"summary_large_image\" \/>\n<meta name=\"twitter:label1\" content=\"Tiempo de lectura\" \/>\n\t<meta name=\"twitter:data1\" content=\"8 minutos\" \/>\n<script type=\"application\/ld+json\" class=\"yoast-schema-graph\">{\"@context\":\"https:\/\/schema.org\",\"@graph\":[{\"@type\":\"WebPage\",\"@id\":\"https:\/\/www.visualcounter.com\/web\/soluciones\/vc-s-queue\/\",\"url\":\"https:\/\/www.visualcounter.com\/web\/soluciones\/vc-s-queue\/\",\"name\":\"VC.s-QUEUE.MANAGER - Visual Counter\",\"isPartOf\":{\"@id\":\"https:\/\/www.visualcounter.com\/web\/#website\"},\"datePublished\":\"2017-10-08T16:39:36+00:00\",\"dateModified\":\"2019-02-11T17:33:58+00:00\",\"breadcrumb\":{\"@id\":\"https:\/\/www.visualcounter.com\/web\/soluciones\/vc-s-queue\/#breadcrumb\"},\"inLanguage\":\"es\",\"potentialAction\":[{\"@type\":\"ReadAction\",\"target\":[\"https:\/\/www.visualcounter.com\/web\/soluciones\/vc-s-queue\/\"]}]},{\"@type\":\"BreadcrumbList\",\"@id\":\"https:\/\/www.visualcounter.com\/web\/soluciones\/vc-s-queue\/#breadcrumb\",\"itemListElement\":[{\"@type\":\"ListItem\",\"position\":1,\"name\":\"Portada\",\"item\":\"https:\/\/www.visualcounter.com\/web\/\"},{\"@type\":\"ListItem\",\"position\":2,\"name\":\"Soluciones\",\"item\":\"https:\/\/www.visualcounter.com\/web\/soluciones\/\"},{\"@type\":\"ListItem\",\"position\":3,\"name\":\"VC.s-QUEUE.MANAGER\"}]},{\"@type\":\"WebSite\",\"@id\":\"https:\/\/www.visualcounter.com\/web\/#website\",\"url\":\"https:\/\/www.visualcounter.com\/web\/\",\"name\":\"Visual Counter\",\"description\":\"Soluciones para el conteo de personas \/ pasajeros y otras soluciones innovadoras para el sectores tan dispares como el Retail, Centros Comerciales, Supermercados, Banca, aeropuertos, etc\",\"potentialAction\":[{\"@type\":\"SearchAction\",\"target\":{\"@type\":\"EntryPoint\",\"urlTemplate\":\"https:\/\/www.visualcounter.com\/web\/?s={search_term_string}\"},\"query-input\":{\"@type\":\"PropertyValueSpecification\",\"valueRequired\":true,\"valueName\":\"search_term_string\"}}],\"inLanguage\":\"es\"}]}<\/script>\n<!-- \/ Yoast SEO plugin. -->","yoast_head_json":{"title":"VC.s-QUEUE.MANAGER - Visual Counter","robots":{"index":"index","follow":"follow","max-snippet":"max-snippet:-1","max-image-preview":"max-image-preview:large","max-video-preview":"max-video-preview:-1"},"canonical":"https:\/\/www.visualcounter.com\/web\/soluciones\/vc-s-queue\/","og_locale":"es_ES","og_type":"article","og_title":"VC.s-QUEUE.MANAGER - Visual Counter","og_description":"[vc_row css_animation=&#8221;&#8221; row_type=&#8221;row&#8221; use_row_as_full_screen_section=&#8221;no&#8221; type=&#8221;grid&#8221; angled_section=&#8221;no&#8221; text_align=&#8221;left&#8221; background_image_as_pattern=&#8221;without_pattern&#8221; el_class=&#8221;section_soluciones&#8221;][vc_column][vc_widget_sidebar sidebar_id=&#8221;Menu Soluciones&#8221; el_class=&#8221;menu_soluciones&#8221;][vc_row_inner row_type=&#8221;row&#8221; type=&#8221;full_width&#8221; text_align=&#8221;left&#8221; css_animation=&#8221;&#8221; el_class=&#8221;section_soluciones-productos&#8221;][vc_column_inner width=&#8221;1\/2&#8243;][vc_single_image image=&#8221;1475&#8243; img_size=&#8221;full&#8221; qode_css_animation=&#8221;&#8221;][\/vc_column_inner][vc_column_inner width=&#8221;1\/2&#8243;][vc_column_text] VC.s-QUEUE.MANAGER [\/vc_column_text][vc_column_text]Soluci\u00f3n de gesti\u00f3n de fila \u00fanica en puntos de servicio o venta Permite acelerar el paso por el punto de atenci\u00f3n para...","og_url":"https:\/\/www.visualcounter.com\/web\/soluciones\/vc-s-queue\/","og_site_name":"Visual Counter","article_modified_time":"2019-02-11T17:33:58+00:00","twitter_card":"summary_large_image","twitter_misc":{"Tiempo de lectura":"8 minutos"},"schema":{"@context":"https:\/\/schema.org","@graph":[{"@type":"WebPage","@id":"https:\/\/www.visualcounter.com\/web\/soluciones\/vc-s-queue\/","url":"https:\/\/www.visualcounter.com\/web\/soluciones\/vc-s-queue\/","name":"VC.s-QUEUE.MANAGER - Visual Counter","isPartOf":{"@id":"https:\/\/www.visualcounter.com\/web\/#website"},"datePublished":"2017-10-08T16:39:36+00:00","dateModified":"2019-02-11T17:33:58+00:00","breadcrumb":{"@id":"https:\/\/www.visualcounter.com\/web\/soluciones\/vc-s-queue\/#breadcrumb"},"inLanguage":"es","potentialAction":[{"@type":"ReadAction","target":["https:\/\/www.visualcounter.com\/web\/soluciones\/vc-s-queue\/"]}]},{"@type":"BreadcrumbList","@id":"https:\/\/www.visualcounter.com\/web\/soluciones\/vc-s-queue\/#breadcrumb","itemListElement":[{"@type":"ListItem","position":1,"name":"Portada","item":"https:\/\/www.visualcounter.com\/web\/"},{"@type":"ListItem","position":2,"name":"Soluciones","item":"https:\/\/www.visualcounter.com\/web\/soluciones\/"},{"@type":"ListItem","position":3,"name":"VC.s-QUEUE.MANAGER"}]},{"@type":"WebSite","@id":"https:\/\/www.visualcounter.com\/web\/#website","url":"https:\/\/www.visualcounter.com\/web\/","name":"Visual Counter","description":"Soluciones para el conteo de personas \/ pasajeros y otras soluciones innovadoras para el sectores tan dispares como el Retail, Centros Comerciales, Supermercados, Banca, aeropuertos, etc","potentialAction":[{"@type":"SearchAction","target":{"@type":"EntryPoint","urlTemplate":"https:\/\/www.visualcounter.com\/web\/?s={search_term_string}"},"query-input":{"@type":"PropertyValueSpecification","valueRequired":true,"valueName":"search_term_string"}}],"inLanguage":"es"}]}},"_links":{"self":[{"href":"https:\/\/www.visualcounter.com\/web\/wp-json\/wp\/v2\/pages\/219"}],"collection":[{"href":"https:\/\/www.visualcounter.com\/web\/wp-json\/wp\/v2\/pages"}],"about":[{"href":"https:\/\/www.visualcounter.com\/web\/wp-json\/wp\/v2\/types\/page"}],"author":[{"embeddable":true,"href":"https:\/\/www.visualcounter.com\/web\/wp-json\/wp\/v2\/users\/1"}],"replies":[{"embeddable":true,"href":"https:\/\/www.visualcounter.com\/web\/wp-json\/wp\/v2\/comments?post=219"}],"version-history":[{"count":16,"href":"https:\/\/www.visualcounter.com\/web\/wp-json\/wp\/v2\/pages\/219\/revisions"}],"predecessor-version":[{"id":2097,"href":"https:\/\/www.visualcounter.com\/web\/wp-json\/wp\/v2\/pages\/219\/revisions\/2097"}],"up":[{"embeddable":true,"href":"https:\/\/www.visualcounter.com\/web\/wp-json\/wp\/v2\/pages\/198"}],"wp:attachment":[{"href":"https:\/\/www.visualcounter.com\/web\/wp-json\/wp\/v2\/media?parent=219"}],"curies":[{"name":"wp","href":"https:\/\/api.w.org\/{rel}","templated":true}]}}