{"id":215,"date":"2017-10-08T16:39:00","date_gmt":"2017-10-08T16:39:00","guid":{"rendered":"http:\/\/www.visualcounter.com\/web\/?page_id=215"},"modified":"2019-02-11T22:14:50","modified_gmt":"2019-02-11T22:14:50","slug":"vc-lineview","status":"publish","type":"page","link":"https:\/\/www.visualcounter.com\/web\/soluciones\/vc-lineview\/","title":{"rendered":"VC.LINEVIEW"},"content":{"rendered":"[vc_row css_animation=&#8221;&#8221; row_type=&#8221;row&#8221; use_row_as_full_screen_section=&#8221;no&#8221; type=&#8221;grid&#8221; angled_section=&#8221;no&#8221; text_align=&#8221;left&#8221; background_image_as_pattern=&#8221;without_pattern&#8221; el_class=&#8221;section_soluciones&#8221;][vc_column][vc_widget_sidebar sidebar_id=&#8221;Menu Soluciones&#8221; el_class=&#8221;menu_soluciones&#8221;][vc_row_inner row_type=&#8221;row&#8221; type=&#8221;full_width&#8221; text_align=&#8221;left&#8221; css_animation=&#8221;&#8221; el_class=&#8221;section_soluciones-productos&#8221;][vc_column_inner width=&#8221;1\/2&#8243;][vc_single_image image=&#8221;1609&#8243; img_size=&#8221;full&#8221; qode_css_animation=&#8221;&#8221;][\/vc_column_inner][vc_column_inner width=&#8221;1\/2&#8243;][vc_column_text]\n<h3>VC.LINEVIEW<\/h3>\n[\/vc_column_text][vc_column_text]Soluci\u00f3n de <strong>monitorizaci\u00f3n de colas<\/strong> en puntos de servicio o venta y optimizaci\u00f3n del tiempo de espera[\/vc_column_text]<a id=\"button_folleto\" itemprop=\"url\" href=\"http:\/\/www.visualcounter.com\/web\/wp-content\/uploads\/2019\/02\/Folleto-VisualCounter.LineView_ES.pdf\" target=\"_blank\"  class=\"qbutton  small default\" style=\"\">FOLLETO<i class=\"qode_icon_font_awesome fa fa-download qode_button_icon_element\" style=\"\" ><\/i><\/a>[\/vc_column_inner][\/vc_row_inner][\/vc_column][\/vc_row][vc_row css_animation=&#8221;&#8221; row_type=&#8221;row&#8221; use_row_as_full_screen_section=&#8221;no&#8221; type=&#8221;grid&#8221; angled_section=&#8221;no&#8221; text_align=&#8221;left&#8221; background_image_as_pattern=&#8221;without_pattern&#8221; background_color=&#8221;#e3e3e3&#8243; el_class=&#8221;section_caracteristicas&#8221;][vc_column width=&#8221;1\/3&#8243;][vc_column_text el_class=&#8221;modulo_caracteristica&#8221;]<strong>Datos anal\u00edticos agregados<\/strong><br \/>\nInformaci\u00f3n agregada cada 1-5 minutos de valores m\u00e1ximo \/ medio \/ m\u00ednimo del n\u00famero de personas en cola y el tiempo de espera[\/vc_column_text][vc_column_text el_class=&#8221;modulo_caracteristica&#8221;]<strong>Avisos\/alarmas de operativa<\/strong><br \/>\nOpci\u00f3n de generaci\u00f3n en tiempo real de avisos o alarmas al personal de gesti\u00f3n del punto de servicio o venta mediante App o Smartwatch, si se superan umbrales de cantidad de personas o tiempo de espera[\/vc_column_text][vc_column_text el_class=&#8221;modulo_caracteristica&#8221;]<strong>Variedad de tipo y tama\u00f1o de colas<\/strong><br \/>\nSistema v\u00e1lido fila \u00fanica, m\u00faltiples filas y optimizadas con separadores[\/vc_column_text][\/vc_column][vc_column width=&#8221;1\/3&#8243;][vc_column_text el_class=&#8221;modulo_caracteristica&#8221;]<strong>Agrupaci\u00f3n de zonas de espera<\/strong><br \/>\nPosibilidad de agrupar virtualmente zonas de monitorizaci\u00f3n para crear zonas de espera de mayor escala[\/vc_column_text][vc_column_text el_class=&#8221;modulo_caracteristica&#8221;]<strong>Tecnolog\u00edas y algoritmos de \u00faltima generaci\u00f3n<\/strong><br \/>\nInnovadora tecnolog\u00eda de Tiempo de Vuelo (Time Of Flight) que crea una imagen 3D de m\u00e1xima resoluci\u00f3n y precisi\u00f3n (sin impacto en la GDPR) a partir de los rayos infrarrojos reflejados del entorno<br \/>\nAlgoritmos de procesamiento basados en redes neuronales y l\u00f3gica borrosa que permiten obtener la m\u00e1xima precisi\u00f3n en los datos[\/vc_column_text][\/vc_column][vc_column width=&#8221;1\/3&#8243;][vc_column_text el_class=&#8221;modulo_caracteristica&#8221;]<strong>Comunicaciones IP \/ Bluettoth \/ IoT \/ M2M nativas cloud<\/strong><br \/>\nComunicaciones IP (Ethernet PoE, WiFi), Bluetooth y m\u00f3dulos nativos IoT \/ M2M (LTE-M 4G \/ NB-IoT 4G \/ 5G)[\/vc_column_text][vc_column_text el_class=&#8221;modulo_caracteristica&#8221;]<strong>F\u00e1cil integraci\u00f3n de datos<\/strong><br \/>\nIntegraci\u00f3n flexible de datos (API, text csv, xml, JSON, web services)[\/vc_column_text][vc_column_text el_class=&#8221;modulo_caracteristica&#8221;]<strong>Almacenamiento interno de datos hist\u00f3ricos<\/strong><br \/>\nAlmacenamiento de datos hist\u00f3ricos hasta un m\u00e1ximo de 400 d\u00edas[\/vc_column_text][vc_column_text el_class=&#8221;modulo_caracteristica&#8221;]<strong>Gesti\u00f3n cloud remota y centralizada<\/strong><br \/>\nGesti\u00f3n y anal\u00edtica cloud remota de red ilimitada de dispositivos[\/vc_column_text][\/vc_column][\/vc_row][vc_row css_animation=&#8221;&#8221; row_type=&#8221;row&#8221; use_row_as_full_screen_section=&#8221;no&#8221; type=&#8221;grid&#8221; angled_section=&#8221;no&#8221; text_align=&#8221;left&#8221; background_image=&#8221;2043&#8243; background_image_as_pattern=&#8221;without_pattern&#8221;][vc_column][vc_row_inner row_type=&#8221;row&#8221; type=&#8221;full_width&#8221; text_align=&#8221;left&#8221; css_animation=&#8221;&#8221; css=&#8221;.vc_custom_1547225395201{margin-top: 50px !important;}&#8221;][vc_column_inner width=&#8221;1\/6&#8243;][vc_column_text css=&#8221;.vc_custom_1547225794156{margin-top: 60px !important;}&#8221;][\/vc_column_text][\/vc_column_inner][vc_column_inner width=&#8221;2\/3&#8243;][vc_column_text el_class=&#8221;section_cta-text&#8221; css=&#8221;.vc_custom_1547227278744{margin-top: 32px !important;}&#8221;]\n<h2 style=\"text-align: center;\"><span style=\"color: #ffffff;\">INNOVADORA TECNOLOG\u00cdA<br \/>\n\u2018TIEMPO DE VUELO\u2019<br \/>\n(TOF &#8211; TIME OF FLIGHT)<\/span><\/h2>\n[\/vc_column_text][vc_empty_space][vc_column_text]\n<h4 style=\"text-align: center;\"><span style=\"color: #ffffff;\">La tecnolog\u00eda de \u2018tiempo de vuelo\u2019 permite estimar distancias de cuerpos calculando el tiempo transcurrido entre la emisi\u00f3n de un haz de luz infrarrojo y la recepci\u00f3n del rayo reflejado, obteniendo una imagen 3D en tiempo real con alta precisi\u00f3n y resoluci\u00f3n<\/span><\/h4>\n[\/vc_column_text][vc_single_image image=&#8221;1645&#8243; img_size=&#8221;full&#8221; alignment=&#8221;center&#8221; qode_css_animation=&#8221;&#8221; css=&#8221;.vc_custom_1547200589586{margin-top: 20px !important;margin-bottom: 20px !important;}&#8221;][\/vc_column_inner][vc_column_inner width=&#8221;1\/6&#8243;][\/vc_column_inner][\/vc_row_inner][vc_empty_space height=&#8221;30&#8243;][vc_row_inner row_type=&#8221;row&#8221; type=&#8221;full_width&#8221; text_align=&#8221;left&#8221; css_animation=&#8221;&#8221; css=&#8221;.vc_custom_1547225395201{margin-top: 50px !important;}&#8221;][vc_column_inner width=&#8221;1\/6&#8243;][vc_column_text css=&#8221;.vc_custom_1547225794156{margin-top: 60px !important;}&#8221;][\/vc_column_text][\/vc_column_inner][vc_column_inner width=&#8221;2\/3&#8243;][vc_column_text]\n<h2><\/h2>\n<h2 style=\"text-align: center;\"><span style=\"color: #ffffff;\"><strong>ALGORITMOS DE \u2018MACHINE LEARNING\u2019<br \/>\nDE \u00daLTIMA GENERACI\u00d3N <\/strong><\/span><\/h2>\n[\/vc_column_text][vc_empty_space][vc_column_text]\n<h4 style=\"text-align: center;\"><span style=\"color: #ffffff;\">Algoritmos de procesamiento basados en redes neuronales y l\u00f3gica borrosa que permiten la precisa detecci\u00f3n, identificaci\u00f3n y seguimiento de las personas esperando en una cola, as\u00ed como la estimaci\u00f3n del tiempo de espera y atenci\u00f3n <\/span><\/h4>\n[\/vc_column_text][vc_single_image image=&#8221;1726&#8243; img_size=&#8221;full&#8221; alignment=&#8221;center&#8221; qode_css_animation=&#8221;&#8221; css=&#8221;.vc_custom_1549876344603{margin-top: 20px !important;margin-bottom: 20px !important;}&#8221;][\/vc_column_inner][vc_column_inner width=&#8221;1\/6&#8243;][\/vc_column_inner][\/vc_row_inner][vc_empty_space height=&#8221;50&#8243;][\/vc_column][\/vc_row][vc_row css_animation=&#8221;&#8221; row_type=&#8221;row&#8221; use_row_as_full_screen_section=&#8221;no&#8221; type=&#8221;grid&#8221; angled_section=&#8221;no&#8221; text_align=&#8221;left&#8221; background_image_as_pattern=&#8221;without_pattern&#8221; background_color=&#8221;#e3e3e3&#8243;][vc_column][vc_column_text el_class=&#8221;section_title&#8221;]\n<h1><strong>ANAL\u00cdTICA DE COLAS Y TIEMPOS DE ESPERA EN ZONAS COMERCIALES<\/strong><\/h1>\n[\/vc_column_text][\/vc_column][\/vc_row][vc_row css_animation=&#8221;&#8221; row_type=&#8221;row&#8221; use_row_as_full_screen_section=&#8221;no&#8221; type=&#8221;grid&#8221; angled_section=&#8221;no&#8221; text_align=&#8221;left&#8221; background_image_as_pattern=&#8221;without_pattern&#8221; background_color=&#8221;#e3e3e3&#8243; el_class=&#8221;section_iconos&#8221;][vc_column width=&#8221;1\/2&#8243;][vc_single_image image=&#8221;1037&#8243; img_size=&#8221;full&#8221; alignment=&#8221;center&#8221; qode_css_animation=&#8221;&#8221;][vc_column_text]\n<h3>Experiencia de cliente<\/h3>\n[\/vc_column_text][vc_column_text]Mejore la experiencia de cliente evitando la congesti\u00f3n de clientes en espera en colas para ser atendidos[\/vc_column_text][\/vc_column][vc_column width=&#8221;1\/2&#8243;][vc_single_image image=&#8221;1044&#8243; img_size=&#8221;full&#8221; alignment=&#8221;center&#8221; qode_css_animation=&#8221;&#8221;][vc_column_text]\n<h3 class=\"icon_title\">Operativa de negocio<\/h3>\n[\/vc_column_text][vc_column_text]Optimice el n\u00famero de puntos de servicio o venta abiertos para cumplir con lo establecido de antemano por contrato o por pol\u00edtica de calidad de servicio<br \/>\nOptimice el n\u00famero de puntos de servicio o venta abiertos para evitar sobrecostes debido a personal no necesario en momentos de baja carga de atenci\u00f3n[\/vc_column_text][\/vc_column][\/vc_row][vc_row css_animation=&#8221;&#8221; row_type=&#8221;row&#8221; use_row_as_full_screen_section=&#8221;no&#8221; type=&#8221;grid&#8221; angled_section=&#8221;no&#8221; text_align=&#8221;left&#8221; background_image_as_pattern=&#8221;without_pattern&#8221; background_color=&#8221;#e3e3e3&#8243; el_class=&#8221;section_iconos&#8221;][vc_column width=&#8221;1\/2&#8243;][vc_single_image image=&#8221;1048&#8243; img_size=&#8221;full&#8221; alignment=&#8221;center&#8221; qode_css_animation=&#8221;&#8221;][vc_column_text]\n<h3>Anal\u00edtica de comportamiento en colas<\/h3>\n[\/vc_column_text][vc_column_text]Identificaci\u00f3n del n\u00famero de personas esperando en colas<br \/>\nEstimaci\u00f3n del tiempo medio de espera en cola<br \/>\nTiempo de atenci\u00f3n en el punto de venta[\/vc_column_text][\/vc_column][vc_column width=&#8221;1\/2&#8243;][vc_single_image image=&#8221;1637&#8243; img_size=&#8221;full&#8221; alignment=&#8221;center&#8221; qode_css_animation=&#8221;&#8221;][vc_column_text]\n<h3 class=\"icon_title\">IoT &#8211; Servicios cloud<\/h3>\n[\/vc_column_text][vc_column_text]Arquitectura y plataforma IoT Cloud con posibilidad de servicios de anal\u00edtica predictiva y Big Data[\/vc_column_text][\/vc_column][\/vc_row][vc_row css_animation=&#8221;&#8221; row_type=&#8221;row&#8221; use_row_as_full_screen_section=&#8221;no&#8221; type=&#8221;grid&#8221; angled_section=&#8221;no&#8221; text_align=&#8221;left&#8221; background_image_as_pattern=&#8221;without_pattern&#8221; el_class=&#8221;section_title&#8221;][vc_column][vc_column_text el_class=&#8221;section_subtitle_title_text-title&#8221;]\n<h1><strong>ARQUITECTURA FUNCIONAL<\/strong><\/h1>\n[\/vc_column_text][vc_empty_space][vc_single_image image=&#8221;2040&#8243; img_size=&#8221;full&#8221; alignment=&#8221;center&#8221; qode_css_animation=&#8221;&#8221; css=&#8221;.vc_custom_1549847336880{background-color: #ffffff !important;}&#8221;][\/vc_column][\/vc_row][vc_row css_animation=&#8221;&#8221; row_type=&#8221;row&#8221; use_row_as_full_screen_section=&#8221;no&#8221; type=&#8221;grid&#8221; angled_section=&#8221;no&#8221; text_align=&#8221;left&#8221; background_image_as_pattern=&#8221;without_pattern&#8221; background_color=&#8221;#e3e3e3&#8243; el_class=&#8221;section_title&#8221;][vc_column][vc_column_text el_class=&#8221;section_subtitle_title_text-title&#8221;]\n<h1><strong>HERRAMIENTAS SOFTWARE<br \/>\n<\/strong><strong>ASOCIADAS DE\u00a0ANAL\u00cdTICA<\/strong><\/h1>\n[\/vc_column_text][\/vc_column][\/vc_row][vc_row css_animation=&#8221;&#8221; row_type=&#8221;row&#8221; use_row_as_full_screen_section=&#8221;no&#8221; type=&#8221;grid&#8221; angled_section=&#8221;no&#8221; text_align=&#8221;left&#8221; background_image_as_pattern=&#8221;without_pattern&#8221; background_color=&#8221;#e3e3e3&#8243; el_class=&#8221;section_dosColumnas&#8221;][vc_column width=&#8221;1\/2&#8243;][\/vc_column][vc_column width=&#8221;1\/2&#8243;][vc_column_text]\n<h3>VC.DASHBOARD<\/h3>\n[\/vc_column_text][vc_column_text]Dashboard web de anal\u00edtica de gesti\u00f3n de KPIs de afluencia, flujo, comportamiento de clientes y ratios de negocio[\/vc_column_text]<a  itemprop=\"url\" href=\"http:\/\/www.visualcounter.com\/web\/soluciones\/vcdashboard\/\" target=\"_self\"  class=\"qbutton  small default\" style=\"\">VER M\u00c1S<\/a>[\/vc_column][\/vc_row][vc_row css_animation=&#8221;&#8221; row_type=&#8221;row&#8221; use_row_as_full_screen_section=&#8221;no&#8221; type=&#8221;full_width&#8221; angled_section=&#8221;no&#8221; text_align=&#8221;left&#8221; background_image_as_pattern=&#8221;without_pattern&#8221; background_color=&#8221;#e3e3e3&#8243;][vc_column][vc_empty_space height=&#8221;90&#8243;][\/vc_column][\/vc_row]\n","protected":false},"excerpt":{"rendered":"<p>[vc_row css_animation=&#8221;&#8221; row_type=&#8221;row&#8221; use_row_as_full_screen_section=&#8221;no&#8221; type=&#8221;grid&#8221; angled_section=&#8221;no&#8221; text_align=&#8221;left&#8221; background_image_as_pattern=&#8221;without_pattern&#8221; el_class=&#8221;section_soluciones&#8221;][vc_column][vc_widget_sidebar sidebar_id=&#8221;Menu Soluciones&#8221; el_class=&#8221;menu_soluciones&#8221;][vc_row_inner row_type=&#8221;row&#8221; type=&#8221;full_width&#8221; text_align=&#8221;left&#8221; css_animation=&#8221;&#8221; el_class=&#8221;section_soluciones-productos&#8221;][vc_column_inner width=&#8221;1\/2&#8243;][vc_single_image image=&#8221;1609&#8243; img_size=&#8221;full&#8221; qode_css_animation=&#8221;&#8221;][\/vc_column_inner][vc_column_inner width=&#8221;1\/2&#8243;][vc_column_text] VC.LINEVIEW [\/vc_column_text][vc_column_text]Soluci\u00f3n de monitorizaci\u00f3n de colas en puntos de servicio o venta y optimizaci\u00f3n del tiempo de espera[\/vc_column_text][\/vc_column_inner][\/vc_row_inner][\/vc_column][\/vc_row][vc_row css_animation=&#8221;&#8221; row_type=&#8221;row&#8221; use_row_as_full_screen_section=&#8221;no&#8221; type=&#8221;grid&#8221; angled_section=&#8221;no&#8221;&#8230;<\/p>\n","protected":false},"author":1,"featured_media":0,"parent":198,"menu_order":0,"comment_status":"closed","ping_status":"closed","template":"full_width.php","meta":{"inline_featured_image":false,"_monsterinsights_skip_tracking":false,"_monsterinsights_sitenote_active":false,"_monsterinsights_sitenote_note":"","_monsterinsights_sitenote_category":0,"footnotes":""},"class_list":["post-215","page","type-page","status-publish","hentry"],"yoast_head":"<!-- This site is optimized with the Yoast SEO plugin v23.7 - https:\/\/yoast.com\/wordpress\/plugins\/seo\/ -->\n<title>VC.LINEVIEW - Visual Counter<\/title>\n<meta name=\"robots\" content=\"index, follow, max-snippet:-1, max-image-preview:large, max-video-preview:-1\" \/>\n<link rel=\"canonical\" href=\"https:\/\/www.visualcounter.com\/web\/soluciones\/vc-lineview\/\" \/>\n<meta property=\"og:locale\" content=\"es_ES\" \/>\n<meta property=\"og:type\" content=\"article\" \/>\n<meta property=\"og:title\" content=\"VC.LINEVIEW - Visual Counter\" \/>\n<meta property=\"og:description\" content=\"[vc_row css_animation=&#8221;&#8221; row_type=&#8221;row&#8221; use_row_as_full_screen_section=&#8221;no&#8221; type=&#8221;grid&#8221; angled_section=&#8221;no&#8221; text_align=&#8221;left&#8221; background_image_as_pattern=&#8221;without_pattern&#8221; el_class=&#8221;section_soluciones&#8221;][vc_column][vc_widget_sidebar sidebar_id=&#8221;Menu Soluciones&#8221; el_class=&#8221;menu_soluciones&#8221;][vc_row_inner row_type=&#8221;row&#8221; type=&#8221;full_width&#8221; text_align=&#8221;left&#8221; css_animation=&#8221;&#8221; el_class=&#8221;section_soluciones-productos&#8221;][vc_column_inner width=&#8221;1\/2&#8243;][vc_single_image image=&#8221;1609&#8243; img_size=&#8221;full&#8221; qode_css_animation=&#8221;&#8221;][\/vc_column_inner][vc_column_inner width=&#8221;1\/2&#8243;][vc_column_text] VC.LINEVIEW [\/vc_column_text][vc_column_text]Soluci\u00f3n de monitorizaci\u00f3n de colas en puntos de servicio o venta y optimizaci\u00f3n del tiempo de espera[\/vc_column_text][\/vc_column_inner][\/vc_row_inner][\/vc_column][\/vc_row][vc_row css_animation=&#8221;&#8221; row_type=&#8221;row&#8221; use_row_as_full_screen_section=&#8221;no&#8221; type=&#8221;grid&#8221; angled_section=&#8221;no&#8221;...\" \/>\n<meta property=\"og:url\" content=\"https:\/\/www.visualcounter.com\/web\/soluciones\/vc-lineview\/\" \/>\n<meta property=\"og:site_name\" content=\"Visual Counter\" \/>\n<meta property=\"article:modified_time\" content=\"2019-02-11T22:14:50+00:00\" \/>\n<meta name=\"twitter:card\" content=\"summary_large_image\" \/>\n<meta name=\"twitter:label1\" content=\"Tiempo de lectura\" \/>\n\t<meta name=\"twitter:data1\" content=\"8 minutos\" \/>\n<script type=\"application\/ld+json\" class=\"yoast-schema-graph\">{\"@context\":\"https:\/\/schema.org\",\"@graph\":[{\"@type\":\"WebPage\",\"@id\":\"https:\/\/www.visualcounter.com\/web\/soluciones\/vc-lineview\/\",\"url\":\"https:\/\/www.visualcounter.com\/web\/soluciones\/vc-lineview\/\",\"name\":\"VC.LINEVIEW - Visual Counter\",\"isPartOf\":{\"@id\":\"https:\/\/www.visualcounter.com\/web\/#website\"},\"datePublished\":\"2017-10-08T16:39:00+00:00\",\"dateModified\":\"2019-02-11T22:14:50+00:00\",\"breadcrumb\":{\"@id\":\"https:\/\/www.visualcounter.com\/web\/soluciones\/vc-lineview\/#breadcrumb\"},\"inLanguage\":\"es\",\"potentialAction\":[{\"@type\":\"ReadAction\",\"target\":[\"https:\/\/www.visualcounter.com\/web\/soluciones\/vc-lineview\/\"]}]},{\"@type\":\"BreadcrumbList\",\"@id\":\"https:\/\/www.visualcounter.com\/web\/soluciones\/vc-lineview\/#breadcrumb\",\"itemListElement\":[{\"@type\":\"ListItem\",\"position\":1,\"name\":\"Portada\",\"item\":\"https:\/\/www.visualcounter.com\/web\/\"},{\"@type\":\"ListItem\",\"position\":2,\"name\":\"Soluciones\",\"item\":\"https:\/\/www.visualcounter.com\/web\/soluciones\/\"},{\"@type\":\"ListItem\",\"position\":3,\"name\":\"VC.LINEVIEW\"}]},{\"@type\":\"WebSite\",\"@id\":\"https:\/\/www.visualcounter.com\/web\/#website\",\"url\":\"https:\/\/www.visualcounter.com\/web\/\",\"name\":\"Visual Counter\",\"description\":\"Soluciones para el conteo de personas \/ pasajeros y otras soluciones innovadoras para el sectores tan dispares como el Retail, Centros Comerciales, Supermercados, Banca, aeropuertos, etc\",\"potentialAction\":[{\"@type\":\"SearchAction\",\"target\":{\"@type\":\"EntryPoint\",\"urlTemplate\":\"https:\/\/www.visualcounter.com\/web\/?s={search_term_string}\"},\"query-input\":{\"@type\":\"PropertyValueSpecification\",\"valueRequired\":true,\"valueName\":\"search_term_string\"}}],\"inLanguage\":\"es\"}]}<\/script>\n<!-- \/ Yoast SEO plugin. -->","yoast_head_json":{"title":"VC.LINEVIEW - Visual Counter","robots":{"index":"index","follow":"follow","max-snippet":"max-snippet:-1","max-image-preview":"max-image-preview:large","max-video-preview":"max-video-preview:-1"},"canonical":"https:\/\/www.visualcounter.com\/web\/soluciones\/vc-lineview\/","og_locale":"es_ES","og_type":"article","og_title":"VC.LINEVIEW - Visual Counter","og_description":"[vc_row css_animation=&#8221;&#8221; row_type=&#8221;row&#8221; use_row_as_full_screen_section=&#8221;no&#8221; type=&#8221;grid&#8221; angled_section=&#8221;no&#8221; text_align=&#8221;left&#8221; background_image_as_pattern=&#8221;without_pattern&#8221; el_class=&#8221;section_soluciones&#8221;][vc_column][vc_widget_sidebar sidebar_id=&#8221;Menu Soluciones&#8221; el_class=&#8221;menu_soluciones&#8221;][vc_row_inner row_type=&#8221;row&#8221; type=&#8221;full_width&#8221; text_align=&#8221;left&#8221; css_animation=&#8221;&#8221; el_class=&#8221;section_soluciones-productos&#8221;][vc_column_inner width=&#8221;1\/2&#8243;][vc_single_image image=&#8221;1609&#8243; img_size=&#8221;full&#8221; qode_css_animation=&#8221;&#8221;][\/vc_column_inner][vc_column_inner width=&#8221;1\/2&#8243;][vc_column_text] VC.LINEVIEW [\/vc_column_text][vc_column_text]Soluci\u00f3n de monitorizaci\u00f3n de colas en puntos de servicio o venta y optimizaci\u00f3n del tiempo de espera[\/vc_column_text][\/vc_column_inner][\/vc_row_inner][\/vc_column][\/vc_row][vc_row css_animation=&#8221;&#8221; row_type=&#8221;row&#8221; use_row_as_full_screen_section=&#8221;no&#8221; type=&#8221;grid&#8221; angled_section=&#8221;no&#8221;...","og_url":"https:\/\/www.visualcounter.com\/web\/soluciones\/vc-lineview\/","og_site_name":"Visual Counter","article_modified_time":"2019-02-11T22:14:50+00:00","twitter_card":"summary_large_image","twitter_misc":{"Tiempo de lectura":"8 minutos"},"schema":{"@context":"https:\/\/schema.org","@graph":[{"@type":"WebPage","@id":"https:\/\/www.visualcounter.com\/web\/soluciones\/vc-lineview\/","url":"https:\/\/www.visualcounter.com\/web\/soluciones\/vc-lineview\/","name":"VC.LINEVIEW - Visual Counter","isPartOf":{"@id":"https:\/\/www.visualcounter.com\/web\/#website"},"datePublished":"2017-10-08T16:39:00+00:00","dateModified":"2019-02-11T22:14:50+00:00","breadcrumb":{"@id":"https:\/\/www.visualcounter.com\/web\/soluciones\/vc-lineview\/#breadcrumb"},"inLanguage":"es","potentialAction":[{"@type":"ReadAction","target":["https:\/\/www.visualcounter.com\/web\/soluciones\/vc-lineview\/"]}]},{"@type":"BreadcrumbList","@id":"https:\/\/www.visualcounter.com\/web\/soluciones\/vc-lineview\/#breadcrumb","itemListElement":[{"@type":"ListItem","position":1,"name":"Portada","item":"https:\/\/www.visualcounter.com\/web\/"},{"@type":"ListItem","position":2,"name":"Soluciones","item":"https:\/\/www.visualcounter.com\/web\/soluciones\/"},{"@type":"ListItem","position":3,"name":"VC.LINEVIEW"}]},{"@type":"WebSite","@id":"https:\/\/www.visualcounter.com\/web\/#website","url":"https:\/\/www.visualcounter.com\/web\/","name":"Visual Counter","description":"Soluciones para el conteo de personas \/ pasajeros y otras soluciones innovadoras para el sectores tan dispares como el Retail, Centros Comerciales, Supermercados, Banca, aeropuertos, etc","potentialAction":[{"@type":"SearchAction","target":{"@type":"EntryPoint","urlTemplate":"https:\/\/www.visualcounter.com\/web\/?s={search_term_string}"},"query-input":{"@type":"PropertyValueSpecification","valueRequired":true,"valueName":"search_term_string"}}],"inLanguage":"es"}]}},"_links":{"self":[{"href":"https:\/\/www.visualcounter.com\/web\/wp-json\/wp\/v2\/pages\/215"}],"collection":[{"href":"https:\/\/www.visualcounter.com\/web\/wp-json\/wp\/v2\/pages"}],"about":[{"href":"https:\/\/www.visualcounter.com\/web\/wp-json\/wp\/v2\/types\/page"}],"author":[{"embeddable":true,"href":"https:\/\/www.visualcounter.com\/web\/wp-json\/wp\/v2\/users\/1"}],"replies":[{"embeddable":true,"href":"https:\/\/www.visualcounter.com\/web\/wp-json\/wp\/v2\/comments?post=215"}],"version-history":[{"count":11,"href":"https:\/\/www.visualcounter.com\/web\/wp-json\/wp\/v2\/pages\/215\/revisions"}],"predecessor-version":[{"id":2116,"href":"https:\/\/www.visualcounter.com\/web\/wp-json\/wp\/v2\/pages\/215\/revisions\/2116"}],"up":[{"embeddable":true,"href":"https:\/\/www.visualcounter.com\/web\/wp-json\/wp\/v2\/pages\/198"}],"wp:attachment":[{"href":"https:\/\/www.visualcounter.com\/web\/wp-json\/wp\/v2\/media?parent=215"}],"curies":[{"name":"wp","href":"https:\/\/api.w.org\/{rel}","templated":true}]}}