{"id":211,"date":"2017-10-08T16:38:05","date_gmt":"2017-10-08T16:38:05","guid":{"rendered":"http:\/\/www.visualcounter.com\/web\/?page_id=211"},"modified":"2019-02-15T22:48:26","modified_gmt":"2019-02-15T22:48:26","slug":"vc-ir2","status":"publish","type":"page","link":"https:\/\/www.visualcounter.com\/web\/soluciones\/vc-ir2\/","title":{"rendered":"VC.Ir2"},"content":{"rendered":"[vc_row css_animation=&#8221;&#8221; row_type=&#8221;row&#8221; use_row_as_full_screen_section=&#8221;no&#8221; type=&#8221;grid&#8221; angled_section=&#8221;no&#8221; text_align=&#8221;left&#8221; background_image_as_pattern=&#8221;without_pattern&#8221; el_class=&#8221;section_soluciones&#8221;][vc_column][vc_widget_sidebar sidebar_id=&#8221;Menu Soluciones&#8221; el_class=&#8221;menu_soluciones&#8221;][vc_row_inner row_type=&#8221;row&#8221; type=&#8221;full_width&#8221; text_align=&#8221;left&#8221; css_animation=&#8221;&#8221; el_class=&#8221;section_soluciones-productos&#8221;][vc_column_inner width=&#8221;1\/2&#8243;][vc_single_image image=&#8221;1509&#8243; img_size=&#8221;full&#8221; qode_css_animation=&#8221;&#8221;][\/vc_column_inner][vc_column_inner width=&#8221;1\/2&#8243;][vc_column_text]\n<h3>VC.Ir2<\/h3>\n[\/vc_column_text][vc_column_text]Soluci\u00f3n de<strong>\u00a0conteo bidireccional de personas en zonas comerciales<\/strong>\u00a0exteriores con gran precisi\u00f3n mediante haces de sensores l\u00e1ser infrarrojos[\/vc_column_text]<a id=\"button_folleto\" itemprop=\"url\" href=\"http:\/\/www.visualcounter.com\/web\/wp-content\/uploads\/2017\/11\/Folleto-VisualCounter.Ir2_ES.pdf\" target=\"_blank\"  class=\"qbutton  small default\" style=\"\">FOLLETO<i class=\"qode_icon_font_awesome fa fa-download qode_button_icon_element\" style=\"\" ><\/i><\/a>[\/vc_column_inner][\/vc_row_inner][\/vc_column][\/vc_row][vc_row css_animation=&#8221;&#8221; row_type=&#8221;row&#8221; use_row_as_full_screen_section=&#8221;no&#8221; type=&#8221;grid&#8221; angled_section=&#8221;no&#8221; text_align=&#8221;left&#8221; background_image_as_pattern=&#8221;without_pattern&#8221; background_color=&#8221;#e3e3e3&#8243; el_class=&#8221;section_caracteristicas&#8221;][vc_column width=&#8221;1\/3&#8243;][vc_column_text el_class=&#8221;modulo_caracteristica&#8221;]<strong>Conteo en zonas de paso exteriores<\/strong><br \/>\nPermite el conteo de personas en zonas de paso o acceso con\/sin cubierta y con anchos de hasta 6 metros[\/vc_column_text][vc_column_text el_class=&#8221;modulo_caracteristica&#8221;]<strong>Algoritmos de \u00faltima generaci\u00f3n <\/strong><br \/>\nAlgoritmos de conteo basados en \u2018redes neuronales\u2019 de alta eficiencia certificada incluso con multitudes[\/vc_column_text][vc_column_text el_class=&#8221;modulo_caracteristica&#8221;]<strong>Interfaz de comunicaciones IP<\/strong><br \/>\nGesti\u00f3n remota con comunicaciones IP Ethernet[\/vc_column_text][\/vc_column][vc_column width=&#8221;1\/3&#8243;][vc_column_text el_class=&#8221;modulo_caracteristica&#8221;]<strong>Dise\u00f1o robusto integrado con el entorno<\/strong><br \/>\nAdaptaci\u00f3n a entornos outdoor con gran variedad de carcasas[\/vc_column_text][vc_column_text el_class=&#8221;modulo_caracteristica&#8221;]<strong>Almacenamiento interno de datos hist\u00f3ricos<\/strong><br \/>\nLos datos de afluencia (entradas y salidas) permanecen en memoria mapeados en una tabla de d\u00edas disponibles hasta un m\u00e1ximo de 30 (cada 5 minutos) o 10 (cada 1 minuto)[\/vc_column_text][vc_column_text el_class=&#8221;modulo_caracteristica&#8221;]<strong>Adaptaci\u00f3n autom\u00e1tica al escenario<\/strong><br \/>\nSe adapta autom\u00e1ticamente a cambios de escenario en la zona de monitorizaci\u00f3n y conteo, no siendo necesario reparametrizarlos[\/vc_column_text][\/vc_column][vc_column width=&#8221;1\/3&#8243;][vc_column_text el_class=&#8221;modulo_caracteristica&#8221;]<strong>Control riguroso de los sistemas<\/strong><br \/>\nDetecci\u00f3n de situaciones an\u00f3malas y env\u00edo de alarmas[\/vc_column_text][vc_column_text el_class=&#8221;modulo_caracteristica modulo_caracteristica-ultimo&#8221;]<strong>F\u00e1cil integraci\u00f3n de datos<\/strong><br \/>\nIntegraci\u00f3n flexible de datos (csv, xml, web services)[\/vc_column_text][vc_column_text el_class=&#8221;modulo_caracteristica modulo_caracteristica-ultimo&#8221;]<strong>Gesti\u00f3n centralizada<\/strong><br \/>\nN\u00famero ilimitado de dispositivos gestionados desde un solo servidor centralizado en la nube o corporativo en la intranet, a trav\u00e9s de la aplicaci\u00f3n web de gesti\u00f3n estad\u00edstica <span style=\"color: #003fa2;\">VC.i-Stats<\/span>[\/vc_column_text][\/vc_column][\/vc_row][vc_row css_animation=&#8221;&#8221; row_type=&#8221;row&#8221; use_row_as_full_screen_section=&#8221;no&#8221; type=&#8221;grid&#8221; angled_section=&#8221;no&#8221; text_align=&#8221;left&#8221; background_image_as_pattern=&#8221;without_pattern&#8221; background_color=&#8221;#ffffff&#8221; el_class=&#8221;section_title&#8221;][vc_column][vc_column_text]\n<h1><strong>ANAL\u00cdTICA DE FLUJO DE CLIENTES EN ZONAS EXTERIORES<\/strong><\/h1>\n[\/vc_column_text][\/vc_column][\/vc_row][vc_row css_animation=&#8221;&#8221; row_type=&#8221;row&#8221; use_row_as_full_screen_section=&#8221;no&#8221; type=&#8221;grid&#8221; angled_section=&#8221;no&#8221; text_align=&#8221;left&#8221; background_image_as_pattern=&#8221;without_pattern&#8221; background_color=&#8221;#ffffff&#8221; el_class=&#8221;section_iconos&#8221;][vc_column width=&#8221;1\/3&#8243;][vc_single_image image=&#8221;1038&#8243; img_size=&#8221;full&#8221; alignment=&#8221;center&#8221; qode_css_animation=&#8221;&#8221;][vc_column_text]\n<h3 class=\"icon_title\">An\u00e1lisis de flujo de visitantes en zonas de paso o acceso abiertas<\/h3>\n[\/vc_column_text][\/vc_column][vc_column width=&#8221;1\/3&#8243;][vc_single_image image=&#8221;1041&#8243; img_size=&#8221;full&#8221; alignment=&#8221;center&#8221; qode_css_animation=&#8221;&#8221;][vc_column_text]\n<h3>Patrones de afluencia diarios \/ semanales \/ mensuales<\/h3>\n[\/vc_column_text][\/vc_column][vc_column width=&#8221;1\/3&#8243;][vc_single_image image=&#8221;1052&#8243; img_size=&#8221;full&#8221; alignment=&#8221;center&#8221; qode_css_animation=&#8221;&#8221;][vc_column_text]\n<h3 class=\"icon_title\">Medida del valor publicitario de zonas de paso o acceso exteriores<\/h3>\n[\/vc_column_text][\/vc_column][\/vc_row][vc_row css_animation=&#8221;&#8221; row_type=&#8221;row&#8221; use_row_as_full_screen_section=&#8221;no&#8221; type=&#8221;grid&#8221; angled_section=&#8221;no&#8221; text_align=&#8221;left&#8221; background_image_as_pattern=&#8221;without_pattern&#8221; background_color=&#8221;#ffffff&#8221; el_class=&#8221;section_iconos&#8221;][vc_column width=&#8221;1\/3&#8243;][vc_single_image image=&#8221;1510&#8243; img_size=&#8221;full&#8221; alignment=&#8221;center&#8221; qode_css_animation=&#8221;&#8221;][vc_column_text]\n<h3 class=\"icon_title\">Gesti\u00f3n de recursos energ\u00e9ticos, limpieza y seguridad con patrones de afluencia<\/h3>\n[\/vc_column_text][\/vc_column][vc_column width=&#8221;1\/3&#8243;][vc_single_image image=&#8221;1040&#8243; img_size=&#8221;full&#8221; alignment=&#8221;center&#8221; qode_css_animation=&#8221;&#8221;][vc_column_text]\n<h3>Influencia meteorol\u00f3gica en las zonas comerciales outdoor<\/h3>\n[\/vc_column_text][\/vc_column][vc_column width=&#8221;1\/3&#8243;][vc_single_image image=&#8221;1511&#8243; img_size=&#8221;full&#8221; alignment=&#8221;center&#8221; qode_css_animation=&#8221;&#8221;][vc_column_text]\n<h3 class=\"icon_title\">Gesti\u00f3n del alquiler de las zonas comerciales en exteriores<\/h3>\n[\/vc_column_text][\/vc_column][\/vc_row][vc_row css_animation=&#8221;&#8221; row_type=&#8221;row&#8221; use_row_as_full_screen_section=&#8221;no&#8221; type=&#8221;grid&#8221; angled_section=&#8221;no&#8221; text_align=&#8221;left&#8221; background_image_as_pattern=&#8221;without_pattern&#8221; el_class=&#8221;section_title&#8221;][vc_column][vc_column_text el_class=&#8221;section_subtitle_title_text-title&#8221;]\n<h1><strong>ARQUITECTURA FUNCIONAL<\/strong><\/h1>\n[\/vc_column_text][vc_empty_space][vc_single_image image=&#8221;2120&#8243; img_size=&#8221;full&#8221; alignment=&#8221;center&#8221; qode_css_animation=&#8221;&#8221;][\/vc_column][\/vc_row][vc_row css_animation=&#8221;&#8221; row_type=&#8221;row&#8221; use_row_as_full_screen_section=&#8221;no&#8221; type=&#8221;grid&#8221; angled_section=&#8221;no&#8221; text_align=&#8221;left&#8221; background_image_as_pattern=&#8221;without_pattern&#8221; background_color=&#8221;#e3e3e3&#8243; el_class=&#8221;section_title&#8221;][vc_column][vc_column_text el_class=&#8221;section_subtitle_title_text-title&#8221;]\n<h1><strong>HERRAMIENTAS SOFTWARE<br \/>\n<\/strong><strong>ASOCIADAS DE\u00a0ANAL\u00cdTICA<\/strong><\/h1>\n[\/vc_column_text][\/vc_column][\/vc_row][vc_row css_animation=&#8221;&#8221; row_type=&#8221;row&#8221; use_row_as_full_screen_section=&#8221;no&#8221; type=&#8221;grid&#8221; angled_section=&#8221;no&#8221; text_align=&#8221;left&#8221; background_image_as_pattern=&#8221;without_pattern&#8221; background_color=&#8221;#e3e3e3&#8243; el_class=&#8221;section_dosColumnas&#8221;][vc_column width=&#8221;1\/2&#8243;][\/vc_column][vc_column width=&#8221;1\/2&#8243;][vc_column_text]\n<h3>VC.i.STATS<\/h3>\n[\/vc_column_text][vc_column_text]Herramienta web anal\u00edtica de gesti\u00f3n centralizada de datos de afluencia, flujo e indicadores de su negocio[\/vc_column_text]<a  itemprop=\"url\" href=\"http:\/\/www.visualcounter.com\/web\/soluciones\/software\/\" target=\"_self\"  class=\"qbutton  small default\" style=\"\">VER M\u00c1S<\/a>[\/vc_column][\/vc_row][vc_row css_animation=&#8221;&#8221; row_type=&#8221;row&#8221; use_row_as_full_screen_section=&#8221;no&#8221; type=&#8221;grid&#8221; angled_section=&#8221;no&#8221; text_align=&#8221;left&#8221; background_image_as_pattern=&#8221;without_pattern&#8221; background_color=&#8221;#e3e3e3&#8243; el_class=&#8221;section_dosColumnas section_dosColumnas_invertida&#8221;][vc_column width=&#8221;1\/2&#8243;][\/vc_column][vc_column width=&#8221;1\/2&#8243;][vc_column_text]\n<h3>VC.DASHBOARD<\/h3>\n[\/vc_column_text][vc_column_text]Dashboard web de anal\u00edtica de gesti\u00f3n de KPIs de afluencia, flujo, comportamiento de clientes y ratios de negocio[\/vc_column_text]<a  itemprop=\"url\" href=\"http:\/\/www.visualcounter.com\/web\/soluciones\/vcdashboard\/\" target=\"_self\"  class=\"qbutton  small default\" style=\"\">VER M\u00c1S<\/a>[\/vc_column][\/vc_row][vc_column][\/vc_column]\n","protected":false},"excerpt":{"rendered":"<p>[vc_row css_animation=&#8221;&#8221; row_type=&#8221;row&#8221; use_row_as_full_screen_section=&#8221;no&#8221; type=&#8221;grid&#8221; angled_section=&#8221;no&#8221; text_align=&#8221;left&#8221; background_image_as_pattern=&#8221;without_pattern&#8221; el_class=&#8221;section_soluciones&#8221;][vc_column][vc_widget_sidebar sidebar_id=&#8221;Menu Soluciones&#8221; el_class=&#8221;menu_soluciones&#8221;][vc_row_inner row_type=&#8221;row&#8221; type=&#8221;full_width&#8221; text_align=&#8221;left&#8221; css_animation=&#8221;&#8221; el_class=&#8221;section_soluciones-productos&#8221;][vc_column_inner width=&#8221;1\/2&#8243;][vc_single_image image=&#8221;1509&#8243; img_size=&#8221;full&#8221; qode_css_animation=&#8221;&#8221;][\/vc_column_inner][vc_column_inner width=&#8221;1\/2&#8243;][vc_column_text] VC.Ir2 [\/vc_column_text][vc_column_text]Soluci\u00f3n de\u00a0conteo bidireccional de personas en zonas comerciales\u00a0exteriores con gran precisi\u00f3n mediante haces de sensores l\u00e1ser infrarrojos[\/vc_column_text][\/vc_column_inner][\/vc_row_inner][\/vc_column][\/vc_row][vc_row css_animation=&#8221;&#8221; row_type=&#8221;row&#8221; use_row_as_full_screen_section=&#8221;no&#8221; type=&#8221;grid&#8221; angled_section=&#8221;no&#8221;&#8230;<\/p>\n","protected":false},"author":1,"featured_media":0,"parent":198,"menu_order":0,"comment_status":"closed","ping_status":"closed","template":"full_width.php","meta":{"inline_featured_image":false,"_monsterinsights_skip_tracking":false,"_monsterinsights_sitenote_active":false,"_monsterinsights_sitenote_note":"","_monsterinsights_sitenote_category":0,"footnotes":""},"class_list":["post-211","page","type-page","status-publish","hentry"],"yoast_head":"<!-- This site is optimized with the Yoast SEO plugin v23.7 - https:\/\/yoast.com\/wordpress\/plugins\/seo\/ -->\n<title>VC.Ir2 - Visual Counter<\/title>\n<meta name=\"robots\" content=\"index, follow, max-snippet:-1, max-image-preview:large, max-video-preview:-1\" \/>\n<link rel=\"canonical\" href=\"https:\/\/www.visualcounter.com\/web\/soluciones\/vc-ir2\/\" \/>\n<meta property=\"og:locale\" content=\"es_ES\" \/>\n<meta property=\"og:type\" content=\"article\" \/>\n<meta property=\"og:title\" content=\"VC.Ir2 - Visual Counter\" \/>\n<meta property=\"og:description\" content=\"[vc_row css_animation=&#8221;&#8221; row_type=&#8221;row&#8221; use_row_as_full_screen_section=&#8221;no&#8221; type=&#8221;grid&#8221; angled_section=&#8221;no&#8221; text_align=&#8221;left&#8221; background_image_as_pattern=&#8221;without_pattern&#8221; el_class=&#8221;section_soluciones&#8221;][vc_column][vc_widget_sidebar sidebar_id=&#8221;Menu Soluciones&#8221; el_class=&#8221;menu_soluciones&#8221;][vc_row_inner row_type=&#8221;row&#8221; type=&#8221;full_width&#8221; text_align=&#8221;left&#8221; css_animation=&#8221;&#8221; el_class=&#8221;section_soluciones-productos&#8221;][vc_column_inner width=&#8221;1\/2&#8243;][vc_single_image image=&#8221;1509&#8243; img_size=&#8221;full&#8221; qode_css_animation=&#8221;&#8221;][\/vc_column_inner][vc_column_inner width=&#8221;1\/2&#8243;][vc_column_text] VC.Ir2 [\/vc_column_text][vc_column_text]Soluci\u00f3n de\u00a0conteo bidireccional de personas en zonas comerciales\u00a0exteriores con gran precisi\u00f3n mediante haces de sensores l\u00e1ser infrarrojos[\/vc_column_text][\/vc_column_inner][\/vc_row_inner][\/vc_column][\/vc_row][vc_row css_animation=&#8221;&#8221; row_type=&#8221;row&#8221; use_row_as_full_screen_section=&#8221;no&#8221; type=&#8221;grid&#8221; angled_section=&#8221;no&#8221;...\" \/>\n<meta property=\"og:url\" content=\"https:\/\/www.visualcounter.com\/web\/soluciones\/vc-ir2\/\" \/>\n<meta property=\"og:site_name\" content=\"Visual Counter\" \/>\n<meta property=\"article:modified_time\" content=\"2019-02-15T22:48:26+00:00\" \/>\n<meta name=\"twitter:card\" content=\"summary_large_image\" \/>\n<meta name=\"twitter:label1\" content=\"Tiempo de lectura\" \/>\n\t<meta name=\"twitter:data1\" content=\"6 minutos\" \/>\n<script type=\"application\/ld+json\" class=\"yoast-schema-graph\">{\"@context\":\"https:\/\/schema.org\",\"@graph\":[{\"@type\":\"WebPage\",\"@id\":\"https:\/\/www.visualcounter.com\/web\/soluciones\/vc-ir2\/\",\"url\":\"https:\/\/www.visualcounter.com\/web\/soluciones\/vc-ir2\/\",\"name\":\"VC.Ir2 - Visual Counter\",\"isPartOf\":{\"@id\":\"https:\/\/www.visualcounter.com\/web\/#website\"},\"datePublished\":\"2017-10-08T16:38:05+00:00\",\"dateModified\":\"2019-02-15T22:48:26+00:00\",\"breadcrumb\":{\"@id\":\"https:\/\/www.visualcounter.com\/web\/soluciones\/vc-ir2\/#breadcrumb\"},\"inLanguage\":\"es\",\"potentialAction\":[{\"@type\":\"ReadAction\",\"target\":[\"https:\/\/www.visualcounter.com\/web\/soluciones\/vc-ir2\/\"]}]},{\"@type\":\"BreadcrumbList\",\"@id\":\"https:\/\/www.visualcounter.com\/web\/soluciones\/vc-ir2\/#breadcrumb\",\"itemListElement\":[{\"@type\":\"ListItem\",\"position\":1,\"name\":\"Portada\",\"item\":\"https:\/\/www.visualcounter.com\/web\/\"},{\"@type\":\"ListItem\",\"position\":2,\"name\":\"Soluciones\",\"item\":\"https:\/\/www.visualcounter.com\/web\/soluciones\/\"},{\"@type\":\"ListItem\",\"position\":3,\"name\":\"VC.Ir2\"}]},{\"@type\":\"WebSite\",\"@id\":\"https:\/\/www.visualcounter.com\/web\/#website\",\"url\":\"https:\/\/www.visualcounter.com\/web\/\",\"name\":\"Visual Counter\",\"description\":\"Soluciones para el conteo de personas \/ pasajeros y otras soluciones innovadoras para el sectores tan dispares como el Retail, Centros Comerciales, Supermercados, Banca, aeropuertos, etc\",\"potentialAction\":[{\"@type\":\"SearchAction\",\"target\":{\"@type\":\"EntryPoint\",\"urlTemplate\":\"https:\/\/www.visualcounter.com\/web\/?s={search_term_string}\"},\"query-input\":{\"@type\":\"PropertyValueSpecification\",\"valueRequired\":true,\"valueName\":\"search_term_string\"}}],\"inLanguage\":\"es\"}]}<\/script>\n<!-- \/ Yoast SEO plugin. -->","yoast_head_json":{"title":"VC.Ir2 - Visual Counter","robots":{"index":"index","follow":"follow","max-snippet":"max-snippet:-1","max-image-preview":"max-image-preview:large","max-video-preview":"max-video-preview:-1"},"canonical":"https:\/\/www.visualcounter.com\/web\/soluciones\/vc-ir2\/","og_locale":"es_ES","og_type":"article","og_title":"VC.Ir2 - Visual Counter","og_description":"[vc_row css_animation=&#8221;&#8221; row_type=&#8221;row&#8221; use_row_as_full_screen_section=&#8221;no&#8221; type=&#8221;grid&#8221; angled_section=&#8221;no&#8221; text_align=&#8221;left&#8221; background_image_as_pattern=&#8221;without_pattern&#8221; el_class=&#8221;section_soluciones&#8221;][vc_column][vc_widget_sidebar sidebar_id=&#8221;Menu Soluciones&#8221; el_class=&#8221;menu_soluciones&#8221;][vc_row_inner row_type=&#8221;row&#8221; type=&#8221;full_width&#8221; text_align=&#8221;left&#8221; css_animation=&#8221;&#8221; el_class=&#8221;section_soluciones-productos&#8221;][vc_column_inner width=&#8221;1\/2&#8243;][vc_single_image image=&#8221;1509&#8243; img_size=&#8221;full&#8221; qode_css_animation=&#8221;&#8221;][\/vc_column_inner][vc_column_inner width=&#8221;1\/2&#8243;][vc_column_text] VC.Ir2 [\/vc_column_text][vc_column_text]Soluci\u00f3n de\u00a0conteo bidireccional de personas en zonas comerciales\u00a0exteriores con gran precisi\u00f3n mediante haces de sensores l\u00e1ser infrarrojos[\/vc_column_text][\/vc_column_inner][\/vc_row_inner][\/vc_column][\/vc_row][vc_row css_animation=&#8221;&#8221; row_type=&#8221;row&#8221; use_row_as_full_screen_section=&#8221;no&#8221; type=&#8221;grid&#8221; angled_section=&#8221;no&#8221;...","og_url":"https:\/\/www.visualcounter.com\/web\/soluciones\/vc-ir2\/","og_site_name":"Visual Counter","article_modified_time":"2019-02-15T22:48:26+00:00","twitter_card":"summary_large_image","twitter_misc":{"Tiempo de lectura":"6 minutos"},"schema":{"@context":"https:\/\/schema.org","@graph":[{"@type":"WebPage","@id":"https:\/\/www.visualcounter.com\/web\/soluciones\/vc-ir2\/","url":"https:\/\/www.visualcounter.com\/web\/soluciones\/vc-ir2\/","name":"VC.Ir2 - Visual Counter","isPartOf":{"@id":"https:\/\/www.visualcounter.com\/web\/#website"},"datePublished":"2017-10-08T16:38:05+00:00","dateModified":"2019-02-15T22:48:26+00:00","breadcrumb":{"@id":"https:\/\/www.visualcounter.com\/web\/soluciones\/vc-ir2\/#breadcrumb"},"inLanguage":"es","potentialAction":[{"@type":"ReadAction","target":["https:\/\/www.visualcounter.com\/web\/soluciones\/vc-ir2\/"]}]},{"@type":"BreadcrumbList","@id":"https:\/\/www.visualcounter.com\/web\/soluciones\/vc-ir2\/#breadcrumb","itemListElement":[{"@type":"ListItem","position":1,"name":"Portada","item":"https:\/\/www.visualcounter.com\/web\/"},{"@type":"ListItem","position":2,"name":"Soluciones","item":"https:\/\/www.visualcounter.com\/web\/soluciones\/"},{"@type":"ListItem","position":3,"name":"VC.Ir2"}]},{"@type":"WebSite","@id":"https:\/\/www.visualcounter.com\/web\/#website","url":"https:\/\/www.visualcounter.com\/web\/","name":"Visual Counter","description":"Soluciones para el conteo de personas \/ pasajeros y otras soluciones innovadoras para el sectores tan dispares como el Retail, Centros Comerciales, Supermercados, Banca, aeropuertos, etc","potentialAction":[{"@type":"SearchAction","target":{"@type":"EntryPoint","urlTemplate":"https:\/\/www.visualcounter.com\/web\/?s={search_term_string}"},"query-input":{"@type":"PropertyValueSpecification","valueRequired":true,"valueName":"search_term_string"}}],"inLanguage":"es"}]}},"_links":{"self":[{"href":"https:\/\/www.visualcounter.com\/web\/wp-json\/wp\/v2\/pages\/211"}],"collection":[{"href":"https:\/\/www.visualcounter.com\/web\/wp-json\/wp\/v2\/pages"}],"about":[{"href":"https:\/\/www.visualcounter.com\/web\/wp-json\/wp\/v2\/types\/page"}],"author":[{"embeddable":true,"href":"https:\/\/www.visualcounter.com\/web\/wp-json\/wp\/v2\/users\/1"}],"replies":[{"embeddable":true,"href":"https:\/\/www.visualcounter.com\/web\/wp-json\/wp\/v2\/comments?post=211"}],"version-history":[{"count":8,"href":"https:\/\/www.visualcounter.com\/web\/wp-json\/wp\/v2\/pages\/211\/revisions"}],"predecessor-version":[{"id":2301,"href":"https:\/\/www.visualcounter.com\/web\/wp-json\/wp\/v2\/pages\/211\/revisions\/2301"}],"up":[{"embeddable":true,"href":"https:\/\/www.visualcounter.com\/web\/wp-json\/wp\/v2\/pages\/198"}],"wp:attachment":[{"href":"https:\/\/www.visualcounter.com\/web\/wp-json\/wp\/v2\/media?parent=211"}],"curies":[{"name":"wp","href":"https:\/\/api.w.org\/{rel}","templated":true}]}}