{"id":174,"date":"2017-10-08T15:44:14","date_gmt":"2017-10-08T15:44:14","guid":{"rendered":"http:\/\/www.visualcounter.com\/web\/?page_id=174"},"modified":"2021-04-08T09:20:00","modified_gmt":"2021-04-08T09:20:00","slug":"transporte-publico","status":"publish","type":"page","link":"https:\/\/www.visualcounter.com\/web\/sectores\/transporte-publico\/","title":{"rendered":"Transporte p\u00fablico"},"content":{"rendered":"[vc_row css_animation=&#8221;&#8221; row_type=&#8221;row&#8221; use_row_as_full_screen_section=&#8221;no&#8221; type=&#8221;grid&#8221; angled_section=&#8221;no&#8221; text_align=&#8221;left&#8221; background_image_as_pattern=&#8221;without_pattern&#8221; el_class=&#8221;menu_sectores&#8221;][vc_column][vc_widget_sidebar sidebar_id=&#8221;Menu Sectores&#8221;][\/vc_column][\/vc_row][vc_row css_animation=&#8221;&#8221; row_type=&#8221;row&#8221; use_row_as_full_screen_section=&#8221;no&#8221; type=&#8221;grid&#8221; angled_section=&#8221;no&#8221; text_align=&#8221;left&#8221; background_image_as_pattern=&#8221;without_pattern&#8221; el_class=&#8221;section_imagen_texto&#8221;][vc_column width=&#8221;1\/2&#8243;][vc_single_image image=&#8221;136&#8243; img_size=&#8221;full&#8221; qode_css_animation=&#8221;&#8221;][\/vc_column][vc_column width=&#8221;1\/2&#8243;][vc_column_text el_class=&#8221;section_imagen_texto-title&#8221;]Transporte P\u00fablico[\/vc_column_text][vc_column_text el_class=&#8221;section_imagen_texto-text&#8221;]VISUALCOUNTER ofrece una completa gama de soluciones en el sector \u2018Transporte P\u00fablico\u2019 que le permiten <strong>analizar la informaci\u00f3n de flujo y comportamiento de los pasajeros de veh\u00edculos de transporte p\u00fablico <\/strong>(autobuses, tranv\u00edas, trenes, trolebuses, &#8230;),\u00a0con el fin \u00faltimo de optimizar rutas y servicios de forma eficaz y profesional[\/vc_column_text][\/vc_column][\/vc_row][vc_row css_animation=&#8221;&#8221; row_type=&#8221;row&#8221; use_row_as_full_screen_section=&#8221;no&#8221; type=&#8221;grid&#8221; angled_section=&#8221;no&#8221; text_align=&#8221;left&#8221; background_image_as_pattern=&#8221;without_pattern&#8221; background_color=&#8221;#e8e8e8&#8243; el_class=&#8221;section_iconos&#8221;][vc_column width=&#8221;1\/3&#8243;][vc_separator type=&#8221;normal&#8221;][vc_single_image image=&#8221;1116&#8243; img_size=&#8221;full&#8221; alignment=&#8221;center&#8221; qode_css_animation=&#8221;&#8221;][vc_column_text]\n<h3>Anal\u00edtica diaria e hist\u00f3rica de datos del flujo de pasajeros por l\u00ednea<\/h3>\n[\/vc_column_text][\/vc_column][vc_column width=&#8221;1\/3&#8243;][vc_separator type=&#8221;normal&#8221;][vc_single_image image=&#8221;1114&#8243; img_size=&#8221;full&#8221; alignment=&#8221;center&#8221; qode_css_animation=&#8221;&#8221;][vc_column_text]\n<h3>Anal\u00edtica de la operativa de los veh\u00edculos del transporte p\u00fablico<\/h3>\n[\/vc_column_text][\/vc_column][vc_column width=&#8221;1\/3&#8243;][vc_separator type=&#8221;normal&#8221;][vc_single_image image=&#8221;1117&#8243; img_size=&#8221;full&#8221; alignment=&#8221;center&#8221; qode_css_animation=&#8221;&#8221;][vc_column_text]\n<h3>Innovadora tecnolog\u00eda 3D \u2018Tiempo de Vuelo\u2019 con algoritmos de alta fiabilidad &gt;98%<\/h3>\n[\/vc_column_text][\/vc_column][\/vc_row][vc_row css_animation=&#8221;&#8221; row_type=&#8221;row&#8221; use_row_as_full_screen_section=&#8221;no&#8221; type=&#8221;grid&#8221; angled_section=&#8221;no&#8221; text_align=&#8221;left&#8221; background_image_as_pattern=&#8221;without_pattern&#8221; background_color=&#8221;#e8e8e8&#8243; el_class=&#8221;section_iconos&#8221;][vc_column width=&#8221;1\/3&#8243;][vc_single_image image=&#8221;1118&#8243; img_size=&#8221;full&#8221; alignment=&#8221;center&#8221; qode_css_animation=&#8221;&#8221;][vc_column_text]\n<h3>Detecci\u00f3n y conteo de objetos especiales: sillas de ruedas, carritos de beb\u00e9, bicicletas, etc<\/h3>\n[\/vc_column_text][\/vc_column][vc_column width=&#8221;1\/3&#8243;][vc_single_image image=&#8221;1115&#8243; img_size=&#8221;full&#8221; alignment=&#8221;center&#8221; qode_css_animation=&#8221;&#8221;][vc_column_text]\n<h3>Geolocalizaci\u00f3n de las paradas en tiempo real<\/h3>\n[\/vc_column_text][\/vc_column][vc_column width=&#8221;1\/3&#8243;][vc_single_image image=&#8221;1038&#8243; img_size=&#8221;full&#8221; alignment=&#8221;center&#8221; qode_css_animation=&#8221;&#8221;][vc_column_text]\n<h3>Monitorizaci\u00f3n de ocupaci\u00f3n del veh\u00edculo en cada parada<\/h3>\n[\/vc_column_text][\/vc_column][\/vc_row][vc_row css_animation=&#8221;&#8221; row_type=&#8221;row&#8221; use_row_as_full_screen_section=&#8221;no&#8221; type=&#8221;grid&#8221; angled_section=&#8221;no&#8221; text_align=&#8221;left&#8221; background_image_as_pattern=&#8221;without_pattern&#8221; background_color=&#8221;#e8e8e8&#8243; el_class=&#8221;section_iconos&#8221;][vc_column width=&#8221;1\/3&#8243;][vc_single_image image=&#8221;1091&#8243; img_size=&#8221;full&#8221; alignment=&#8221;center&#8221; qode_css_animation=&#8221;&#8221;][vc_column_text]\n<h3>Anal\u00edtica de la matriz origen-destino de los pasajeros en las diferentes l\u00edneas<\/h3>\n[\/vc_column_text][\/vc_column][vc_column width=&#8221;1\/3&#8243;][vc_single_image image=&#8221;1113&#8243; img_size=&#8221;full&#8221; alignment=&#8221;center&#8221; qode_css_animation=&#8221;&#8221;][vc_column_text]\n<h3>Anal\u00edtica de acceso\u00a0de pasajeros al veh\u00edculo<\/h3>\n[\/vc_column_text][\/vc_column][vc_column width=&#8221;1\/3&#8243;][vc_single_image image=&#8221;1119&#8243; img_size=&#8221;full&#8221; alignment=&#8221;center&#8221; qode_css_animation=&#8221;&#8221;][vc_column_text]\n<h3>Monitorizaci\u00f3n de pasajeros en las paradas del transporte p\u00fablico<\/h3>\n[\/vc_column_text][\/vc_column][\/vc_row][vc_row css_animation=&#8221;&#8221; row_type=&#8221;row&#8221; use_row_as_full_screen_section=&#8221;no&#8221; type=&#8221;grid&#8221; angled_section=&#8221;no&#8221; text_align=&#8221;left&#8221; background_image_as_pattern=&#8221;without_pattern&#8221; background_color=&#8221;#e8e8e8&#8243; el_class=&#8221;section_title&#8221;][vc_column][vc_column_text]\n<h1>Soluciones VISUALCOUNTER para el sector Transporte P\u00fablico<\/h1>\n[\/vc_column_text][\/vc_column][\/vc_row][vc_row css_animation=&#8221;&#8221; row_type=&#8221;row&#8221; use_row_as_full_screen_section=&#8221;no&#8221; type=&#8221;full_width&#8221; angled_section=&#8221;no&#8221; text_align=&#8221;left&#8221; background_image_as_pattern=&#8221;without_pattern&#8221; background_color=&#8221;#e8e8e8&#8243; el_class=&#8221;PersonalSlider PersonalSlider1 PersonalSliderProductos&#8221;][vc_column][vc_row_inner row_type=&#8221;row&#8221; type=&#8221;full_width&#8221; text_align=&#8221;left&#8221; css_animation=&#8221;&#8221; el_class=&#8221;PersonalSlider-item&#8221;][vc_column_inner width=&#8221;1\/2&#8243;][vc_single_image image=&#8221;2608&#8243; img_size=&#8221;full&#8221; qode_css_animation=&#8221;&#8221;][\/vc_column_inner][vc_column_inner width=&#8221;1\/2&#8243;][vc_column_text]\n<h3>VC.TRANSIT<\/h3>\n[\/vc_column_text][vc_column_text]La soluci\u00f3n de conteo de pasajeros m\u00e1s robusta y precisa del mercado (&gt;98%), basada en la disruptiva tecnolog\u00eda 3D \u2018Tiempo de Vuelo\u2019 de alta resoluci\u00f3n[\/vc_column_text]<a  itemprop=\"url\" href=\"http:\/\/www.visualcounter.com\/web\/soluciones\/vc-transit\/\" target=\"_self\"  class=\"qbutton  small default\" style=\"\">VER M\u00c1S<\/a>[\/vc_column_inner][\/vc_row_inner][vc_row_inner row_type=&#8221;row&#8221; type=&#8221;full_width&#8221; text_align=&#8221;left&#8221; css_animation=&#8221;&#8221; el_class=&#8221;PersonalSlider-item&#8221;][vc_column_inner width=&#8221;1\/2&#8243;][vc_single_image image=&#8221;1121&#8243; img_size=&#8221;full&#8221; qode_css_animation=&#8221;&#8221;][\/vc_column_inner][vc_column_inner width=&#8221;1\/2&#8243;][vc_column_text]\n<h3>VC.GATEWAY<\/h3>\n[\/vc_column_text][vc_column_text]Gestor y pasarela de datos de conteo de pasajeros a\u00a0servidores cloud remotos para su gesti\u00f3n y explotaci\u00f3n estad\u00edstica[\/vc_column_text]<a  itemprop=\"url\" href=\"http:\/\/www.visualcounter.com\/web\/wp-content\/uploads\/2018\/10\/Folleto-VisualCounter.Gateway_ES.pdf\" target=\"_self\"  class=\"qbutton  small default\" style=\"\">VER M\u00c1S<\/a>[\/vc_column_inner][\/vc_row_inner][vc_row_inner row_type=&#8221;row&#8221; type=&#8221;full_width&#8221; text_align=&#8221;left&#8221; css_animation=&#8221;&#8221; el_class=&#8221;PersonalSlider-item&#8221;][vc_column_inner width=&#8221;1\/2&#8243;][vc_single_image image=&#8221;1176&#8243; img_size=&#8221;full&#8221; qode_css_animation=&#8221;&#8221;][\/vc_column_inner][vc_column_inner width=&#8221;1\/2&#8243;][vc_column_text]\n<h3>VC.TRACK.MODULE.T<\/h3>\n[\/vc_column_text][vc_column_text]M\u00f3dulo add-on para an\u00e1lisis de la matriz origen \/ destino de pasajeros a trav\u00e9s del seguimiento o \u2018tracking\u2019 pasivo de sus \u2018smartphones\u2019 con las comunicaciones WIFI activadas[\/vc_column_text][\/vc_column_inner][\/vc_row_inner][vc_raw_html el_class=&#8221;menu_productos&#8221;]JTNDdWwlM0UlMEElM0NsaSUyMGNsYXNzJTNEJTIybWVudS1zbGlkZS1hY3RpdmUlMjIlMjBpZCUzRCUyMm1lbnUtc2xpZGUxJTIyJTNFVkMuVFJBTlNJVCUzQyUyRmxpJTNFJTBBJTNDbGklMjBpZCUzRCUyMm1lbnUtc2xpZGUyJTIyJTNFVkMuR0FURVdBWSUzQyUyRmxpJTNFJTBBJTNDbGklMjBpZCUzRCUyMm1lbnUtc2xpZGUzJTIyJTNFVkMuVFJBQ0suTU9ELlQlM0MlMkZsaSUzRSUwQSUzQyUyRnVsJTNF[\/vc_raw_html][\/vc_column][\/vc_row][vc_row css_animation=&#8221;&#8221; row_type=&#8221;row&#8221; use_row_as_full_screen_section=&#8221;no&#8221; type=&#8221;grid&#8221; angled_section=&#8221;no&#8221; text_align=&#8221;left&#8221; background_image_as_pattern=&#8221;without_pattern&#8221; background_color=&#8221;#e8e8e8&#8243; el_class=&#8221;section_title&#8221;][vc_column][vc_column_text]\n<h1>Herramientas anal\u00edticas VISUALCOUNTER para el sector Transporte P\u00fablico<\/h1>\n[\/vc_column_text][\/vc_column][\/vc_row][vc_row css_animation=&#8221;&#8221; row_type=&#8221;row&#8221; use_row_as_full_screen_section=&#8221;no&#8221; type=&#8221;full_width&#8221; angled_section=&#8221;no&#8221; text_align=&#8221;left&#8221; background_image_as_pattern=&#8221;without_pattern&#8221; background_color=&#8221;#e8e8e8&#8243; el_class=&#8221;PersonalSlider PersonalSlider2 PersonalSliderProductos&#8221;][vc_column][vc_row_inner row_type=&#8221;row&#8221; type=&#8221;full_width&#8221; text_align=&#8221;left&#8221; css_animation=&#8221;&#8221; el_class=&#8221;PersonalSlider-item2&#8243;][vc_column_inner width=&#8221;1\/2&#8243;][vc_single_image image=&#8221;2274&#8243; img_size=&#8221;full&#8221; qode_css_animation=&#8221;&#8221;][\/vc_column_inner][vc_column_inner width=&#8221;1\/2&#8243;][vc_column_text]\n<h3>VISUALCOUNTER.TRANSIT.DESK<\/h3>\n[\/vc_column_text][vc_column_text]Herramienta software de anal\u00edtica de informaci\u00f3n de afluencia y flujo (matriz origen-destino) de pasajeros por rutas, trayectos, paradas y puertas en veh\u00edculos de transporte p\u00fablico[\/vc_column_text]<a  itemprop=\"url\" href=\"http:\/\/www.visualcounter.com\/web\/soluciones\/vc-transit-desk\/\" target=\"_self\"  class=\"qbutton  small default\" style=\"\">VER M\u00c1S<\/a>[\/vc_column_inner][\/vc_row_inner][vc_raw_html el_class=&#8221;menu_productos&#8221;]JTNDdWwlM0UlMEElM0NsaSUyMGNsYXNzJTNEJTIybWVudS1zbGlkZS1hY3RpdmUlMjIlMjBpZCUzRCUyMm1lbnUtc2xpZGUxJTIyJTNFVkMuVFJBTlNJVC5ERVNLJTNDJTJGbGklM0UlMEElM0MlMkZ1bCUzRQ==[\/vc_raw_html][\/vc_column][\/vc_row][vc_row css_animation=&#8221;&#8221; row_type=&#8221;row&#8221; use_row_as_full_screen_section=&#8221;no&#8221; type=&#8221;grid&#8221; angled_section=&#8221;no&#8221; text_align=&#8221;left&#8221; background_image_as_pattern=&#8221;without_pattern&#8221; background_color=&#8221;#e8e8e8&#8243; el_class=&#8221;section_title&#8221;][vc_column][vc_column_text]\n<h1>Beneficios de las soluciones VISUALCOUNTER para el sector Transporte P\u00fablico<\/h1>\n[\/vc_column_text][\/vc_column][\/vc_row][vc_row css_animation=&#8221;&#8221; row_type=&#8221;row&#8221; use_row_as_full_screen_section=&#8221;no&#8221; type=&#8221;grid&#8221; angled_section=&#8221;no&#8221; text_align=&#8221;left&#8221; background_image_as_pattern=&#8221;without_pattern&#8221; background_color=&#8221;#e8e8e8&#8243; el_class=&#8221;section_iconos&#8221;][vc_column][vc_single_image image=&#8221;1044&#8243; img_size=&#8221;full&#8221; alignment=&#8221;center&#8221; qode_css_animation=&#8221;&#8221;][vc_column_text]\n<h3><strong>Optimizar costes de operativa y servicio<\/strong><\/h3>\n[\/vc_column_text][vc_column_text]Anal\u00edtica online e hist\u00f3rica del flujo de pasajeros en diferentes veh\u00edculos, rutas, paradas y puertas<br \/>\nGesti\u00f3n \u00f3ptima de las l\u00edneas, frecuencia de servicio,<br \/>\nn\u00famero de veh\u00edculos y su tama\u00f1o por intervalos horarios y d\u00edas de la semana<br \/>\nMedida del fraude por impagos a bordo<br \/>\nAnal\u00edtica del origen-destino de pasajeros y cruce de trayectorias-rutas<br \/>\nMedida del impacto de apertura\/cierre de l\u00edneas y eventos (espect\u00e1culos, ferias, obras)<br \/>\nAnal\u00edtica de ocupaci\u00f3n o carga de los veh\u00edculos por paradas en diferentes intervalos horarios y d\u00edas<br \/>\nGesti\u00f3n optima del marketing en cada parada y cada veh\u00edculo<br \/>\nMedida de la audiencia de canales de publicidad e impacto de promociones<br \/>\nInfluencia meteorol\u00f3gica[\/vc_column_text][\/vc_column][\/vc_row][vc_row css_animation=&#8221;&#8221; row_type=&#8221;row&#8221; use_row_as_full_screen_section=&#8221;no&#8221; type=&#8221;grid&#8221; angled_section=&#8221;no&#8221; text_align=&#8221;left&#8221; background_image_as_pattern=&#8221;without_pattern&#8221; background_color=&#8221;#e8e8e8&#8243; el_class=&#8221;section_title&#8221;][vc_column][vc_column_text]\n<h1>Experiencias VISUALCOUNTER en el sector Transporte P\u00fablico<\/h1>\n[\/vc_column_text][\/vc_column][\/vc_row][vc_row css_animation=&#8221;&#8221; row_type=&#8221;row&#8221; use_row_as_full_screen_section=&#8221;no&#8221; type=&#8221;grid&#8221; angled_section=&#8221;no&#8221; text_align=&#8221;left&#8221; background_image_as_pattern=&#8221;without_pattern&#8221; background_color=&#8221;#e8e8e8&#8243; el_class=&#8221;section_gallery&#8221;][vc_column]<div class='qode_image_gallery_no_space '><div class='qode_image_gallery_holder' style=''><ul  ><li  ><div style=\" width:1100px;\"><img decoding=\"async\" itemprop=\"image\" src=\"https:\/\/www.visualcounter.com\/web\/wp-content\/uploads\/2018\/10\/TMB.jpeg\" alt=\"\" \/><\/div><\/li><li  ><div style=\" width:1100px;\"><img decoding=\"async\" itemprop=\"image\" src=\"https:\/\/www.visualcounter.com\/web\/wp-content\/uploads\/2018\/10\/Sheffield-tren.jpg\" alt=\"\" \/><\/div><\/li><li  ><div style=\" width:1100px;\"><img decoding=\"async\" itemprop=\"image\" src=\"https:\/\/www.visualcounter.com\/web\/wp-content\/uploads\/2018\/10\/43801-TranviaZGZ_-_Tranvia-big.jpg\" alt=\"\" \/><\/div><\/li><li  ><div style=\" width:1100px;\"><img decoding=\"async\" itemprop=\"image\" src=\"https:\/\/www.visualcounter.com\/web\/wp-content\/uploads\/2018\/10\/Terrassa.jpg\" alt=\"\" \/><\/div><\/li><li  ><div style=\" width:1100px;\"><img decoding=\"async\" itemprop=\"image\" src=\"https:\/\/www.visualcounter.com\/web\/wp-content\/uploads\/2018\/10\/trolley-riad-3.jpg\" alt=\"\" \/><\/div><\/li><li  ><div style=\" width:1100px;\"><img decoding=\"async\" itemprop=\"image\" src=\"https:\/\/www.visualcounter.com\/web\/wp-content\/uploads\/2018\/10\/Barquisimeto.jpg\" alt=\"\" \/><\/div><\/li><\/ul><\/div><div class=\"controls\"><a class=\"prev-slide\" href=\"#\"><span><i class=\"fa fa-angle-left\"><\/i><\/span><\/a><a class=\"next-slide\" href=\"#\"><span><i class=\"fa fa-angle-right\"><\/i><\/span><\/a><\/div><\/div>[\/vc_column][\/vc_row][vc_row css_animation=&#8221;&#8221; row_type=&#8221;row&#8221; use_row_as_full_screen_section=&#8221;no&#8221; type=&#8221;full_width&#8221; angled_section=&#8221;no&#8221; text_align=&#8221;left&#8221; background_image_as_pattern=&#8221;without_pattern&#8221;][vc_column][vc_column_text][\/vc_column_text][\/vc_column][\/vc_row]\n","protected":false},"excerpt":{"rendered":"<p>[vc_row css_animation=&#8221;&#8221; row_type=&#8221;row&#8221; use_row_as_full_screen_section=&#8221;no&#8221; type=&#8221;grid&#8221; angled_section=&#8221;no&#8221; text_align=&#8221;left&#8221; background_image_as_pattern=&#8221;without_pattern&#8221; el_class=&#8221;menu_sectores&#8221;][vc_column][vc_widget_sidebar sidebar_id=&#8221;Menu Sectores&#8221;][\/vc_column][\/vc_row][vc_row css_animation=&#8221;&#8221; row_type=&#8221;row&#8221; use_row_as_full_screen_section=&#8221;no&#8221; type=&#8221;grid&#8221; angled_section=&#8221;no&#8221; text_align=&#8221;left&#8221; background_image_as_pattern=&#8221;without_pattern&#8221; el_class=&#8221;section_imagen_texto&#8221;][vc_column width=&#8221;1\/2&#8243;][vc_single_image image=&#8221;136&#8243; img_size=&#8221;full&#8221; qode_css_animation=&#8221;&#8221;][\/vc_column][vc_column width=&#8221;1\/2&#8243;][vc_column_text el_class=&#8221;section_imagen_texto-title&#8221;]Transporte P\u00fablico[\/vc_column_text][vc_column_text el_class=&#8221;section_imagen_texto-text&#8221;]VISUALCOUNTER ofrece una completa gama de soluciones en el sector \u2018Transporte P\u00fablico\u2019 que le permiten analizar la informaci\u00f3n de&#8230;<\/p>\n","protected":false},"author":1,"featured_media":0,"parent":82,"menu_order":0,"comment_status":"closed","ping_status":"closed","template":"full_width.php","meta":{"inline_featured_image":false,"_monsterinsights_skip_tracking":false,"_monsterinsights_sitenote_active":false,"_monsterinsights_sitenote_note":"","_monsterinsights_sitenote_category":0,"footnotes":""},"class_list":["post-174","page","type-page","status-publish","hentry"],"yoast_head":"<!-- This site is optimized with the Yoast SEO plugin v23.7 - https:\/\/yoast.com\/wordpress\/plugins\/seo\/ -->\n<title>Transporte p\u00fablico - Visual Counter<\/title>\n<meta name=\"robots\" content=\"index, follow, max-snippet:-1, max-image-preview:large, max-video-preview:-1\" \/>\n<link rel=\"canonical\" href=\"https:\/\/www.visualcounter.com\/web\/sectores\/transporte-publico\/\" \/>\n<meta property=\"og:locale\" content=\"es_ES\" \/>\n<meta property=\"og:type\" content=\"article\" \/>\n<meta property=\"og:title\" content=\"Transporte p\u00fablico - Visual Counter\" \/>\n<meta property=\"og:description\" content=\"[vc_row css_animation=&#8221;&#8221; row_type=&#8221;row&#8221; use_row_as_full_screen_section=&#8221;no&#8221; type=&#8221;grid&#8221; angled_section=&#8221;no&#8221; text_align=&#8221;left&#8221; background_image_as_pattern=&#8221;without_pattern&#8221; el_class=&#8221;menu_sectores&#8221;][vc_column][vc_widget_sidebar sidebar_id=&#8221;Menu Sectores&#8221;][\/vc_column][\/vc_row][vc_row css_animation=&#8221;&#8221; row_type=&#8221;row&#8221; use_row_as_full_screen_section=&#8221;no&#8221; type=&#8221;grid&#8221; angled_section=&#8221;no&#8221; text_align=&#8221;left&#8221; background_image_as_pattern=&#8221;without_pattern&#8221; el_class=&#8221;section_imagen_texto&#8221;][vc_column width=&#8221;1\/2&#8243;][vc_single_image image=&#8221;136&#8243; img_size=&#8221;full&#8221; qode_css_animation=&#8221;&#8221;][\/vc_column][vc_column width=&#8221;1\/2&#8243;][vc_column_text el_class=&#8221;section_imagen_texto-title&#8221;]Transporte P\u00fablico[\/vc_column_text][vc_column_text el_class=&#8221;section_imagen_texto-text&#8221;]VISUALCOUNTER ofrece una completa gama de soluciones en el sector \u2018Transporte P\u00fablico\u2019 que le permiten analizar la informaci\u00f3n de...\" \/>\n<meta property=\"og:url\" content=\"https:\/\/www.visualcounter.com\/web\/sectores\/transporte-publico\/\" \/>\n<meta property=\"og:site_name\" content=\"Visual Counter\" \/>\n<meta property=\"article:modified_time\" content=\"2021-04-08T09:20:00+00:00\" \/>\n<meta name=\"twitter:card\" content=\"summary_large_image\" \/>\n<meta name=\"twitter:label1\" content=\"Tiempo de lectura\" \/>\n\t<meta name=\"twitter:data1\" content=\"3 minutos\" \/>\n<script type=\"application\/ld+json\" class=\"yoast-schema-graph\">{\"@context\":\"https:\/\/schema.org\",\"@graph\":[{\"@type\":\"WebPage\",\"@id\":\"https:\/\/www.visualcounter.com\/web\/sectores\/transporte-publico\/\",\"url\":\"https:\/\/www.visualcounter.com\/web\/sectores\/transporte-publico\/\",\"name\":\"Transporte p\u00fablico - Visual Counter\",\"isPartOf\":{\"@id\":\"https:\/\/www.visualcounter.com\/web\/#website\"},\"datePublished\":\"2017-10-08T15:44:14+00:00\",\"dateModified\":\"2021-04-08T09:20:00+00:00\",\"breadcrumb\":{\"@id\":\"https:\/\/www.visualcounter.com\/web\/sectores\/transporte-publico\/#breadcrumb\"},\"inLanguage\":\"es\",\"potentialAction\":[{\"@type\":\"ReadAction\",\"target\":[\"https:\/\/www.visualcounter.com\/web\/sectores\/transporte-publico\/\"]}]},{\"@type\":\"BreadcrumbList\",\"@id\":\"https:\/\/www.visualcounter.com\/web\/sectores\/transporte-publico\/#breadcrumb\",\"itemListElement\":[{\"@type\":\"ListItem\",\"position\":1,\"name\":\"Portada\",\"item\":\"https:\/\/www.visualcounter.com\/web\/\"},{\"@type\":\"ListItem\",\"position\":2,\"name\":\"Sectores\",\"item\":\"https:\/\/www.visualcounter.com\/web\/sectores\/\"},{\"@type\":\"ListItem\",\"position\":3,\"name\":\"Transporte p\u00fablico\"}]},{\"@type\":\"WebSite\",\"@id\":\"https:\/\/www.visualcounter.com\/web\/#website\",\"url\":\"https:\/\/www.visualcounter.com\/web\/\",\"name\":\"Visual Counter\",\"description\":\"Soluciones para el conteo de personas \/ pasajeros y otras soluciones innovadoras para el sectores tan dispares como el Retail, Centros Comerciales, Supermercados, Banca, aeropuertos, etc\",\"potentialAction\":[{\"@type\":\"SearchAction\",\"target\":{\"@type\":\"EntryPoint\",\"urlTemplate\":\"https:\/\/www.visualcounter.com\/web\/?s={search_term_string}\"},\"query-input\":{\"@type\":\"PropertyValueSpecification\",\"valueRequired\":true,\"valueName\":\"search_term_string\"}}],\"inLanguage\":\"es\"}]}<\/script>\n<!-- \/ Yoast SEO plugin. -->","yoast_head_json":{"title":"Transporte p\u00fablico - Visual Counter","robots":{"index":"index","follow":"follow","max-snippet":"max-snippet:-1","max-image-preview":"max-image-preview:large","max-video-preview":"max-video-preview:-1"},"canonical":"https:\/\/www.visualcounter.com\/web\/sectores\/transporte-publico\/","og_locale":"es_ES","og_type":"article","og_title":"Transporte p\u00fablico - Visual Counter","og_description":"[vc_row css_animation=&#8221;&#8221; row_type=&#8221;row&#8221; use_row_as_full_screen_section=&#8221;no&#8221; type=&#8221;grid&#8221; angled_section=&#8221;no&#8221; text_align=&#8221;left&#8221; background_image_as_pattern=&#8221;without_pattern&#8221; el_class=&#8221;menu_sectores&#8221;][vc_column][vc_widget_sidebar sidebar_id=&#8221;Menu Sectores&#8221;][\/vc_column][\/vc_row][vc_row css_animation=&#8221;&#8221; row_type=&#8221;row&#8221; use_row_as_full_screen_section=&#8221;no&#8221; type=&#8221;grid&#8221; angled_section=&#8221;no&#8221; text_align=&#8221;left&#8221; background_image_as_pattern=&#8221;without_pattern&#8221; el_class=&#8221;section_imagen_texto&#8221;][vc_column width=&#8221;1\/2&#8243;][vc_single_image image=&#8221;136&#8243; img_size=&#8221;full&#8221; qode_css_animation=&#8221;&#8221;][\/vc_column][vc_column width=&#8221;1\/2&#8243;][vc_column_text el_class=&#8221;section_imagen_texto-title&#8221;]Transporte P\u00fablico[\/vc_column_text][vc_column_text el_class=&#8221;section_imagen_texto-text&#8221;]VISUALCOUNTER ofrece una completa gama de soluciones en el sector \u2018Transporte P\u00fablico\u2019 que le permiten analizar la informaci\u00f3n de...","og_url":"https:\/\/www.visualcounter.com\/web\/sectores\/transporte-publico\/","og_site_name":"Visual Counter","article_modified_time":"2021-04-08T09:20:00+00:00","twitter_card":"summary_large_image","twitter_misc":{"Tiempo de lectura":"3 minutos"},"schema":{"@context":"https:\/\/schema.org","@graph":[{"@type":"WebPage","@id":"https:\/\/www.visualcounter.com\/web\/sectores\/transporte-publico\/","url":"https:\/\/www.visualcounter.com\/web\/sectores\/transporte-publico\/","name":"Transporte p\u00fablico - Visual Counter","isPartOf":{"@id":"https:\/\/www.visualcounter.com\/web\/#website"},"datePublished":"2017-10-08T15:44:14+00:00","dateModified":"2021-04-08T09:20:00+00:00","breadcrumb":{"@id":"https:\/\/www.visualcounter.com\/web\/sectores\/transporte-publico\/#breadcrumb"},"inLanguage":"es","potentialAction":[{"@type":"ReadAction","target":["https:\/\/www.visualcounter.com\/web\/sectores\/transporte-publico\/"]}]},{"@type":"BreadcrumbList","@id":"https:\/\/www.visualcounter.com\/web\/sectores\/transporte-publico\/#breadcrumb","itemListElement":[{"@type":"ListItem","position":1,"name":"Portada","item":"https:\/\/www.visualcounter.com\/web\/"},{"@type":"ListItem","position":2,"name":"Sectores","item":"https:\/\/www.visualcounter.com\/web\/sectores\/"},{"@type":"ListItem","position":3,"name":"Transporte p\u00fablico"}]},{"@type":"WebSite","@id":"https:\/\/www.visualcounter.com\/web\/#website","url":"https:\/\/www.visualcounter.com\/web\/","name":"Visual Counter","description":"Soluciones para el conteo de personas \/ pasajeros y otras soluciones innovadoras para el sectores tan dispares como el Retail, Centros Comerciales, Supermercados, Banca, aeropuertos, etc","potentialAction":[{"@type":"SearchAction","target":{"@type":"EntryPoint","urlTemplate":"https:\/\/www.visualcounter.com\/web\/?s={search_term_string}"},"query-input":{"@type":"PropertyValueSpecification","valueRequired":true,"valueName":"search_term_string"}}],"inLanguage":"es"}]}},"_links":{"self":[{"href":"https:\/\/www.visualcounter.com\/web\/wp-json\/wp\/v2\/pages\/174"}],"collection":[{"href":"https:\/\/www.visualcounter.com\/web\/wp-json\/wp\/v2\/pages"}],"about":[{"href":"https:\/\/www.visualcounter.com\/web\/wp-json\/wp\/v2\/types\/page"}],"author":[{"embeddable":true,"href":"https:\/\/www.visualcounter.com\/web\/wp-json\/wp\/v2\/users\/1"}],"replies":[{"embeddable":true,"href":"https:\/\/www.visualcounter.com\/web\/wp-json\/wp\/v2\/comments?post=174"}],"version-history":[{"count":31,"href":"https:\/\/www.visualcounter.com\/web\/wp-json\/wp\/v2\/pages\/174\/revisions"}],"predecessor-version":[{"id":1177,"href":"https:\/\/www.visualcounter.com\/web\/wp-json\/wp\/v2\/pages\/174\/revisions\/1177"}],"up":[{"embeddable":true,"href":"https:\/\/www.visualcounter.com\/web\/wp-json\/wp\/v2\/pages\/82"}],"wp:attachment":[{"href":"https:\/\/www.visualcounter.com\/web\/wp-json\/wp\/v2\/media?parent=174"}],"curies":[{"name":"wp","href":"https:\/\/api.w.org\/{rel}","templated":true}]}}